{"id":6843,"date":"2026-02-03T15:49:08","date_gmt":"2026-02-03T15:49:08","guid":{"rendered":"https:\/\/orthodontiststudiocity.com\/invisalign-virtual-care-ai\/"},"modified":"2026-02-03T15:54:12","modified_gmt":"2026-02-03T15:54:12","slug":"invisalign-virtual-care-ai","status":"publish","type":"page","link":"https:\/\/orthodontiststudiocity.com\/es\/invisalign-virtual-care-ai\/","title":{"rendered":"Invisalign\u00ae Virtual Care AI"},"content":{"rendered":"\t\t<div data-elementor-type=\"wp-page\" data-elementor-id=\"6843\" class=\"elementor elementor-6843 elementor-6831\" data-elementor-post-type=\"page\">\n\t\t\t\t<div data-particle_enable=\"false\" data-particle-mobile-disabled=\"false\" class=\"elementor-element elementor-element-646e3ee e-flex e-con-boxed e-con e-parent\" data-id=\"646e3ee\" data-element_type=\"container\" data-e-type=\"container\">\n\t\t\t\t\t<div class=\"e-con-inner\">\n\t\t\t\t<div class=\"elementor-element elementor-element-18c9d09 elementor-widget elementor-widget-heading\" data-id=\"18c9d09\" data-element_type=\"widget\" data-e-type=\"widget\" data-widget_type=\"heading.default\">\n\t\t\t\t<div class=\"elementor-widget-container\">\n\t\t\t\t\t<h1 class=\"elementor-heading-title elementor-size-default\">Invisalign\u00ae Virtual Care AI<\/h1>\t\t\t\t<\/div>\n\t\t\t\t<\/div>\n\t\t\t\t<div class=\"elementor-element elementor-element-f0f31aa elementor-widget elementor-widget-text-editor\" data-id=\"f0f31aa\" data-element_type=\"widget\" data-e-type=\"widget\" data-widget_type=\"text-editor.default\">\n\t\t\t\t<div class=\"elementor-widget-container\">\n\t\t\t\t\t\t\t\t\t<p>En Orthodontist Studio City, utilizamos <em data-start=\"831\" data-end=\"860\">Invisalign\u00ae Virtual Care AI<\/em>, una soluci\u00f3n avanzada de monitorizaci\u00f3n digital que le ayuda a mantenerse conectado con el progreso de su tratamiento entre las visitas al consultorio. Esta tecnolog\u00eda le permite compartir fotos del progreso a trav\u00e9s de la aplicaci\u00f3n <em data-start=\"1047\" data-end=\"1062\">My Invisalign<\/em>, y nuestro equipo puede revisar de forma remota sus movimientos, proporcionar comentarios y realizar un seguimiento de su tratamiento Invisalign con precisi\u00f3n y comodidad. Invisalign Virtual Care AI forma parte de la plataforma digital Align y est\u00e1 dise\u00f1ado para mejorar la comunicaci\u00f3n, simplificar la monitorizaci\u00f3n y hacer que su camino hacia la sonrisa sea m\u00e1s f\u00e1cil.  <\/p><p>Usar Virtual Care AI es sencillo: usted env\u00eda fotos de sus dientes a intervalos recomendados desde la comodidad de su hogar, y nuestros ortodoncistas las revisan a trav\u00e9s de una plataforma segura. Impulsada por la inteligencia artificial, esta tecnolog\u00eda ayuda a evaluar el movimiento de sus dientes y a realizar un seguimiento del progreso sin necesidad de tantas revisiones en el consultorio. Eso significa menos visitas, m\u00e1s comodidad y un di\u00e1logo continuo con su proveedor para que su tratamiento Invisalign se mantenga en el buen camino.  <\/p>\t\t\t\t\t\t\t\t<\/div>\n\t\t\t\t<\/div>\n\t\t\t\t\t<\/div>\n\t\t\t\t<\/div>\n\t\t<div data-particle_enable=\"false\" data-particle-mobile-disabled=\"false\" class=\"elementor-element elementor-element-670b01b e-flex e-con-boxed e-con e-parent\" data-id=\"670b01b\" data-element_type=\"container\" data-e-type=\"container\">\n\t\t\t\t\t<div class=\"e-con-inner\">\n\t\t\t\t<div class=\"elementor-element elementor-element-38f293c elementor-widget elementor-widget-image\" data-id=\"38f293c\" data-element_type=\"widget\" data-e-type=\"widget\" data-widget_type=\"image.default\">\n\t\t\t\t<div class=\"elementor-widget-container\">\n\t\t\t\t\t\t\t\t\t\t\t\t\t\t\t<img fetchpriority=\"high\" decoding=\"async\" width=\"666\" height=\"660\" src=\"https:\/\/orthodontiststudiocity.com\/wp-content\/uploads\/2026\/02\/hero-women-holding-phone.png\" class=\"attachment-full size-full wp-image-6844\" alt=\"\" srcset=\"https:\/\/orthodontiststudiocity.com\/wp-content\/uploads\/2026\/02\/hero-women-holding-phone.png 666w, https:\/\/orthodontiststudiocity.com\/wp-content\/uploads\/2026\/02\/hero-women-holding-phone-300x297.png 300w, https:\/\/orthodontiststudiocity.com\/wp-content\/uploads\/2026\/02\/hero-women-holding-phone-150x150.png 150w\" sizes=\"(max-width: 666px) 100vw, 666px\" \/>\t\t\t\t\t\t\t\t\t\t\t\t\t\t\t<\/div>\n\t\t\t\t<\/div>\n\t\t\t\t<div class=\"elementor-element elementor-element-a010b0f elementor-widget elementor-widget-text-editor\" data-id=\"a010b0f\" data-element_type=\"widget\" data-e-type=\"widget\" data-widget_type=\"text-editor.default\">\n\t\t\t\t<div class=\"elementor-widget-container\">\n\t\t\t\t\t\t\t\t\t<h3 data-start=\"1972\" data-end=\"2022\"><strong data-start=\"1976\" data-end=\"2020\">\u00bfQu\u00e9 es Invisalign\u00ae Virtual Care AI?<\/strong><\/h3><p data-start=\"2023\" data-end=\"2297\">R: Es una herramienta de monitorizaci\u00f3n remota asistida por IA que le permite enviar fotos del progreso desde su aplicaci\u00f3n My Invisalign a su ortodoncista entre citas. El sistema ayuda a realizar un seguimiento de su tratamiento con alineadores y proporciona informaci\u00f3n sobre su progreso. <\/p><hr data-start=\"2299\" data-end=\"2302\"><h3 data-start=\"2304\" data-end=\"2359\"><strong data-start=\"2308\" data-end=\"2357\">\u00bfC\u00f3mo funciona la monitorizaci\u00f3n asistida por IA?<\/strong><\/h3><p data-start=\"2360\" data-end=\"2609\">R: Usted toma fotos de su sonrisa seg\u00fan las indicaciones de su ortodoncista y las sube a trav\u00e9s de la aplicaci\u00f3n My Invisalign. La IA ayuda a resaltar los cambios y notifica tanto a usted como a su m\u00e9dico sobre el progreso de su tratamiento. <\/p><hr data-start=\"2611\" data-end=\"2614\"><h3 data-start=\"2616\" data-end=\"2663\"><strong data-start=\"2620\" data-end=\"2661\">\u00bfTodav\u00eda necesito visitas al consultorio?<\/strong><\/h3><p data-start=\"2664\" data-end=\"2911\">R: S\u00ed, Virtual Care AI complementa las revisiones peri\u00f3dicas, no las sustituye. Usted sigue visitando el consultorio seg\u00fan lo programado, pero Virtual Care AI ayuda a reducir los viajes innecesarios y nos mantiene informados entre las visitas. <\/p><hr data-start=\"2913\" data-end=\"2916\"><h3 data-start=\"2918\" data-end=\"2986\"><strong data-start=\"2922\" data-end=\"2984\">\u00bfVirtual Care AI est\u00e1 incluido con el tratamiento Invisalign?<\/strong><\/h3><p data-start=\"2987\" data-end=\"3180\">R: S\u00ed. Esta plataforma de monitorizaci\u00f3n remota funciona con su tratamiento Invisalign y est\u00e1 disponible como parte de la plataforma digital Align para pacientes de Invisalign. <\/p><hr data-start=\"3182\" data-end=\"3185\"><h3 data-start=\"3187\" data-end=\"3245\"><strong data-start=\"3191\" data-end=\"3243\">\u00bfC\u00f3mo ayuda esto a mi experiencia con Invisalign?<\/strong><\/h3><p data-start=\"3246\" data-end=\"3481\">R: Virtual Care AI hace que su tratamiento sea m\u00e1s c\u00f3modo al permitir las revisiones de progreso desde casa, acelerar la retroalimentaci\u00f3n, mejorar la comunicaci\u00f3n y ayudar a asegurar que su viaje de ortodoncia se mantenga en el camino correcto.<\/p>\t\t\t\t\t\t\t\t<\/div>\n\t\t\t\t<\/div>\n\t\t\t\t\t<\/div>\n\t\t\t\t<\/div>\n\t\t\t\t<\/div>\n\t\t","protected":false},"excerpt":{"rendered":"<p>Invisalign\u00ae Virtual Care AI En Orthodontist Studio City, utilizamos Invisalign\u00ae Virtual Care AI, una soluci\u00f3n avanzada de monitorizaci\u00f3n digital que le ayuda a mantenerse conectado con el progreso de su tratamiento entre las visitas al consultorio. Esta tecnolog\u00eda le permite compartir fotos del progreso a trav\u00e9s de la aplicaci\u00f3n My Invisalign, y nuestro equipo puede revisar de forma [&hellip;]<\/p>\n","protected":false},"author":1,"featured_media":0,"parent":0,"menu_order":1,"comment_status":"closed","ping_status":"closed","template":"","meta":{"_seopress_robots_primary_cat":"","_seopress_titles_title":"Invisalign Virtual Care AI | Monitorizaci\u00f3n remota del tratamiento | Studio City","_seopress_titles_desc":"Mant\u00e9ngase al d\u00eda con su tratamiento Invisalign\u00ae desde casa utilizando Invisalign Virtual Care AI. Esta avanzada herramienta de monitorizaci\u00f3n remota asistida por IA mantiene su progreso conectado con su ortodoncista en Studio City. ","_seopress_robots_index":"","footnotes":""},"class_list":["post-6843","page","type-page","status-publish"],"_links":{"self":[{"href":"https:\/\/orthodontiststudiocity.com\/es\/wp-json\/wp\/v2\/pages\/6843","targetHints":{"allow":["GET"]}}],"collection":[{"href":"https:\/\/orthodontiststudiocity.com\/es\/wp-json\/wp\/v2\/pages"}],"about":[{"href":"https:\/\/orthodontiststudiocity.com\/es\/wp-json\/wp\/v2\/types\/page"}],"author":[{"embeddable":true,"href":"https:\/\/orthodontiststudiocity.com\/es\/wp-json\/wp\/v2\/users\/1"}],"replies":[{"embeddable":true,"href":"https:\/\/orthodontiststudiocity.com\/es\/wp-json\/wp\/v2\/comments?post=6843"}],"version-history":[{"count":1,"href":"https:\/\/orthodontiststudiocity.com\/es\/wp-json\/wp\/v2\/pages\/6843\/revisions"}],"predecessor-version":[{"id":6845,"href":"https:\/\/orthodontiststudiocity.com\/es\/wp-json\/wp\/v2\/pages\/6843\/revisions\/6845"}],"wp:attachment":[{"href":"https:\/\/orthodontiststudiocity.com\/es\/wp-json\/wp\/v2\/media?parent=6843"}],"curies":[{"name":"wp","href":"https:\/\/api.w.org\/{rel}","templated":true}]}}