{"id":6832,"date":"2026-02-03T15:43:39","date_gmt":"2026-02-03T15:43:39","guid":{"rendered":"https:\/\/orthodontiststudiocity.com\/ortodoncia-acelerada-con-orthopulse\/"},"modified":"2026-02-03T15:48:48","modified_gmt":"2026-02-03T15:48:48","slug":"ortodoncia-acelerada-con-orthopulse","status":"publish","type":"page","link":"https:\/\/orthodontiststudiocity.com\/es\/ortodoncia-acelerada-con-orthopulse\/","title":{"rendered":"Ortodoncia acelerada con OrthoPulse"},"content":{"rendered":"\t\t<div data-elementor-type=\"wp-page\" data-elementor-id=\"6832\" class=\"elementor elementor-6832 elementor-6824\" data-elementor-post-type=\"page\">\n\t\t\t\t<div data-particle_enable=\"false\" data-particle-mobile-disabled=\"false\" class=\"elementor-element elementor-element-14790d2 e-flex e-con-boxed e-con e-parent\" data-id=\"14790d2\" data-element_type=\"container\" data-e-type=\"container\">\n\t\t\t\t\t<div class=\"e-con-inner\">\n\t\t\t\t<div class=\"elementor-element elementor-element-d540145 elementor-widget elementor-widget-heading\" data-id=\"d540145\" data-element_type=\"widget\" data-e-type=\"widget\" data-widget_type=\"heading.default\">\n\t\t\t\t<div class=\"elementor-widget-container\">\n\t\t\t\t\t<h1 class=\"elementor-heading-title elementor-size-default\">Ortodoncia acelerada con OrthoPulse<\/h1>\t\t\t\t<\/div>\n\t\t\t\t<\/div>\n\t\t\t\t<div class=\"elementor-element elementor-element-0bddc1a elementor-widget elementor-widget-text-editor\" data-id=\"0bddc1a\" data-element_type=\"widget\" data-e-type=\"widget\" data-widget_type=\"text-editor.default\">\n\t\t\t\t<div class=\"elementor-widget-container\">\n\t\t\t\t\t\t\t\t\t<p>En Orthodontist Studio City, ofrecemos OrthoPulse\u00ae, una tecnolog\u00eda de aceleraci\u00f3n ortod\u00f3ncica de vanguardia dise\u00f1ada para ayudarle a lograr la sonrisa de sus sue\u00f1os de forma m\u00e1s r\u00e1pida y c\u00f3moda. OrthoPulse\u00ae es un dispositivo aprobado por la FDA que utiliza una suave luz infrarroja cercana para estimular el hueso y los tejidos que rodean los dientes, mejorando el proceso biol\u00f3gico natural que los mueve a su lugar. Este enfoque basado en la luz funciona junto con sus brackets o alineadores transparentes para favorecer el movimiento eficiente de los dientes con solo una breve sesi\u00f3n diaria.  <\/p>\t\t\t\t\t\t\t\t<\/div>\n\t\t\t\t<\/div>\n\t\t\t\t\t<\/div>\n\t\t\t\t<\/div>\n\t\t<div data-particle_enable=\"false\" data-particle-mobile-disabled=\"false\" class=\"elementor-element elementor-element-3a943a3 e-flex e-con-boxed e-con e-parent\" data-id=\"3a943a3\" data-element_type=\"container\" data-e-type=\"container\">\n\t\t\t\t\t<div class=\"e-con-inner\">\n\t\t<div data-particle_enable=\"false\" data-particle-mobile-disabled=\"false\" class=\"elementor-element elementor-element-cf18fd9 e-con-full e-flex e-con e-child\" data-id=\"cf18fd9\" data-element_type=\"container\" data-e-type=\"container\">\n\t\t\t\t<div class=\"elementor-element elementor-element-e74dfc9 elementor-widget elementor-widget-text-editor\" data-id=\"e74dfc9\" data-element_type=\"widget\" data-e-type=\"widget\" data-widget_type=\"text-editor.default\">\n\t\t\t\t<div class=\"elementor-widget-container\">\n\t\t\t\t\t\t\t\t\t<p>Usar OrthoPulse\u00ae es sencillo y c\u00f3modo: utilizar\u00e1 el dispositivo durante unos 10 minutos al d\u00eda como parte de su rutina de ortodoncia. Debido a que fomenta un movimiento dental m\u00e1s r\u00e1pido y predecible, muchos pacientes experimentan tiempos de tratamiento generales m\u00e1s cortos y una mayor comodidad. OrthoPulse\u00ae es seguro, eficaz y est\u00e1 dise\u00f1ado para integrarse f\u00e1cilmente en su estilo de vida, lo que lo convierte en una excelente adici\u00f3n a su camino hacia una sonrisa sana y segura.  <\/p>\t\t\t\t\t\t\t\t<\/div>\n\t\t\t\t<\/div>\n\t\t\t\t<\/div>\n\t\t<div data-particle_enable=\"false\" data-particle-mobile-disabled=\"false\" class=\"elementor-element elementor-element-7ebafec e-con-full e-flex e-con e-child\" data-id=\"7ebafec\" data-element_type=\"container\" data-e-type=\"container\">\n\t\t\t\t<div class=\"elementor-element elementor-element-b53ed56 elementor-widget elementor-widget-image\" data-id=\"b53ed56\" data-element_type=\"widget\" data-e-type=\"widget\" data-widget_type=\"image.default\">\n\t\t\t\t<div class=\"elementor-widget-container\">\n\t\t\t\t\t\t\t\t\t\t\t\t\t\t\t<img fetchpriority=\"high\" decoding=\"async\" width=\"640\" height=\"483\" src=\"https:\/\/orthodontiststudiocity.com\/wp-content\/uploads\/2026\/02\/640x0.webp\" class=\"attachment-full size-full wp-image-6833\" alt=\"\" srcset=\"https:\/\/orthodontiststudiocity.com\/wp-content\/uploads\/2026\/02\/640x0.webp 640w, https:\/\/orthodontiststudiocity.com\/wp-content\/uploads\/2026\/02\/640x0-300x226.webp 300w\" sizes=\"(max-width: 640px) 100vw, 640px\" \/>\t\t\t\t\t\t\t\t\t\t\t\t\t\t\t<\/div>\n\t\t\t\t<\/div>\n\t\t\t\t<\/div>\n\t\t\t\t\t<\/div>\n\t\t\t\t<\/div>\n\t\t<div data-particle_enable=\"false\" data-particle-mobile-disabled=\"false\" class=\"elementor-element elementor-element-90b9363 e-flex e-con-boxed e-con e-parent\" data-id=\"90b9363\" data-element_type=\"container\" data-e-type=\"container\">\n\t\t\t\t\t<div class=\"e-con-inner\">\n\t\t\t\t<div class=\"elementor-element elementor-element-a4d667d elementor-widget elementor-widget-image\" data-id=\"a4d667d\" data-element_type=\"widget\" data-e-type=\"widget\" data-widget_type=\"image.default\">\n\t\t\t\t<div class=\"elementor-widget-container\">\n\t\t\t\t\t\t\t\t\t\t\t\t\t\t\t<img decoding=\"async\" width=\"640\" height=\"438\" src=\"https:\/\/orthodontiststudiocity.com\/wp-content\/uploads\/2026\/02\/640x0-1.webp\" class=\"attachment-full size-full wp-image-6834\" alt=\"\" srcset=\"https:\/\/orthodontiststudiocity.com\/wp-content\/uploads\/2026\/02\/640x0-1.webp 640w, https:\/\/orthodontiststudiocity.com\/wp-content\/uploads\/2026\/02\/640x0-1-300x205.webp 300w\" sizes=\"(max-width: 640px) 100vw, 640px\" \/>\t\t\t\t\t\t\t\t\t\t\t\t\t\t\t<\/div>\n\t\t\t\t<\/div>\n\t\t\t\t<div class=\"elementor-element elementor-element-1f81907 elementor-widget elementor-widget-text-editor\" data-id=\"1f81907\" data-element_type=\"widget\" data-e-type=\"widget\" data-widget_type=\"text-editor.default\">\n\t\t\t\t<div class=\"elementor-widget-container\">\n\t\t\t\t\t\t\t\t\t<h3 data-start=\"1746\" data-end=\"1778\">\u00bfQu\u00e9 es OrthoPulse\u00ae?<\/h3><p data-start=\"1779\" data-end=\"2087\">OrthoPulse\u00ae es un dispositivo basado en la luz, aprobado por la FDA, que ayuda a acelerar el proceso natural de movimiento de los dientes cuando se utiliza con brackets o alineadores transparentes. Utiliza luz infrarroja cercana para estimular suavemente los tejidos que rodean los dientes y ayudarles a moverse de forma m\u00e1s eficiente. <\/p><hr data-start=\"2089\" data-end=\"2092\"><h3 data-start=\"2094\" data-end=\"2132\">\u00bfC\u00f3mo funciona OrthoPulse\u00ae?<\/h3><p data-start=\"2133\" data-end=\"2461\">OrthoPulse\u00ae emite una luz infrarroja cercana segura que penetra en las enc\u00edas y el hueso que rodean los dientes. Esta energ\u00eda apoya la actividad celular y la remodelaci\u00f3n \u00f3sea, lo que permite que sus dientes se muevan de forma m\u00e1s predecible con brackets o alineadores y ayuda a que el progreso de su tratamiento sea m\u00e1s eficiente. <\/p><hr data-start=\"2463\" data-end=\"2466\"><h3 data-start=\"2468\" data-end=\"2511\">\u00bfCon qu\u00e9 frecuencia debo usar OrthoPulse\u00ae?<\/h3><p data-start=\"2512\" data-end=\"2759\">Utilizar\u00e1 OrthoPulse\u00ae durante unos 10 minutos al d\u00eda, aproximadamente cinco minutos en los dientes superiores y cinco minutos en los dientes inferiores. Est\u00e1 dise\u00f1ado para ser r\u00e1pido y f\u00e1cil, de modo que se adapte a su rutina diaria. <\/p><hr data-start=\"2761\" data-end=\"2764\"><h3 data-start=\"2766\" data-end=\"2820\">\u00bfReducir\u00e1 OrthoPulse\u00ae mi tiempo de tratamiento?<\/h3><p data-start=\"2821\" data-end=\"3089\">Muchos pacientes experimentan un progreso m\u00e1s r\u00e1pido en el tratamiento cuando utilizan OrthoPulse\u00ae como parte de su atenci\u00f3n ortod\u00f3ncica. Al fomentar un movimiento dental m\u00e1s eficiente, puede ayudar a acortar el tiempo total que pasa con brackets o alineadores. <\/p><hr data-start=\"3091\" data-end=\"3094\"><h3 data-start=\"3096\" data-end=\"3144\">\u00bfEs OrthoPulse\u00ae c\u00f3modo y seguro?<\/h3><p data-start=\"3145\" data-end=\"3428\">S\u00ed. OrthoPulse\u00ae es seguro, suave y f\u00e1cil de usar. Est\u00e1 aprobado por la FDA y respaldado por d\u00e9cadas de investigaci\u00f3n cl\u00ednica sobre la terapia de luz infrarroja cercana. La mayor\u00eda de los pacientes lo encuentran c\u00f3modo y conveniente, sin a\u00f1adir dolor a su rutina de tratamiento.   <\/p>\t\t\t\t\t\t\t\t<\/div>\n\t\t\t\t<\/div>\n\t\t\t\t\t<\/div>\n\t\t\t\t<\/div>\n\t\t\t\t<\/div>\n\t\t","protected":false},"excerpt":{"rendered":"<p>Ortodoncia acelerada con OrthoPulse En Orthodontist Studio City, ofrecemos OrthoPulse\u00ae, una tecnolog\u00eda de aceleraci\u00f3n ortod\u00f3ncica de vanguardia dise\u00f1ada para ayudarle a lograr la sonrisa de sus sue\u00f1os de forma m\u00e1s r\u00e1pida y c\u00f3moda. OrthoPulse\u00ae es un dispositivo aprobado por la FDA que utiliza una suave luz infrarroja cercana para estimular el hueso y los tejidos que rodean los [&hellip;]<\/p>\n","protected":false},"author":1,"featured_media":0,"parent":0,"menu_order":3,"comment_status":"closed","ping_status":"closed","template":"","meta":{"_seopress_robots_primary_cat":"","_seopress_titles_title":"Ortodoncia acelerada con OrthoPulse | Sonrisas m\u00e1s r\u00e1pidas y c\u00f3modas","_seopress_titles_desc":"Experimente un tratamiento de ortodoncia m\u00e1s r\u00e1pido con OrthoPulse\u00ae cerca de usted en Studio City. Esta tecnolog\u00eda basada en la luz, aprobada por la FDA, ayuda a que los dientes se muevan de manera m\u00e1s eficiente con brackets o Invisalign en solo unos minutos al d\u00eda. ","_seopress_robots_index":"","footnotes":""},"class_list":["post-6832","page","type-page","status-publish"],"_links":{"self":[{"href":"https:\/\/orthodontiststudiocity.com\/es\/wp-json\/wp\/v2\/pages\/6832","targetHints":{"allow":["GET"]}}],"collection":[{"href":"https:\/\/orthodontiststudiocity.com\/es\/wp-json\/wp\/v2\/pages"}],"about":[{"href":"https:\/\/orthodontiststudiocity.com\/es\/wp-json\/wp\/v2\/types\/page"}],"author":[{"embeddable":true,"href":"https:\/\/orthodontiststudiocity.com\/es\/wp-json\/wp\/v2\/users\/1"}],"replies":[{"embeddable":true,"href":"https:\/\/orthodontiststudiocity.com\/es\/wp-json\/wp\/v2\/comments?post=6832"}],"version-history":[{"count":1,"href":"https:\/\/orthodontiststudiocity.com\/es\/wp-json\/wp\/v2\/pages\/6832\/revisions"}],"predecessor-version":[{"id":6835,"href":"https:\/\/orthodontiststudiocity.com\/es\/wp-json\/wp\/v2\/pages\/6832\/revisions\/6835"}],"wp:attachment":[{"href":"https:\/\/orthodontiststudiocity.com\/es\/wp-json\/wp\/v2\/media?parent=6832"}],"curies":[{"name":"wp","href":"https:\/\/api.w.org\/{rel}","templated":true}]}}