{"id":6438,"date":"2017-02-06T01:28:28","date_gmt":"2017-02-06T01:28:28","guid":{"rendered":"https:\/\/orthodontiststudiocity.com\/por-que-elegirnos\/"},"modified":"2025-10-09T00:29:07","modified_gmt":"2025-10-09T00:29:07","slug":"por-que-elegirnos","status":"publish","type":"page","link":"https:\/\/orthodontiststudiocity.com\/es\/por-que-elegirnos\/","title":{"rendered":"\u00bfPor qu\u00e9 elegirnos?"},"content":{"rendered":"\t\t<div data-elementor-type=\"wp-page\" data-elementor-id=\"6438\" class=\"elementor elementor-6438 elementor-24\" data-elementor-post-type=\"page\">\n\t\t\t\t<div data-particle_enable=\"false\" data-particle-mobile-disabled=\"false\" class=\"elementor-element elementor-element-791d75b e-con-full e-flex e-con e-child\" data-id=\"791d75b\" data-element_type=\"container\" data-e-type=\"container\">\n\t\t\t\t<div class=\"elementor-element elementor-element-8a9fc24 elementor-widget__width-inherit elementor-widget elementor-widget-heading\" data-id=\"8a9fc24\" data-element_type=\"widget\" data-e-type=\"widget\" data-widget_type=\"heading.default\">\n\t\t\t\t<div class=\"elementor-widget-container\">\n\t\t\t\t\t<h1 class=\"elementor-heading-title elementor-size-default\">\u00bfPor qu\u00e9 elegir Studio City Orthodontist?<\/h1>\t\t\t\t<\/div>\n\t\t\t\t<\/div>\n\t\t\t\t<\/div>\n\t\t\t\t<section data-particle_enable=\"false\" data-particle-mobile-disabled=\"false\" class=\"elementor-section elementor-top-section elementor-element elementor-element-37e162d6 elementor-section-boxed elementor-section-height-default elementor-section-height-default\" data-id=\"37e162d6\" data-element_type=\"section\" data-e-type=\"section\">\n\t\t\t\t\t\t<div class=\"elementor-container elementor-column-gap-default\">\n\t\t\t\t\t<div class=\"elementor-column elementor-col-100 elementor-top-column elementor-element elementor-element-58cc2876\" data-id=\"58cc2876\" data-element_type=\"column\" data-e-type=\"column\">\n\t\t\t<div class=\"elementor-widget-wrap elementor-element-populated\">\n\t\t\t\t\t\t<div class=\"elementor-element elementor-element-e25e4b5 elementor-widget elementor-widget-text-editor\" data-id=\"e25e4b5\" data-element_type=\"widget\" data-e-type=\"widget\" data-widget_type=\"text-editor.default\">\n\t\t\t\t<div class=\"elementor-widget-container\">\n\t\t\t\t\t\t\t\t\t<p data-start=\"390\" data-end=\"746\">En Studio City Orthodontist, nuestra misi\u00f3n es ayudar a cada paciente a lograr una sonrisa sana y segura que dure toda la vida. Combinamos t\u00e9cnicas de ortodoncia avanzadas con un ambiente acogedor y atenci\u00f3n personalizada, haciendo del tratamiento una experiencia positiva para <g id=\"gid_0\">ni\u00f1os<\/g>, <g id=\"gid_1\">adolescentes<\/g> y <g id=\"gid_2\">adultos<\/g> por igual. Estas son las cuatro razones principales por las que las familias de Studio City nos eligen.  <\/p><h2 data-start=\"753\" data-end=\"809\">1. Consultas gratuitas y financiaci\u00f3n flexible<\/h2><p data-start=\"810\" data-end=\"1139\">Comenzar con la atenci\u00f3n de ortodoncia nunca ha sido tan f\u00e1cil. Ofrecemos ex\u00e1menes iniciales gratuitos para que pueda explorar sus opciones de tratamiento sin ninguna obligaci\u00f3n ni recomendaci\u00f3n. Durante esta <a href=\"https:\/\/orthodontiststudiocity.com\/es\/primera-visita\/\">primera visita<\/a>, nos tomaremos el tiempo para explicarle sus opciones, responder a sus preguntas y esbozar un plan personalizado que se ajuste a sus necesidades.  <\/p><p data-start=\"1141\" data-end=\"1456\">Tambi\u00e9n creemos que una sonrisa hermosa debe estar al alcance de todas las familias. Es por eso que ofrecemos planes de financiaci\u00f3n flexibles y trabajamos con la mayor\u00eda de los proveedores de seguros para que el tratamiento sea asequible. Con una variedad de opciones de pago disponibles, invertir en su sonrisa puede ser a la vez libre de estr\u00e9s y econ\u00f3mico.  <\/p><h2 data-start=\"1463\" data-end=\"1511\">2. Un equipo amable y experimentado en el que puede confiar<\/h2><p data-start=\"1512\" data-end=\"1797\">La atenci\u00f3n de ortodoncia es m\u00e1s que enderezar los dientes; se trata de crear una experiencia positiva de principio a fin. La experiencia y los a\u00f1os de experiencia del <a href=\"https:\/\/orthodontiststudiocity.com\/es\/conozca-al-dr-reyna-blanco\/\">Dr. Oscar Reyna-Blanco<\/a>, combinados con un equipo c\u00e1lido y de apoyo, garantizan que cada paciente se sienta c\u00f3modo y seguro durante todo el tratamiento.<\/p><p data-start=\"1799\" data-end=\"2036\">Nos enorgullecemos de ser accesibles y f\u00e1ciles de hablar. Tanto si es un padre que busca un tratamiento temprano para su hijo como si es un adulto que est\u00e1 considerando la posibilidad de usar aparatos ortop\u00e9dicos o alineadores, recibir\u00e1 orientaci\u00f3n personalizada y atenci\u00f3n experta en cada paso. <\/p><h2 data-start=\"2043\" data-end=\"2093\">3. Tratamientos avanzados, incluyendo Invisalign\u00ae<\/h2><p data-start=\"2094\" data-end=\"2448\">Cada sonrisa es \u00fanica, y tambi\u00e9n lo son las opciones de tratamiento que ofrecemos. Desde <g id=\"gid_0\">aparatos ortop\u00e9dicos tradicionales<\/g> hasta alternativas modernas como <g id=\"gid_1\">alineadores transparentes Invisalign\u00ae<\/g>, creamos planes de tratamiento personalizados dise\u00f1ados para adaptarse a sus objetivos y estilo de vida. Invisalign es especialmente popular entre los adolescentes y adultos que prefieren una opci\u00f3n discreta y extra\u00edble sin restricciones alimentarias.  <\/p><p data-start=\"2450\" data-end=\"2708\">M\u00e1s all\u00e1 de Invisalign, nuestra consulta invierte en tecnolog\u00eda de \u00faltima generaci\u00f3n para garantizar diagn\u00f3sticos m\u00e1s precisos, citas c\u00f3modas y resultados eficientes. Las im\u00e1genes digitales y las herramientas de ortodoncia avanzadas nos permiten ofrecer mejores resultados en menos tiempo. <\/p><h2 data-start=\"2715\" data-end=\"2762\">4. Ubicaci\u00f3n de la consulta c\u00f3moda y conveniente<\/h2><p data-start=\"2763\" data-end=\"3069\">Sabemos que las familias est\u00e1n ocupadas, por lo que hacemos que la atenci\u00f3n de ortodoncia sea lo m\u00e1s conveniente posible. Nuestra consulta est\u00e1 convenientemente ubicada en el coraz\u00f3n de Studio City, justo en Ventura Boulevard, lo que facilita la inclusi\u00f3n de citas en su horario. En el interior, encontrar\u00e1 un espacio moderno y c\u00f3modo dise\u00f1ado para ayudarle a usted y a su familia a sentirse a gusto durante cada visita.  <\/p><p data-start=\"3071\" data-end=\"3289\">Desde el momento en que entra, notar\u00e1 nuestro compromiso con la comodidad y la eficiencia del paciente. Combinado con nuestra programaci\u00f3n flexible y nuestro atento personal, hacemos que cada paso del tratamiento sea sencillo y sin estr\u00e9s. <\/p><h2 data-start=\"3296\" data-end=\"3331\">Comience su viaje hacia la sonrisa hoy mismo<\/h2><p data-start=\"3332\" data-end=\"3622\">Elegir al ortodoncista adecuado es una decisi\u00f3n importante, y estamos aqu\u00ed para facilitarle las cosas. Con consultas gratuitas, financiaci\u00f3n flexible, opciones de tratamiento avanzadas y un equipo amable y experimentado, le proporcionamos todo lo que necesita para lograr una sonrisa m\u00e1s sana y segura. <\/p><p data-start=\"3624\" data-end=\"3714\">Ll\u00e1menos hoy mismo o <a href=\"https:\/\/orthodontiststudiocity.com\/es\/solicitar-una-cita\/\">programe su consulta gratuita<\/a> en l\u00ednea. \u00a1Su nueva sonrisa comienza aqu\u00ed! <\/p>\t\t\t\t\t\t\t\t<\/div>\n\t\t\t\t<\/div>\n\t\t\t\t\t<\/div>\n\t\t<\/div>\n\t\t\t\t\t<\/div>\n\t\t<\/section>\n\t\t\t\t<\/div>\n\t\t","protected":false},"excerpt":{"rendered":"<p>\u00bfPor qu\u00e9 elegir Studio City Orthodontist? En Studio City Orthodontist, nuestra misi\u00f3n es ayudar a cada paciente a lograr una sonrisa sana y segura que dure toda la vida. Combinamos t\u00e9cnicas de ortodoncia avanzadas con un ambiente acogedor y atenci\u00f3n personalizada, haciendo del tratamiento una experiencia positiva para ni\u00f1os, adolescentes y adultos por igual. Estas son las cuatro [&hellip;]<\/p>\n","protected":false},"author":2,"featured_media":6440,"parent":0,"menu_order":9,"comment_status":"closed","ping_status":"closed","template":"","meta":{"_seopress_robots_primary_cat":"","_seopress_titles_title":"\u00bfPor qu\u00e9 elegir Studio City Orthodontist en Los \u00c1ngeles, CA?","_seopress_titles_desc":"Studio City Orthodontist ofrece consultas gratuitas, financiaci\u00f3n flexible, tecnolog\u00eda avanzada y un equipo c\u00e1lido y experimentado para una sonrisa segura y duradera.","_seopress_robots_index":"","footnotes":""},"class_list":["post-6438","page","type-page","status-publish","has-post-thumbnail"],"_links":{"self":[{"href":"https:\/\/orthodontiststudiocity.com\/es\/wp-json\/wp\/v2\/pages\/6438","targetHints":{"allow":["GET"]}}],"collection":[{"href":"https:\/\/orthodontiststudiocity.com\/es\/wp-json\/wp\/v2\/pages"}],"about":[{"href":"https:\/\/orthodontiststudiocity.com\/es\/wp-json\/wp\/v2\/types\/page"}],"author":[{"embeddable":true,"href":"https:\/\/orthodontiststudiocity.com\/es\/wp-json\/wp\/v2\/users\/2"}],"replies":[{"embeddable":true,"href":"https:\/\/orthodontiststudiocity.com\/es\/wp-json\/wp\/v2\/comments?post=6438"}],"version-history":[{"count":1,"href":"https:\/\/orthodontiststudiocity.com\/es\/wp-json\/wp\/v2\/pages\/6438\/revisions"}],"predecessor-version":[{"id":6441,"href":"https:\/\/orthodontiststudiocity.com\/es\/wp-json\/wp\/v2\/pages\/6438\/revisions\/6441"}],"wp:featuredmedia":[{"embeddable":true,"href":"https:\/\/orthodontiststudiocity.com\/es\/wp-json\/wp\/v2\/media\/6440"}],"wp:attachment":[{"href":"https:\/\/orthodontiststudiocity.com\/es\/wp-json\/wp\/v2\/media?parent=6438"}],"curies":[{"name":"wp","href":"https:\/\/api.w.org\/{rel}","templated":true}]}}