{"id":6421,"date":"2017-02-06T01:31:29","date_gmt":"2017-02-06T01:31:29","guid":{"rendered":"https:\/\/orthodontiststudiocity.com\/preguntas-frecuentes\/"},"modified":"2025-10-09T00:28:27","modified_gmt":"2025-10-09T00:28:27","slug":"preguntas-frecuentes","status":"publish","type":"page","link":"https:\/\/orthodontiststudiocity.com\/es\/preguntas-frecuentes\/","title":{"rendered":"Preguntas frecuentes"},"content":{"rendered":"\t\t<div data-elementor-type=\"wp-page\" data-elementor-id=\"6421\" class=\"elementor elementor-6421 elementor-3073\" data-elementor-post-type=\"page\">\n\t\t\t\t<div data-particle_enable=\"false\" data-particle-mobile-disabled=\"false\" class=\"elementor-element elementor-element-143fd21 e-con-full e-flex e-con e-child\" data-id=\"143fd21\" data-element_type=\"container\" data-e-type=\"container\">\n\t\t\t\t<div class=\"elementor-element elementor-element-a13d2a5 elementor-widget__width-inherit elementor-widget elementor-widget-heading\" data-id=\"a13d2a5\" data-element_type=\"widget\" data-e-type=\"widget\" data-widget_type=\"heading.default\">\n\t\t\t\t<div class=\"elementor-widget-container\">\n\t\t\t\t\t<h1 class=\"elementor-heading-title elementor-size-default\">Preguntas frecuentes sobre ortodoncia<\/h1>\t\t\t\t<\/div>\n\t\t\t\t<\/div>\n\t\t\t\t<\/div>\n\t\t<div data-particle_enable=\"false\" data-particle-mobile-disabled=\"false\" class=\"elementor-element elementor-element-19bb46a1 e-flex e-con-boxed e-con e-parent\" data-id=\"19bb46a1\" data-element_type=\"container\" data-e-type=\"container\">\n\t\t\t\t\t<div class=\"e-con-inner\">\n\t\t\t\t<div class=\"elementor-element elementor-element-6295ee83 elementor-widget elementor-widget-text-editor\" data-id=\"6295ee83\" data-element_type=\"widget\" data-e-type=\"widget\" data-widget_type=\"text-editor.default\">\n\t\t\t\t<div class=\"elementor-widget-container\">\n\t\t\t\t\t\t\t\t\t<h2 data-start=\"389\" data-end=\"430\">Primera visita<\/h2><h3 data-start=\"389\" data-end=\"430\">\u00bfCobran por la primera visita?<\/h3><p data-start=\"431\" data-end=\"642\">No, su primera consulta de ortodoncia es completamente gratuita. Como cortes\u00eda, evaluamos sus necesidades de ortodoncia sin costo alguno y analizamos las posibles opciones para alinear los dientes. <\/p><h3 data-start=\"644\" data-end=\"701\">\u00bfA qu\u00e9 edad deben los ni\u00f1os comenzar el tratamiento de ortodoncia?<\/h3><p data-start=\"702\" data-end=\"954\">Seguimos las pautas de la Asociaci\u00f3n Estadounidense de Ortodoncistas, que recomiendan que los ni\u00f1os tengan su primera evaluaci\u00f3n de ortodoncia alrededor de los 7 a\u00f1os. Las visitas tempranas nos permiten controlar el crecimiento y detectar posibles problemas antes de que se vuelvan m\u00e1s graves. <\/p><h3 data-start=\"956\" data-end=\"1022\">\u00bfPor qu\u00e9 evaluar a los ni\u00f1os tan peque\u00f1os durante una visita temprana para los brackets?<\/h3><p data-start=\"1023\" data-end=\"1347\">La <a href=\"https:\/\/orthodontiststudiocity.com\/es\/ortodoncia-temprana\/\">intervenci\u00f3n temprana<\/a> es principalmente para la observaci\u00f3n y la educaci\u00f3n, no para el tratamiento inmediato. Durante estas visitas, podemos identificar problemas de mordida o alineaci\u00f3n en desarrollo y determinar si es necesaria una intervenci\u00f3n temprana. La mayor\u00eda de las veces, simplemente hacemos un seguimiento del desarrollo de la mand\u00edbula y los dientes, al tiempo que brindamos orientaci\u00f3n sobre los h\u00e1bitos o la salud bucal.  <\/p><h3 data-start=\"1349\" data-end=\"1437\">\u00bfCu\u00e1nto dura la primera visita y est\u00e1 incluida la consulta con el ortodoncista?<\/h3><p data-start=\"1438\" data-end=\"1672\">La <a href=\"https:\/\/orthodontiststudiocity.com\/es\/primera-visita\/\">primera visita<\/a> suele durar entre 30 y 60 minutos, seg\u00fan las necesidades del paciente. Incluye un examen visual, radiograf\u00edas, un escaneo 3D y un an\u00e1lisis de las opciones de tratamiento para corregir su mordida y lograr la sonrisa que desea. <\/p><h3 data-start=\"1674\" data-end=\"1733\">\u00bfAceptan pacientes que se transfieren desde fuera de la ciudad?<\/h3><p data-start=\"1734\" data-end=\"1794\">Aceptamos a todos los pacientes.<\/p><h3 data-start=\"1796\" data-end=\"1842\">\u00bfTratan a pacientes adultos de ortodoncia?<\/h3><p data-start=\"1843\" data-end=\"2060\">\u00a1Absolutamente! Cada vez m\u00e1s <a href=\"https:\/\/orthodontiststudiocity.com\/es\/ortodoncia-para-adultos\/\">adultos<\/a> eligen el tratamiento de ortodoncia. Con opciones discretas como los <a href=\"https:\/\/orthodontiststudiocity.com\/es\/tipos-de-brackets\/\">brackets<\/a> transparentes e <a href=\"https:\/\/orthodontiststudiocity.com\/es\/invisalign\/\">Invisalign<\/a>, lograr una sonrisa recta y segura es m\u00e1s f\u00e1cil y c\u00f3modo que nunca. <\/p><h3 data-start=\"2062\" data-end=\"2171\">\u00bfCu\u00e1l es la diferencia entre un ortodoncista y un dentista, y a qui\u00e9n debo consultar para la alineaci\u00f3n de los dientes?<\/h3><p data-start=\"2172\" data-end=\"2408\">Un ortodoncista es un dentista con al menos 3 a\u00f1os adicionales de formaci\u00f3n especializada en la alineaci\u00f3n de dientes y mand\u00edbulas. Para brackets, Invisalign u otras opciones de enderezamiento de los dientes, lo mejor es consultar a un ortodoncista certificado. <\/p><h3 data-start=\"2410\" data-end=\"2477\">\u00bfPuedo programar citas despu\u00e9s de la escuela o m\u00e1s tarde en el d\u00eda?<\/h3><p data-start=\"2478\" data-end=\"2675\">Nos esforzamos por adaptarnos a los horarios familiares ocupados. Si bien algunos procedimientos deben realizarse durante las horas est\u00e1ndar, reservamos horarios temprano por la ma\u00f1ana y al final de la tarde para citas m\u00e1s cortas siempre que sea posible. <\/p><h3 data-start=\"2677\" data-end=\"2721\">\u00bfAtienden emergencias de ortodoncia?<\/h3><p data-start=\"2722\" data-end=\"2883\">S\u00ed. Si tiene una emergencia de ortodoncia, llame a nuestra oficina de inmediato. La informaci\u00f3n de contacto de emergencia est\u00e1 disponible en nuestro sitio web y en el correo de voz.  <\/p>\t\t\t\t\t\t\t\t<\/div>\n\t\t\t\t<\/div>\n\t\t\t\t<div class=\"elementor-element elementor-element-57118b5 elementor-widget-divider--view-line elementor-widget elementor-widget-divider\" data-id=\"57118b5\" data-element_type=\"widget\" data-e-type=\"widget\" data-widget_type=\"divider.default\">\n\t\t\t\t<div class=\"elementor-widget-container\">\n\t\t\t\t\t\t\t<div class=\"elementor-divider\">\n\t\t\t<span class=\"elementor-divider-separator\">\n\t\t\t\t\t\t<\/span>\n\t\t<\/div>\n\t\t\t\t\t\t<\/div>\n\t\t\t\t<\/div>\n\t\t\t\t<div class=\"elementor-element elementor-element-777e7a9 elementor-widget elementor-widget-text-editor\" data-id=\"777e7a9\" data-element_type=\"widget\" data-e-type=\"widget\" data-widget_type=\"text-editor.default\">\n\t\t\t\t<div class=\"elementor-widget-container\">\n\t\t\t\t\t\t\t\t\t<h2 data-start=\"2890\" data-end=\"2919\">Finanzas y seguros<\/h2><h3 data-start=\"2921\" data-end=\"2973\">\u00bfPuedo pagar los brackets o Invisalign con el tiempo?<\/h3><p data-start=\"2974\" data-end=\"3093\">S\u00ed. Ofrecemos <a href=\"https:\/\/orthodontiststudiocity.com\/es\/financiacion-sencilla\/\">planes de pago<\/a> flexibles y sin intereses que se adaptan a su presupuesto, tenga o no cobertura de seguro. <\/p><h3 data-start=\"3095\" data-end=\"3153\">\u00bfC\u00f3mo se gestiona el seguro para el tratamiento de ortodoncia?<\/h3><p data-start=\"3154\" data-end=\"3297\">Ofrecemos una verificaci\u00f3n de cortes\u00eda de su cobertura. Su seguro le reembolsar\u00eda directamente. Si su p\u00f3liza cambia, usted sigue siendo responsable de la tarifa de tratamiento acordada.  <\/p><h3 data-start=\"3299\" data-end=\"3333\">\u00bfAceptan tarjetas de cr\u00e9dito?<\/h3><p data-start=\"3334\" data-end=\"3397\">S\u00ed, aceptamos la mayor\u00eda de las tarjetas de cr\u00e9dito para mayor comodidad.<\/p><h3 data-start=\"3399\" data-end=\"3429\">\u00bfCobran intereses?<\/h3><p data-start=\"3430\" data-end=\"3534\">No. Todos los planes de pago no tienen intereses para que el tratamiento con brackets e Invisalign sea m\u00e1s asequible. <\/p><h3 data-start=\"3536\" data-end=\"3574\">\u00bfHay descuentos familiares disponibles?<\/h3><p data-start=\"3575\" data-end=\"3685\">S\u00ed. Ofrecemos tarifas especiales para varios miembros de la familia que se someten a tratamiento de ortodoncia al mismo tiempo. <\/p>\t\t\t\t\t\t\t\t<\/div>\n\t\t\t\t<\/div>\n\t\t\t\t<div class=\"elementor-element elementor-element-a865d08 elementor-widget-divider--view-line elementor-widget elementor-widget-divider\" data-id=\"a865d08\" data-element_type=\"widget\" data-e-type=\"widget\" data-widget_type=\"divider.default\">\n\t\t\t\t<div class=\"elementor-widget-container\">\n\t\t\t\t\t\t\t<div class=\"elementor-divider\">\n\t\t\t<span class=\"elementor-divider-separator\">\n\t\t\t\t\t\t<\/span>\n\t\t<\/div>\n\t\t\t\t\t\t<\/div>\n\t\t\t\t<\/div>\n\t\t\t\t<div class=\"elementor-element elementor-element-93d35a6 elementor-widget elementor-widget-text-editor\" data-id=\"93d35a6\" data-element_type=\"widget\" data-e-type=\"widget\" data-widget_type=\"text-editor.default\">\n\t\t\t\t<div class=\"elementor-widget-container\">\n\t\t\t\t\t\t\t\t\t<h2 data-start=\"3692\" data-end=\"3728\">Tipos de tratamiento de ortodoncia<\/h2><h3 data-start=\"3730\" data-end=\"3813\">\u00bfQu\u00e9 es el tratamiento de fase 1 y c\u00f3mo ayuda con las necesidades tempranas de ortodoncia?<\/h3><p data-start=\"3814\" data-end=\"4042\">El tratamiento de fase 1 comienza antes de que hayan erupcionado todos los dientes adultos. Aborda los principales problemas, como la desalineaci\u00f3n de la mand\u00edbula o las mordidas cruzadas de forma temprana, lo que simplifica el tratamiento posterior y prepara el escenario para una sonrisa m\u00e1s saludable y bien alineada. <\/p><h3 data-start=\"4044\" data-end=\"4133\">\u00bfQu\u00e9 es el tratamiento de fase 2 y c\u00f3mo se compara con los brackets frente a Invisalign para adolescentes?<\/h3><p data-start=\"4134\" data-end=\"4387\">El tratamiento de fase 2 comienza una vez que todos los dientes adultos est\u00e1n en su lugar. Esta fase integral suele durar entre 18 y 24 meses, afinando la alineaci\u00f3n de los dientes y cerrando los espacios. Tanto los brackets como Invisalign son opciones eficaces seg\u00fan las necesidades del paciente.  <\/p><h3 data-start=\"4389\" data-end=\"4454\">\u00bfC\u00f3mo s\u00e9 si el tratamiento de dos fases es adecuado para mi hijo adolescente?<\/h3><p data-start=\"4455\" data-end=\"4646\">Cada sonrisa es \u00fanica. Se puede recomendar un enfoque de dos fases en funci\u00f3n de la mordida, el crecimiento de la mand\u00edbula y los objetivos de alineaci\u00f3n de su hijo. Una consulta y los registros de diagn\u00f3stico ayudan a determinar el mejor plan.  <\/p>\t\t\t\t\t\t\t\t<\/div>\n\t\t\t\t<\/div>\n\t\t\t\t<div class=\"elementor-element elementor-element-2f29ca3 elementor-widget-divider--view-line elementor-widget elementor-widget-divider\" data-id=\"2f29ca3\" data-element_type=\"widget\" data-e-type=\"widget\" data-widget_type=\"divider.default\">\n\t\t\t\t<div class=\"elementor-widget-container\">\n\t\t\t\t\t\t\t<div class=\"elementor-divider\">\n\t\t\t<span class=\"elementor-divider-separator\">\n\t\t\t\t\t\t<\/span>\n\t\t<\/div>\n\t\t\t\t\t\t<\/div>\n\t\t\t\t<\/div>\n\t\t\t\t<div class=\"elementor-element elementor-element-ee8e6fd elementor-widget elementor-widget-text-editor\" data-id=\"ee8e6fd\" data-element_type=\"widget\" data-e-type=\"widget\" data-widget_type=\"text-editor.default\">\n\t\t\t\t<div class=\"elementor-widget-container\">\n\t\t\t\t\t\t\t\t\t<h2 data-start=\"4653\" data-end=\"4674\">Movimiento de los dientes<\/h2><h3 data-start=\"4676\" data-end=\"4735\">\u00bfNecesito premedicaci\u00f3n para los procedimientos de ortodoncia?<\/h3><p data-start=\"4736\" data-end=\"4847\">S\u00ed, pero solo para ciertos procedimientos. Siempre consulte con su m\u00e9dico o con el <a href=\"https:\/\/orthodontiststudiocity.com\/es\/conozca-al-dr-reyna-blanco\/\">Dr. Oscar Reyna-Blanco<\/a> antes de su cita. <\/p><h3 data-start=\"4849\" data-end=\"4897\">\u00bfCu\u00e1nto dura el tratamiento de ortodoncia?<\/h3><p data-start=\"4898\" data-end=\"5003\">La mayor\u00eda de los pacientes completan el tratamiento en aproximadamente dos a\u00f1os, aunque los plazos var\u00edan seg\u00fan las necesidades individuales.<\/p><h3 data-start=\"5005\" data-end=\"5068\">\u00bfC\u00f3mo mueven los dientes los brackets o las opciones de enderezamiento de los dientes?<\/h3><p data-start=\"5069\" data-end=\"5243\">Los brackets y los alineadores aplican una fuerza suave y controlada para desplazar los dientes a la alineaci\u00f3n adecuada. El Dr. Reyna-Blanco supervisa de cerca el proceso para garantizar la seguridad y la eficacia. <\/p><h3 data-start=\"5245\" data-end=\"5279\">\u00bfUtilizan brackets reciclados?<\/h3><p data-start=\"5280\" data-end=\"5346\">No. Todos los aparatos de ortodoncia son nuevos para cada paciente. <\/p>\t\t\t\t\t\t\t\t<\/div>\n\t\t\t\t<\/div>\n\t\t\t\t<div class=\"elementor-element elementor-element-2f2ec77 elementor-widget-divider--view-line elementor-widget elementor-widget-divider\" data-id=\"2f2ec77\" data-element_type=\"widget\" data-e-type=\"widget\" data-widget_type=\"divider.default\">\n\t\t\t\t<div class=\"elementor-widget-container\">\n\t\t\t\t\t\t\t<div class=\"elementor-divider\">\n\t\t\t<span class=\"elementor-divider-separator\">\n\t\t\t\t\t\t<\/span>\n\t\t<\/div>\n\t\t\t\t\t\t<\/div>\n\t\t\t\t<\/div>\n\t\t\t\t<div class=\"elementor-element elementor-element-8fcbb0f elementor-widget elementor-widget-text-editor\" data-id=\"8fcbb0f\" data-element_type=\"widget\" data-e-type=\"widget\" data-widget_type=\"text-editor.default\">\n\t\t\t\t<div class=\"elementor-widget-container\">\n\t\t\t\t\t\t\t\t\t<h2 data-start=\"226\" data-end=\"253\">Retenedores de ortodoncia<\/h2><h3 data-start=\"255\" data-end=\"331\">\u00bfNecesito usar retenedores a largo plazo despu\u00e9s de los brackets o los alineadores transparentes?<\/h3><p data-start=\"332\" data-end=\"590\">S\u00ed. La mayor\u00eda de los pacientes usan sus <g id=\"gid_0\">retenedores<\/g> a tiempo completo inicialmente, y luego hacen la transici\u00f3n al uso nocturno para mantener los resultados logrados a trav\u00e9s del tratamiento de ortodoncia. El uso a largo plazo asegura que sus dientes permanezcan alineados y que su sonrisa siga siendo saludable y hermosa.  <\/p><h3 data-start=\"592\" data-end=\"669\">\u00bfPor qu\u00e9 los dientes se desplazan incluso despu\u00e9s del tratamiento con brackets o alineadores transparentes?<\/h3><p data-start=\"670\" data-end=\"958\">Incluso despu\u00e9s del tratamiento, los dientes intentan naturalmente volver a sus posiciones originales. Factores como la masticaci\u00f3n, el movimiento muscular y el envejecimiento pueden contribuir al desplazamiento gradual. El uso de retenedores seg\u00fan lo recomendado por el Dr. Reyna-Blanco es clave para mantener los dientes en sus posiciones corregidas.  <\/p><h3 data-start=\"960\" data-end=\"1015\">\u00bfSon los retenedores adheridos detr\u00e1s de los dientes una buena opci\u00f3n?<\/h3><p data-start=\"1016\" data-end=\"1304\">Absolutamente. Los retenedores fijos, adheridos detr\u00e1s de los dientes, son una forma fiable de preservar la alineaci\u00f3n, especialmente para los pacientes propensos a la reca\u00edda. Estos retenedores adheridos requieren una higiene bucal constante y revisiones dentales peri\u00f3dicas para evitar la acumulaci\u00f3n de placa y garantizar la eficacia a largo plazo.  <\/p>\t\t\t\t\t\t\t\t<\/div>\n\t\t\t\t<\/div>\n\t\t\t\t<div class=\"elementor-element elementor-element-99b10c8 elementor-widget-divider--view-line elementor-widget elementor-widget-divider\" data-id=\"99b10c8\" data-element_type=\"widget\" data-e-type=\"widget\" data-widget_type=\"divider.default\">\n\t\t\t\t<div class=\"elementor-widget-container\">\n\t\t\t\t\t\t\t<div class=\"elementor-divider\">\n\t\t\t<span class=\"elementor-divider-separator\">\n\t\t\t\t\t\t<\/span>\n\t\t<\/div>\n\t\t\t\t\t\t<\/div>\n\t\t\t\t<\/div>\n\t\t\t\t<div class=\"elementor-element elementor-element-ea92cbc elementor-widget elementor-widget-text-editor\" data-id=\"ea92cbc\" data-element_type=\"widget\" data-e-type=\"widget\" data-widget_type=\"text-editor.default\">\n\t\t\t\t<div class=\"elementor-widget-container\">\n\t\t\t\t\t\t\t\t\t<h2 data-start=\"5482\" data-end=\"5500\">Muelas del juicio<\/h2><h3 data-start=\"5502\" data-end=\"5552\">\u00bfLas muelas del juicio hacen que los dientes se tuerzan?<\/h3><p data-start=\"5553\" data-end=\"5639\">No. La investigaci\u00f3n actual no apoya un v\u00ednculo directo entre las muelas del juicio y el api\u00f1amiento. <\/p><h3 data-start=\"5641\" data-end=\"5713\">\u00bfPor qu\u00e9 podr\u00eda ser necesario extraer las muelas del juicio durante el tratamiento de ortodoncia?<\/h3><p data-start=\"5714\" data-end=\"5844\">Las muelas del juicio impactadas pueden causar infecciones o problemas en las enc\u00edas. Extraerlas de forma proactiva a menudo protege sus resultados de ortodoncia. <\/p><h3 data-start=\"5846\" data-end=\"5900\">\u00bfCu\u00e1ndo es el mejor momento para la extracci\u00f3n de las muelas del juicio?<\/h3><p data-start=\"5901\" data-end=\"6025\">Los cirujanos orales generalmente recomiendan la extracci\u00f3n cuando se han desarrollado aproximadamente dos tercios de las ra\u00edces, generalmente entre las edades de 16 y 18 a\u00f1os.<\/p>\t\t\t\t\t\t\t\t<\/div>\n\t\t\t\t<\/div>\n\t\t\t\t<div class=\"elementor-element elementor-element-dfa6138 elementor-widget-divider--view-line elementor-widget elementor-widget-divider\" data-id=\"dfa6138\" data-element_type=\"widget\" data-e-type=\"widget\" data-widget_type=\"divider.default\">\n\t\t\t\t<div class=\"elementor-widget-container\">\n\t\t\t\t\t\t\t<div class=\"elementor-divider\">\n\t\t\t<span class=\"elementor-divider-separator\">\n\t\t\t\t\t\t<\/span>\n\t\t<\/div>\n\t\t\t\t\t\t<\/div>\n\t\t\t\t<\/div>\n\t\t\t\t<div class=\"elementor-element elementor-element-319d220 elementor-widget elementor-widget-text-editor\" data-id=\"319d220\" data-element_type=\"widget\" data-e-type=\"widget\" data-widget_type=\"text-editor.default\">\n\t\t\t\t<div class=\"elementor-widget-container\">\n\t\t\t\t\t\t\t\t\t<h2 data-start=\"6032\" data-end=\"6071\">Trastornos temporomandibulares (ATM)<\/h2><h3 data-start=\"6073\" data-end=\"6144\">\u00bfPueden los brackets o el tratamiento de ortodoncia tratar o causar problemas de ATM?<\/h3><p data-start=\"6145\" data-end=\"6259\">No hay evidencia que vincule el tratamiento de ortodoncia con los trastornos de la ATM. Los problemas de la ATM pueden ocurrir independientemente de la mordida o la alineaci\u00f3n. <\/p>\t\t\t\t\t\t\t\t<\/div>\n\t\t\t\t<\/div>\n\t\t\t\t<div class=\"elementor-element elementor-element-5303aa0 elementor-widget-divider--view-line elementor-widget elementor-widget-divider\" data-id=\"5303aa0\" data-element_type=\"widget\" data-e-type=\"widget\" data-widget_type=\"divider.default\">\n\t\t\t\t<div class=\"elementor-widget-container\">\n\t\t\t\t\t\t\t<div class=\"elementor-divider\">\n\t\t\t<span class=\"elementor-divider-separator\">\n\t\t\t\t\t\t<\/span>\n\t\t<\/div>\n\t\t\t\t\t\t<\/div>\n\t\t\t\t<\/div>\n\t\t\t\t<div class=\"elementor-element elementor-element-c6a1f6e elementor-widget elementor-widget-text-editor\" data-id=\"c6a1f6e\" data-element_type=\"widget\" data-e-type=\"widget\" data-widget_type=\"text-editor.default\">\n\t\t\t\t<div class=\"elementor-widget-container\">\n\t\t\t\t\t\t\t\t\t<h2 data-start=\"6266\" data-end=\"6287\">Beneficios para la salud<\/h2><h3 data-start=\"6289\" data-end=\"6354\">\u00bfCu\u00e1les son los beneficios del tratamiento de ortodoncia para adultos o adolescentes?<\/h3><p data-start=\"6355\" data-end=\"6524\">El tratamiento de ortodoncia mejora la funci\u00f3n de la mordida, la higiene bucal, el equilibrio facial y la confianza. Los dientes m\u00e1s rectos son m\u00e1s f\u00e1ciles de limpiar y favorecen la salud dental a largo plazo. <\/p><h3 data-start=\"6526\" data-end=\"6585\">\u00bfC\u00f3mo afectan las adenoides agrandadas o las alergias a los brackets?<\/h3><p data-start=\"6586\" data-end=\"6719\">La respiraci\u00f3n bucal cr\u00f3nica causada por adenoides agrandadas o alergias puede influir en el desarrollo de la mand\u00edbula, lo que contribuye al api\u00f1amiento o a los arcos estrechos.<\/p><h3 data-start=\"6721\" data-end=\"6781\">\u00bfC\u00f3mo afecta la postura de la lengua al tratamiento de ortodoncia?<\/h3><p data-start=\"6782\" data-end=\"6923\">Una postura incorrecta de la lengua puede aplicar presi\u00f3n a los dientes, causando espaciamiento o protrusi\u00f3n. La correcci\u00f3n de estos h\u00e1bitos mejora los resultados del tratamiento. <\/p>\t\t\t\t\t\t\t\t<\/div>\n\t\t\t\t<\/div>\n\t\t\t\t\t<\/div>\n\t\t\t\t<\/div>\n\t\t\t\t<\/div>\n\t\t","protected":false},"excerpt":{"rendered":"<p>Preguntas frecuentes sobre ortodoncia Primera visita \u00bfCobran por la primera visita? No, su primera consulta de ortodoncia es completamente gratuita. Como cortes\u00eda, evaluamos sus necesidades de ortodoncia sin costo alguno y analizamos las posibles opciones para alinear los dientes. \u00bfA qu\u00e9 edad deben los ni\u00f1os comenzar el tratamiento de ortodoncia? Seguimos las pautas de la Asociaci\u00f3n Estadounidense de [&hellip;]<\/p>\n","protected":false},"author":2,"featured_media":6422,"parent":0,"menu_order":25,"comment_status":"closed","ping_status":"closed","template":"","meta":{"_seopress_robots_primary_cat":"","_seopress_titles_title":"Preguntas frecuentes sobre brackets, Invisalign, Studio City CA | Ortodoncista de Studio City","_seopress_titles_desc":"El Dr. Oscar Reyna-Blanco responde a preguntas comunes de ortodoncia sobre las primeras visitas, el tratamiento, los retenedores y el cuidado para ayudar a los pacientes a sentirse seguros e informados.","_seopress_robots_index":"","footnotes":""},"class_list":["post-6421","page","type-page","status-publish","has-post-thumbnail"],"_links":{"self":[{"href":"https:\/\/orthodontiststudiocity.com\/es\/wp-json\/wp\/v2\/pages\/6421","targetHints":{"allow":["GET"]}}],"collection":[{"href":"https:\/\/orthodontiststudiocity.com\/es\/wp-json\/wp\/v2\/pages"}],"about":[{"href":"https:\/\/orthodontiststudiocity.com\/es\/wp-json\/wp\/v2\/types\/page"}],"author":[{"embeddable":true,"href":"https:\/\/orthodontiststudiocity.com\/es\/wp-json\/wp\/v2\/users\/2"}],"replies":[{"embeddable":true,"href":"https:\/\/orthodontiststudiocity.com\/es\/wp-json\/wp\/v2\/comments?post=6421"}],"version-history":[{"count":1,"href":"https:\/\/orthodontiststudiocity.com\/es\/wp-json\/wp\/v2\/pages\/6421\/revisions"}],"predecessor-version":[{"id":6423,"href":"https:\/\/orthodontiststudiocity.com\/es\/wp-json\/wp\/v2\/pages\/6421\/revisions\/6423"}],"wp:featuredmedia":[{"embeddable":true,"href":"https:\/\/orthodontiststudiocity.com\/es\/wp-json\/wp\/v2\/media\/6422"}],"wp:attachment":[{"href":"https:\/\/orthodontiststudiocity.com\/es\/wp-json\/wp\/v2\/media?parent=6421"}],"curies":[{"name":"wp","href":"https:\/\/api.w.org\/{rel}","templated":true}]}}