{"id":6418,"date":"2017-02-06T17:55:52","date_gmt":"2017-02-06T17:55:52","guid":{"rendered":"https:\/\/orthodontiststudiocity.com\/politica-de-privacidad\/"},"modified":"2025-10-09T00:28:13","modified_gmt":"2025-10-09T00:28:13","slug":"politica-de-privacidad","status":"publish","type":"page","link":"https:\/\/orthodontiststudiocity.com\/es\/politica-de-privacidad\/","title":{"rendered":"Pol\u00edtica de privacidad"},"content":{"rendered":"\t\t<div data-elementor-type=\"wp-page\" data-elementor-id=\"6418\" class=\"elementor elementor-6418 elementor-1388\" data-elementor-post-type=\"page\">\n\t\t\t\t<div data-particle_enable=\"false\" data-particle-mobile-disabled=\"false\" class=\"elementor-element elementor-element-35226f1 e-con-full e-flex e-con e-child\" data-id=\"35226f1\" data-element_type=\"container\" data-e-type=\"container\">\n\t\t\t\t<div class=\"elementor-element elementor-element-96df82c elementor-widget__width-inherit elementor-widget elementor-widget-heading\" data-id=\"96df82c\" data-element_type=\"widget\" data-e-type=\"widget\" data-widget_type=\"heading.default\">\n\t\t\t\t<div class=\"elementor-widget-container\">\n\t\t\t\t\t<h1 class=\"elementor-heading-title elementor-size-default\">Pol\u00edtica de privacidad<\/h1>\t\t\t\t<\/div>\n\t\t\t\t<\/div>\n\t\t\t\t<\/div>\n\t\t\t\t<section data-particle_enable=\"false\" data-particle-mobile-disabled=\"false\" class=\"elementor-section elementor-top-section elementor-element elementor-element-19316291 elementor-section-boxed elementor-section-height-default elementor-section-height-default\" data-id=\"19316291\" data-element_type=\"section\" data-e-type=\"section\">\n\t\t\t\t\t\t<div class=\"elementor-container elementor-column-gap-default\">\n\t\t\t\t\t<div class=\"elementor-column elementor-col-100 elementor-top-column elementor-element elementor-element-63f4d83a\" data-id=\"63f4d83a\" data-element_type=\"column\" data-e-type=\"column\">\n\t\t\t<div class=\"elementor-widget-wrap elementor-element-populated\">\n\t\t\t\t\t\t<div class=\"elementor-element elementor-element-736a3e38 elementor-widget elementor-widget-text-editor\" data-id=\"736a3e38\" data-element_type=\"widget\" data-e-type=\"widget\" data-widget_type=\"text-editor.default\">\n\t\t\t\t<div class=\"elementor-widget-container\">\n\t\t\t\t\t\t\t\t\t<p data-start=\"76\" data-end=\"437\">Studio City Orthodontist (\u201cnosotros\u201d, \u201cnos\u201d o \u201cnuestro\u201d) respeta la privacidad de nuestros usuarios (\u201cusuario\u201d o \u201custed\u201d). Esta Pol\u00edtica de privacidad explica c\u00f3mo recopilamos, usamos, divulgamos y protegemos su informaci\u00f3n cuando visita nuestro sitio web, incluyendo cualquier otro formato de medio, canal de medio, sitio web m\u00f3vil o aplicaci\u00f3n m\u00f3vil relacionada o conectada al mismo (colectivamente, el \u201cSitio\u201d). <\/p><p data-start=\"439\" data-end=\"571\">Por favor, lea esta Pol\u00edtica de privacidad cuidadosamente. Si no est\u00e1 de acuerdo con los t\u00e9rminos de esta Pol\u00edtica de privacidad, por favor, no acceda al Sitio. <\/p><h2 data-start=\"573\" data-end=\"621\">Aviso de privacidad: cumplimiento de la comunicaci\u00f3n por SMS<\/h2><h3 data-start=\"623\" data-end=\"650\">Recopilaci\u00f3n y uso de datos<\/h3><p data-start=\"651\" data-end=\"1025\">Studio City Orthodontist puede recopilar informaci\u00f3n personal, incluyendo su nombre, direcci\u00f3n de correo electr\u00f3nico y n\u00famero de tel\u00e9fono, cuando nos la proporciona a trav\u00e9s de nuestro sitio web, formularios en la oficina u otros canales de comunicaci\u00f3n. Si proporciona su n\u00famero de m\u00f3vil, consiente recibir mensajes SMS nuestros con recordatorios de citas, actualizaciones del tratamiento y otras notificaciones relevantes. <\/p><h3 data-start=\"1027\" data-end=\"1067\">Consentimiento y suscripci\u00f3n para mensajes SMS<\/h3><p data-start=\"1068\" data-end=\"1337\">Al proporcionar su n\u00famero de m\u00f3vil, consiente expresamente recibir mensajes de texto de Studio City Orthodontist. Estos mensajes pueden incluir confirmaciones de citas, seguimientos y actualizaciones de la cl\u00ednica. La frecuencia de los mensajes puede variar. Se pueden aplicar tarifas est\u00e1ndar de mensajes y datos.   <\/p><p data-start=\"1339\" data-end=\"1386\">Puede suscribirse para recibir mensajes SMS a trav\u00e9s de:<\/p><ul data-start=\"1387\" data-end=\"1576\"><li data-start=\"1387\" data-end=\"1442\"><p data-start=\"1389\" data-end=\"1442\">Completando un formulario de registro en l\u00ednea o en la oficina<\/p><\/li><li data-start=\"1443\" data-end=\"1502\"><p data-start=\"1445\" data-end=\"1502\">Marcando una casilla de suscripci\u00f3n en nuestro sitio web o portal del paciente<\/p><\/li><li data-start=\"1503\" data-end=\"1576\"><p data-start=\"1505\" data-end=\"1576\">Confirmando a trav\u00e9s de un mensaje de verificaci\u00f3n SMS de doble suscripci\u00f3n (si corresponde)<\/p><\/li><\/ul><h3 data-start=\"1578\" data-end=\"1609\">C\u00f3mo usamos su informaci\u00f3n<\/h3><p data-start=\"1610\" data-end=\"1862\">Usamos su n\u00famero de tel\u00e9fono \u00fanicamente con el prop\u00f3sito de proporcionar actualizaciones importantes relacionadas con su atenci\u00f3n ortod\u00f3ncica y la programaci\u00f3n de citas. <strong data-start=\"1750\" data-end=\"1862\">Ninguna informaci\u00f3n m\u00f3vil se compartir\u00e1 con terceros o afiliados con fines de marketing o promocionales.<\/strong><\/p><p data-start=\"1864\" data-end=\"2083\">Se pueden utilizar proveedores de servicios externos de confianza para ayudar a entregar comunicaciones SMS en nuestro nombre. Estos proveedores est\u00e1n obligados contractualmente a proteger su informaci\u00f3n y cumplir con todas las regulaciones de privacidad. <\/p><h3 data-start=\"2085\" data-end=\"2103\">Pol\u00edtica de exclusi\u00f3n<\/h3><p data-start=\"2104\" data-end=\"2161\">Puede optar por no recibir mensajes SMS en cualquier momento:<\/p><ul data-start=\"2162\" data-end=\"2352\"><li data-start=\"2162\" data-end=\"2222\"><p data-start=\"2164\" data-end=\"2222\">Respondiendo \u201cSTOP\u201d a cualquier mensaje de texto que reciba de nosotros.<\/p><\/li><li data-start=\"2223\" data-end=\"2271\"><p data-start=\"2225\" data-end=\"2271\">Contactando con nuestra oficina al <strong data-start=\"2250\" data-end=\"2268\">(818) 452-5688<\/strong>.<\/p><\/li><li data-start=\"2272\" data-end=\"2352\"><p data-start=\"2274\" data-end=\"2352\">Actualizando sus preferencias de comunicaci\u00f3n en nuestro portal del paciente (si corresponde).<\/p><\/li><\/ul><p data-start=\"2354\" data-end=\"2500\">Despu\u00e9s de optar por no participar, ya no recibir\u00e1 mensajes SMS de <strong data-start=\"2417\" data-end=\"2445\">Studio City Orthodontist<\/strong>, excepto las respuestas que confirmen su solicitud de exclusi\u00f3n.<\/p><hr data-start=\"2502\" data-end=\"2505\"><h2 data-start=\"2507\" data-end=\"2540\">Recopilaci\u00f3n de su informaci\u00f3n<\/h2><h3 data-start=\"2542\" data-end=\"2559\">Datos personales<\/h3><p data-start=\"2560\" data-end=\"2745\">Podemos recopilar informaci\u00f3n de identificaci\u00f3n personal, como su nombre, direcci\u00f3n, direcci\u00f3n de correo electr\u00f3nico y n\u00famero de tel\u00e9fono, que usted proporciona voluntariamente al interactuar con nuestro Sitio o servicios.<\/p><h3 data-start=\"2747\" data-end=\"2766\">Datos derivados<\/h3><p data-start=\"2767\" data-end=\"2940\">Nuestros servidores pueden recopilar autom\u00e1ticamente informaci\u00f3n como su direcci\u00f3n IP, tipo de navegador, sistema operativo, tiempos de acceso y p\u00e1ginas vistas antes o despu\u00e9s de acceder al Sitio.<\/p><h3 data-start=\"2942\" data-end=\"2964\">Datos del dispositivo m\u00f3vil<\/h3><p data-start=\"2965\" data-end=\"3114\">Si accede al Sitio desde un dispositivo m\u00f3vil, podemos recopilar informaci\u00f3n del dispositivo, como su ID de dispositivo m\u00f3vil, modelo, fabricante y datos de ubicaci\u00f3n.<\/p><hr data-start=\"3116\" data-end=\"3119\"><h2 data-start=\"3121\" data-end=\"3147\">Uso de su informaci\u00f3n<\/h2><p data-start=\"3148\" data-end=\"3207\">Podemos utilizar la informaci\u00f3n recopilada sobre usted a trav\u00e9s del Sitio para:<\/p><ul data-start=\"3208\" data-end=\"3452\"><li data-start=\"3208\" data-end=\"3257\"><p data-start=\"3210\" data-end=\"3257\">Proporcionar atenci\u00f3n ortod\u00f3ncica y servicios relacionados<\/p><\/li><li data-start=\"3258\" data-end=\"3308\"><p data-start=\"3260\" data-end=\"3308\">Comunicarnos sobre citas y actualizaciones<\/p><\/li><li data-start=\"3309\" data-end=\"3365\"><p data-start=\"3311\" data-end=\"3365\">Mejorar la funcionalidad y la eficiencia de nuestro Sitio<\/p><\/li><li data-start=\"3366\" data-end=\"3420\"><p data-start=\"3368\" data-end=\"3420\">Responder a consultas y solicitudes de atenci\u00f3n al cliente<\/p><\/li><li data-start=\"3421\" data-end=\"3452\"><p data-start=\"3423\" data-end=\"3452\">Cumplir con las obligaciones legales<\/p><\/li><\/ul><hr data-start=\"3454\" data-end=\"3457\"><h2 data-start=\"3459\" data-end=\"3492\">Divulgaci\u00f3n de su informaci\u00f3n<\/h2><p data-start=\"3493\" data-end=\"3635\">Nosotros <strong data-start=\"3496\" data-end=\"3506\">no<\/strong> vendemos, alquilamos ni compartimos su informaci\u00f3n personal con terceros con fines de marketing. Podemos divulgar su informaci\u00f3n solo: <\/p><ul data-start=\"3636\" data-end=\"3861\"><li data-start=\"3636\" data-end=\"3700\"><p data-start=\"3638\" data-end=\"3700\">Seg\u00fan lo exija la ley o para proteger los derechos, la seguridad o la propiedad<\/p><\/li><li data-start=\"3701\" data-end=\"3861\"><p data-start=\"3703\" data-end=\"3861\">A proveedores de servicios externos de confianza que realizan funciones comerciales esenciales en nuestro nombre (por ejemplo, recordatorios de citas, servicios de alojamiento, entrega de correo electr\u00f3nico)<\/p><\/li><\/ul><hr data-start=\"3863\" data-end=\"3866\"><h2 data-start=\"3868\" data-end=\"3899\">Seguridad de su informaci\u00f3n<\/h2><p data-start=\"3900\" data-end=\"4104\">Utilizamos salvaguardias administrativas, t\u00e9cnicas y f\u00edsicas para proteger sus datos personales. Si bien tomamos estas precauciones en serio, ning\u00fan m\u00e9todo de transmisi\u00f3n o almacenamiento de datos puede garantizarse 100% seguro. <\/p><hr data-start=\"4106\" data-end=\"4109\"><h2 data-start=\"4111\" data-end=\"4141\">Retenci\u00f3n y eliminaci\u00f3n de datos<\/h2><p data-start=\"4142\" data-end=\"4340\">Retenemos su informaci\u00f3n el tiempo que sea necesario para proporcionar atenci\u00f3n ortod\u00f3ncica y cumplir con los requisitos legales. Si desea que se elimine su informaci\u00f3n, p\u00f3ngase en contacto con nosotros utilizando los datos que figuran a continuaci\u00f3n. <\/p><hr data-start=\"4342\" data-end=\"4345\"><h2 data-start=\"4347\" data-end=\"4361\">Sus derechos<\/h2><p data-start=\"4362\" data-end=\"4384\">Tiene derecho a:<\/p><ul data-start=\"4385\" data-end=\"4563\"><li data-start=\"4385\" data-end=\"4431\"><p data-start=\"4387\" data-end=\"4431\">Acceder a los datos personales que tenemos sobre usted<\/p><\/li><li data-start=\"4432\" data-end=\"4466\"><p data-start=\"4434\" data-end=\"4466\">Solicitar correcciones o actualizaciones<\/p><\/li><li data-start=\"4467\" data-end=\"4509\"><p data-start=\"4469\" data-end=\"4509\">Solicitar la eliminaci\u00f3n de sus datos personales<\/p><\/li><li data-start=\"4510\" data-end=\"4563\"><p data-start=\"4512\" data-end=\"4563\">Retirar el consentimiento para las comunicaciones por SMS en cualquier momento<\/p><\/li><\/ul><p data-start=\"4565\" data-end=\"4618\">Para ejercer estos derechos, p\u00f3ngase en contacto con nosotros directamente.<\/p><hr data-start=\"4620\" data-end=\"4623\"><h2 data-start=\"4625\" data-end=\"4650\">Cambios en esta pol\u00edtica<\/h2><p data-start=\"4651\" data-end=\"4917\" data-is-last-node=\"\" data-is-only-node=\"\"><strong data-start=\"4651\" data-end=\"4679\">Studio City Orthodontist<\/strong> puede actualizar esta Pol\u00edtica de privacidad de vez en cuando. Las actualizaciones se publicar\u00e1n en nuestro sitio web, y le animamos a revisar esta pol\u00edtica peri\u00f3dicamente. El uso continuado del Sitio despu\u00e9s de que se publiquen los cambios constituye la aceptaci\u00f3n de dichos cambios.  <\/p>\t\t\t\t\t\t\t\t<\/div>\n\t\t\t\t<\/div>\n\t\t\t\t\t<\/div>\n\t\t<\/div>\n\t\t\t\t\t<\/div>\n\t\t<\/section>\n\t\t<div data-particle_enable=\"false\" data-particle-mobile-disabled=\"false\" class=\"elementor-element elementor-element-18a5f7c e-flex e-con-boxed e-con e-parent\" data-id=\"18a5f7c\" data-element_type=\"container\" data-e-type=\"container\">\n\t\t\t\t\t<div class=\"e-con-inner\">\n\t\t\t\t<div class=\"elementor-element elementor-element-49b2b21 elementor-widget-divider--view-line elementor-widget elementor-widget-divider\" data-id=\"49b2b21\" data-element_type=\"widget\" data-e-type=\"widget\" data-widget_type=\"divider.default\">\n\t\t\t\t<div class=\"elementor-widget-container\">\n\t\t\t\t\t\t\t<div class=\"elementor-divider\">\n\t\t\t<span class=\"elementor-divider-separator\">\n\t\t\t\t\t\t<\/span>\n\t\t<\/div>\n\t\t\t\t\t\t<\/div>\n\t\t\t\t<\/div>\n\t\t\t\t<div class=\"elementor-element elementor-element-92718c3 elementor-widget elementor-widget-text-editor\" data-id=\"92718c3\" data-element_type=\"widget\" data-e-type=\"widget\" data-widget_type=\"text-editor.default\">\n\t\t\t\t<div class=\"elementor-widget-container\">\n\t\t\t\t\t\t\t\t\t<h3>Studio City Orthodontist<\/h3><ul><li>Direcci\u00f3n: 12405 Ventura Blvd, Studio City, CA 91604, Estados Unidos<\/li><li>Tel\u00e9fono: (818) 452-5688<\/li><\/ul>\t\t\t\t\t\t\t\t<\/div>\n\t\t\t\t<\/div>\n\t\t\t\t\t<\/div>\n\t\t\t\t<\/div>\n\t\t\t\t<\/div>\n\t\t","protected":false},"excerpt":{"rendered":"<p>Pol\u00edtica de privacidad Studio City Orthodontist (\u201cnosotros\u201d, \u201cnos\u201d o \u201cnuestro\u201d) respeta la privacidad de nuestros usuarios (\u201cusuario\u201d o \u201custed\u201d). Esta Pol\u00edtica de privacidad explica c\u00f3mo recopilamos, usamos, divulgamos y protegemos su informaci\u00f3n cuando visita nuestro sitio web, incluyendo cualquier otro formato de medio, canal de medio, sitio web m\u00f3vil o aplicaci\u00f3n m\u00f3vil relacionada o conectada al mismo (colectivamente, [&hellip;]<\/p>\n","protected":false},"author":2,"featured_media":6419,"parent":0,"menu_order":54,"comment_status":"closed","ping_status":"closed","template":"","meta":{"_seopress_robots_primary_cat":"","_seopress_titles_title":"Pol\u00edtica de privacidad de Studio City Orthodontist en Studio City, CA","_seopress_titles_desc":"Studio City Orthodontist respeta su privacidad, detallando c\u00f3mo recopilamos, usamos y protegemos sus datos, incluyendo actualizaciones por SMS e informaci\u00f3n del paciente.","_seopress_robots_index":"","footnotes":""},"class_list":["post-6418","page","type-page","status-publish","has-post-thumbnail"],"_links":{"self":[{"href":"https:\/\/orthodontiststudiocity.com\/es\/wp-json\/wp\/v2\/pages\/6418","targetHints":{"allow":["GET"]}}],"collection":[{"href":"https:\/\/orthodontiststudiocity.com\/es\/wp-json\/wp\/v2\/pages"}],"about":[{"href":"https:\/\/orthodontiststudiocity.com\/es\/wp-json\/wp\/v2\/types\/page"}],"author":[{"embeddable":true,"href":"https:\/\/orthodontiststudiocity.com\/es\/wp-json\/wp\/v2\/users\/2"}],"replies":[{"embeddable":true,"href":"https:\/\/orthodontiststudiocity.com\/es\/wp-json\/wp\/v2\/comments?post=6418"}],"version-history":[{"count":1,"href":"https:\/\/orthodontiststudiocity.com\/es\/wp-json\/wp\/v2\/pages\/6418\/revisions"}],"predecessor-version":[{"id":6420,"href":"https:\/\/orthodontiststudiocity.com\/es\/wp-json\/wp\/v2\/pages\/6418\/revisions\/6420"}],"wp:featuredmedia":[{"embeddable":true,"href":"https:\/\/orthodontiststudiocity.com\/es\/wp-json\/wp\/v2\/media\/6419"}],"wp:attachment":[{"href":"https:\/\/orthodontiststudiocity.com\/es\/wp-json\/wp\/v2\/media?parent=6418"}],"curies":[{"name":"wp","href":"https:\/\/api.w.org\/{rel}","templated":true}]}}