{"id":6415,"date":"2017-02-06T01:33:06","date_gmt":"2017-02-06T01:33:06","guid":{"rendered":"https:\/\/orthodontiststudiocity.com\/ortodoncia-temprana\/"},"modified":"2025-10-09T00:28:12","modified_gmt":"2025-10-09T00:28:12","slug":"ortodoncia-temprana","status":"publish","type":"page","link":"https:\/\/orthodontiststudiocity.com\/es\/ortodoncia-temprana\/","title":{"rendered":"Ortodoncia temprana"},"content":{"rendered":"\t\t<div data-elementor-type=\"wp-page\" data-elementor-id=\"6415\" class=\"elementor elementor-6415 elementor-36\" data-elementor-post-type=\"page\">\n\t\t\t\t<div data-particle_enable=\"false\" data-particle-mobile-disabled=\"false\" class=\"elementor-element elementor-element-af512eb e-con-full e-flex e-con e-child\" data-id=\"af512eb\" data-element_type=\"container\" data-e-type=\"container\">\n\t\t\t\t<div class=\"elementor-element elementor-element-bf34578 elementor-widget__width-inherit elementor-widget elementor-widget-heading\" data-id=\"bf34578\" data-element_type=\"widget\" data-e-type=\"widget\" data-widget_type=\"heading.default\">\n\t\t\t\t<div class=\"elementor-widget-container\">\n\t\t\t\t\t<h1 class=\"elementor-heading-title elementor-size-default\">Tratamiento de ortodoncia para ni\u00f1os<\/h1>\t\t\t\t<\/div>\n\t\t\t\t<\/div>\n\t\t\t\t<\/div>\n\t\t\t\t<section data-particle_enable=\"false\" data-particle-mobile-disabled=\"false\" class=\"elementor-section elementor-top-section elementor-element elementor-element-444ee7ad elementor-section-boxed elementor-section-height-default elementor-section-height-default\" data-id=\"444ee7ad\" data-element_type=\"section\" data-e-type=\"section\">\n\t\t\t\t\t\t<div class=\"elementor-container elementor-column-gap-default\">\n\t\t\t\t\t<div class=\"elementor-column elementor-col-100 elementor-top-column elementor-element elementor-element-dc59cc\" data-id=\"dc59cc\" data-element_type=\"column\" data-e-type=\"column\">\n\t\t\t<div class=\"elementor-widget-wrap elementor-element-populated\">\n\t\t\t\t\t\t<div class=\"elementor-element elementor-element-788fbfeb elementor-widget elementor-widget-text-editor\" data-id=\"788fbfeb\" data-element_type=\"widget\" data-e-type=\"widget\" data-widget_type=\"text-editor.default\">\n\t\t\t\t<div class=\"elementor-widget-container\">\n\t\t\t\t\t\t\t\t\t<p data-start=\"444\" data-end=\"735\">Los padres a menudo preguntan:<\/p><h2 data-start=\"444\" data-end=\"735\">\u00bfCu\u00e1ndo deber\u00eda mi hijo ver por primera vez a un ortodoncista pedi\u00e1trico?<\/h2><p data-start=\"444\" data-end=\"735\">La Asociaci\u00f3n Americana de Ortodoncistas recomienda programar una evaluaci\u00f3n antes de los 7 a\u00f1os. En Studio City Orthodontist, el <a href=\"https:\/\/orthodontiststudiocity.com\/es\/conozca-al-dr-reyna-blanco\/\">Dr. Oscar Reyna-Blanco<\/a> utiliza la primera visita para revisar la mordida, el desarrollo dental y el crecimiento de la mand\u00edbula de su hijo. <\/p><p data-start=\"737\" data-end=\"901\">Muchos dentistas locales tambi\u00e9n est\u00e1n capacitados para detectar problemas de ortodoncia. Si ven algo que necesita atenci\u00f3n temprana, pueden remitir a su hijo a nosotros antes de los 7 a\u00f1os. <\/p><h2 data-start=\"908\" data-end=\"951\">\u00bfPor qu\u00e9 evaluar a los ni\u00f1os a una edad temprana?<\/h2><p data-start=\"953\" data-end=\"1078\">Detectar los problemas a tiempo puede marcar una gran diferencia en la sonrisa y la salud bucal de su hijo. El diagn\u00f3stico y el tratamiento tempranos pueden: <\/p><ul data-start=\"1080\" data-end=\"1295\"><li data-start=\"1080\" data-end=\"1130\"><p data-start=\"1082\" data-end=\"1130\">Guiar la erupci\u00f3n de los dientes hacia mejores posiciones<\/p><\/li><li data-start=\"1131\" data-end=\"1173\"><p data-start=\"1133\" data-end=\"1173\">Preservar el espacio para los dientes permanentes<\/p><\/li><li data-start=\"1174\" data-end=\"1237\"><p data-start=\"1176\" data-end=\"1237\">Reducir el riesgo de lesiones en los dientes frontales por protrusi\u00f3n<\/p><\/li><li data-start=\"1238\" data-end=\"1295\"><p data-start=\"1240\" data-end=\"1295\">Fomentar un crecimiento saludable de la mand\u00edbula para una correcta alineaci\u00f3n<\/p><\/li><\/ul><h2 data-start=\"3299\" data-end=\"3361\">\u00bfEliminar\u00e1 el tratamiento temprano la necesidad de aparatos ortop\u00e9dicos para ni\u00f1os m\u00e1s adelante?<\/h2><p data-start=\"3363\" data-end=\"3675\">La atenci\u00f3n temprana puede corregir problemas importantes y evitar que se desarrollen problemas graves. Sin embargo, debido a que los dientes permanentes a\u00fan est\u00e1n saliendo, la mayor\u00eda de los ni\u00f1os que reciben tratamiento temprano (Fase I) necesitar\u00e1n una segunda fase (Fase II) durante su <g id=\"gid_0\">adolescencia<\/g>. Esta fase generalmente implica una ronda m\u00e1s corta y enfocada de <a href=\"https:\/\/orthodontiststudiocity.com\/es\/tipos-de-brackets\/\">aparatos ortop\u00e9dicos<\/a>.    <\/p><p data-start=\"3677\" data-end=\"3738\">Sin embargo, en algunos casos, el tratamiento temprano por s\u00ed solo puede ser suficiente.<\/p><h2 data-start=\"1302\" data-end=\"1335\">\u00bfQu\u00e9 puede hacer el tratamiento de ortodoncia temprana?<\/h2><p data-start=\"1337\" data-end=\"1498\">Si su hijo necesita atenci\u00f3n temprana, el Dr. Reyna-Blanco puede guiar suavemente el crecimiento de la mand\u00edbula y ayudar a que los dientes permanentes salgan correctamente. El tratamiento temprano tambi\u00e9n puede: <\/p><ul data-start=\"1500\" data-end=\"1781\"><li data-start=\"1500\" data-end=\"1552\"><p data-start=\"1502\" data-end=\"1552\">Regular el ancho de los arcos superior e inferior<\/p><\/li><li data-start=\"1553\" data-end=\"1589\"><p data-start=\"1555\" data-end=\"1589\">Crear espacio para los dientes permanentes<\/p><\/li><li data-start=\"1590\" data-end=\"1648\"><p data-start=\"1592\" data-end=\"1648\">Disminuir las posibilidades de extracciones de dientes permanentes m\u00e1s adelante<\/p><\/li><li data-start=\"1649\" data-end=\"1692\"><p data-start=\"1651\" data-end=\"1692\">Reducir la probabilidad de dientes impactados<\/p><\/li><li data-start=\"1693\" data-end=\"1730\"><p data-start=\"1695\" data-end=\"1730\">Corregir h\u00e1bitos como chuparse el dedo<\/p><\/li><li data-start=\"1731\" data-end=\"1781\"><p data-start=\"1733\" data-end=\"1781\">Mejorar los patrones de degluci\u00f3n o los problemas del habla<\/p><\/li><\/ul><p data-start=\"1783\" data-end=\"1889\">En pocas palabras, el tratamiento temprano puede hacer que la ortodoncia en la adolescencia sea m\u00e1s f\u00e1cil, m\u00e1s corta y m\u00e1s efectiva.<\/p><h2 data-start=\"1896\" data-end=\"1939\">\u00bfTodos los ni\u00f1os necesitan tratamiento temprano?<\/h2><p data-start=\"1941\" data-end=\"2141\">No siempre. Algunos problemas de ortodoncia se corrigen mejor durante la adolescencia, cuando todos los dientes permanentes han salido. En ciertos casos, el tratamiento debe esperar hasta que el crecimiento del ni\u00f1o est\u00e9 m\u00e1s avanzado.  <\/p><p data-start=\"2143\" data-end=\"2349\">Creamos un plan personalizado para cada ni\u00f1o. Si su hijo no est\u00e1 listo para los aparatos ortop\u00e9dicos, se le colocar\u00e1 en nuestro Programa de Supervisi\u00f3n de Ortodoncia para que podamos controlar su progreso. <\/p><h2 data-start=\"2356\" data-end=\"2405\">\u00bfQu\u00e9 es el programa de supervisi\u00f3n de ortodoncia?<\/h2><p data-start=\"2407\" data-end=\"2528\">Nuestro programa de supervisi\u00f3n est\u00e1 dise\u00f1ado para ni\u00f1os que no est\u00e1n listos para comenzar el tratamiento de inmediato. As\u00ed es como funciona: <\/p><ul data-start=\"2530\" data-end=\"2775\"><li data-start=\"2530\" data-end=\"2574\"><p data-start=\"2532\" data-end=\"2574\">Realizamos un seguimiento de la erupci\u00f3n de los dientes permanentes<\/p><\/li><li data-start=\"2575\" data-end=\"2647\"><p data-start=\"2577\" data-end=\"2647\">Recomendamos la extracci\u00f3n temprana de los dientes de leche si puede ayudar a guiar el crecimiento<\/p><\/li><li data-start=\"2648\" data-end=\"2715\"><p data-start=\"2650\" data-end=\"2715\">Programamos visitas de seguimiento cada 6 a 8 meses para verificar el progreso<\/p><\/li><li data-start=\"2716\" data-end=\"2775\"><p data-start=\"2718\" data-end=\"2775\">Mantenemos actualizado a su dentista familiar sobre cualquier recomendaci\u00f3n<\/p><\/li><\/ul><p data-start=\"2777\" data-end=\"2908\">No hay cargo adicional por este programa. Nos permite comenzar el tratamiento en el mejor momento posible para el \u00e9xito a largo plazo. <\/p><h2 data-start=\"2915\" data-end=\"2968\">Beneficios del tratamiento de ortodoncia m\u00e1s all\u00e1 de una sonrisa<\/h2><p data-start=\"2970\" data-end=\"3088\">Si bien una sonrisa recta es el beneficio m\u00e1s visible, la ortodoncia tambi\u00e9n mejora la salud bucal. Los aparatos ortop\u00e9dicos y los alineadores pueden: <\/p><ul data-start=\"3090\" data-end=\"3292\"><li data-start=\"3090\" data-end=\"3142\"><p data-start=\"3092\" data-end=\"3142\">Corregir la mordida para una mejor masticaci\u00f3n y habla<\/p><\/li><li data-start=\"3143\" data-end=\"3209\"><p data-start=\"3145\" data-end=\"3209\">Facilitar la limpieza de los dientes, reduciendo las caries y los problemas de enc\u00edas<\/p><\/li><li data-start=\"3210\" data-end=\"3242\"><p data-start=\"3212\" data-end=\"3242\">Prevenir el desgaste desigual de los dientes<\/p><\/li><li data-start=\"3243\" data-end=\"3292\"><p data-start=\"3245\" data-end=\"3292\">Ayudar a que los dientes naturales duren m\u00e1s hasta la edad adulta<\/p><\/li><\/ul><h2 data-start=\"3745\" data-end=\"3795\">\u00bfDeber\u00eda mi hijo seguir viendo al dentista familiar?<\/h2><p data-start=\"3797\" data-end=\"4041\">S\u00ed. Los ni\u00f1os con aparatos ortop\u00e9dicos u otros dispositivos deben prestar especial atenci\u00f3n a la higiene bucal. Para mantener sus dientes y enc\u00edas sanos, recomendamos visitar a su dentista familiar para un chequeo y una limpieza cada 6 meses durante todo el tratamiento de ortodoncia.  <\/p>\t\t\t\t\t\t\t\t<\/div>\n\t\t\t\t<\/div>\n\t\t\t\t\t<\/div>\n\t\t<\/div>\n\t\t\t\t\t<\/div>\n\t\t<\/section>\n\t\t\t\t<\/div>\n\t\t","protected":false},"excerpt":{"rendered":"<p>Tratamiento de ortodoncia para ni\u00f1os Los padres a menudo preguntan: \u00bfCu\u00e1ndo deber\u00eda mi hijo ver por primera vez a un ortodoncista pedi\u00e1trico? La Asociaci\u00f3n Americana de Ortodoncistas recomienda programar una evaluaci\u00f3n antes de los 7 a\u00f1os. En Studio City Orthodontist, el Dr. Oscar Reyna-Blanco utiliza la primera visita para revisar la mordida, el desarrollo dental y el crecimiento [&hellip;]<\/p>\n","protected":false},"author":2,"featured_media":6416,"parent":0,"menu_order":28,"comment_status":"closed","ping_status":"closed","template":"","meta":{"_seopress_robots_primary_cat":"","_seopress_titles_title":"Ortodoncista pedi\u00e1trico en Studio City, CA | Ortodoncista de Studio City","_seopress_titles_desc":"El Dr. Oscar Reyna-Blanco, ortodoncista pedi\u00e1trico, ofrece tratamiento de ortodoncia temprana para guiar el desarrollo dental y de la mand\u00edbula, y aparatos ortop\u00e9dicos para ni\u00f1os cuando es necesario.","_seopress_robots_index":"","footnotes":""},"class_list":["post-6415","page","type-page","status-publish","has-post-thumbnail"],"_links":{"self":[{"href":"https:\/\/orthodontiststudiocity.com\/es\/wp-json\/wp\/v2\/pages\/6415","targetHints":{"allow":["GET"]}}],"collection":[{"href":"https:\/\/orthodontiststudiocity.com\/es\/wp-json\/wp\/v2\/pages"}],"about":[{"href":"https:\/\/orthodontiststudiocity.com\/es\/wp-json\/wp\/v2\/types\/page"}],"author":[{"embeddable":true,"href":"https:\/\/orthodontiststudiocity.com\/es\/wp-json\/wp\/v2\/users\/2"}],"replies":[{"embeddable":true,"href":"https:\/\/orthodontiststudiocity.com\/es\/wp-json\/wp\/v2\/comments?post=6415"}],"version-history":[{"count":1,"href":"https:\/\/orthodontiststudiocity.com\/es\/wp-json\/wp\/v2\/pages\/6415\/revisions"}],"predecessor-version":[{"id":6417,"href":"https:\/\/orthodontiststudiocity.com\/es\/wp-json\/wp\/v2\/pages\/6415\/revisions\/6417"}],"wp:featuredmedia":[{"embeddable":true,"href":"https:\/\/orthodontiststudiocity.com\/es\/wp-json\/wp\/v2\/media\/6416"}],"wp:attachment":[{"href":"https:\/\/orthodontiststudiocity.com\/es\/wp-json\/wp\/v2\/media?parent=6415"}],"curies":[{"name":"wp","href":"https:\/\/api.w.org\/{rel}","templated":true}]}}