{"id":6412,"date":"2017-02-06T01:30:55","date_gmt":"2017-02-06T01:30:55","guid":{"rendered":"https:\/\/orthodontiststudiocity.com\/atencion-de-urgencias\/"},"modified":"2025-10-09T00:28:12","modified_gmt":"2025-10-09T00:28:12","slug":"atencion-de-urgencias","status":"publish","type":"page","link":"https:\/\/orthodontiststudiocity.com\/es\/atencion-de-urgencias\/","title":{"rendered":"Atenci\u00f3n de urgencias"},"content":{"rendered":"\t\t<div data-elementor-type=\"wp-page\" data-elementor-id=\"6412\" class=\"elementor elementor-6412 elementor-30\" data-elementor-post-type=\"page\">\n\t\t\t\t<div data-particle_enable=\"false\" data-particle-mobile-disabled=\"false\" class=\"elementor-element elementor-element-63d13e6 e-flex e-con-boxed e-con e-parent\" data-id=\"63d13e6\" data-element_type=\"container\" data-e-type=\"container\">\n\t\t\t\t\t<div class=\"e-con-inner\">\n\t\t\t\t<div class=\"elementor-element elementor-element-e6435bd elementor-widget elementor-widget-heading\" data-id=\"e6435bd\" data-element_type=\"widget\" data-e-type=\"widget\" data-widget_type=\"heading.default\">\n\t\t\t\t<div class=\"elementor-widget-container\">\n\t\t\t\t\t<h1 class=\"elementor-heading-title elementor-size-default\">Atenci\u00f3n de urgencias de ortodoncia<\/h1>\t\t\t\t<\/div>\n\t\t\t\t<\/div>\n\t\t\t\t\t<\/div>\n\t\t\t\t<\/div>\n\t\t\t\t<section data-particle_enable=\"false\" data-particle-mobile-disabled=\"false\" class=\"elementor-section elementor-top-section elementor-element elementor-element-39133a2d elementor-section-boxed elementor-section-height-default elementor-section-height-default\" data-id=\"39133a2d\" data-element_type=\"section\" data-e-type=\"section\">\n\t\t\t\t\t\t<div class=\"elementor-container elementor-column-gap-default\">\n\t\t\t\t\t<div class=\"elementor-column elementor-col-100 elementor-top-column elementor-element elementor-element-423a050a\" data-id=\"423a050a\" data-element_type=\"column\" data-e-type=\"column\">\n\t\t\t<div class=\"elementor-widget-wrap elementor-element-populated\">\n\t\t\t\t\t\t<div class=\"elementor-element elementor-element-3c018611 elementor-widget elementor-widget-text-editor\" data-id=\"3c018611\" data-element_type=\"widget\" data-e-type=\"widget\" data-widget_type=\"text-editor.default\">\n\t\t\t\t<div class=\"elementor-widget-container\">\n\t\t\t\t\t\t\t\t\t<p data-start=\"391\" data-end=\"866\">Incluso con el mejor cuidado, pueden ocurrir accidentes. En Studio City Orthodontist, queremos que se sienta seguro sabiendo que, si ocurre una urgencia de ortodoncia, estamos aqu\u00ed para guiarle. La mayor\u00eda de los problemas de ortodoncia no son verdaderas urgencias y se pueden controlar en casa hasta que visite nuestra consulta. Sin embargo, algunas situaciones pueden requerir atenci\u00f3n profesional inmediata. Comprender qu\u00e9 se considera una urgencia de ortodoncia y c\u00f3mo responder puede ayudarle a mantener la calma y proteger su sonrisa.    <\/p><h2 data-start=\"873\" data-end=\"910\">Tipos de urgencias de ortodoncia<\/h2><p data-start=\"912\" data-end=\"976\">Las urgencias de ortodoncia suelen dividirse en dos categor\u00edas principales:<\/p><ol data-start=\"978\" data-end=\"1095\"><li data-start=\"978\" data-end=\"1042\"><p data-start=\"981\" data-end=\"1042\">Urgencias relacionadas con los <a href=\"https:\/\/orthodontiststudiocity.com\/es\/tipos-de-brackets\/\">brackets<\/a> o aparatos de ortodoncia<\/p><\/li><li data-start=\"1043\" data-end=\"1095\"><p data-start=\"1046\" data-end=\"1095\">Lesiones directas en la boca, los dientes o la mand\u00edbula<\/p><\/li><\/ol><p data-start=\"1097\" data-end=\"1159\">Conocer la diferencia le ayudar\u00e1 a decidir qu\u00e9 hacer a continuaci\u00f3n.<\/p>\t\t\t\t\t\t\t\t<\/div>\n\t\t\t\t<\/div>\n\t\t\t\t\t<\/div>\n\t\t<\/div>\n\t\t\t\t\t<\/div>\n\t\t<\/section>\n\t\t<div data-particle_enable=\"false\" data-particle-mobile-disabled=\"false\" class=\"elementor-element elementor-element-bf0ee83 e-flex e-con-boxed e-con e-parent\" data-id=\"bf0ee83\" data-element_type=\"container\" data-e-type=\"container\">\n\t\t\t\t\t<div class=\"e-con-inner\">\n\t\t\t\t<div class=\"elementor-element elementor-element-bbf0f57 elementor-widget elementor-widget-video\" data-id=\"bbf0f57\" data-element_type=\"widget\" data-e-type=\"widget\" data-settings=\"{&quot;youtube_url&quot;:&quot;https:\\\/\\\/youtu.be\\\/XtoWJkqNAJ0&quot;,&quot;video_type&quot;:&quot;youtube&quot;,&quot;controls&quot;:&quot;yes&quot;}\" data-widget_type=\"video.default\">\n\t\t\t\t<div class=\"elementor-widget-container\">\n\t\t\t\t\t\t\t<div class=\"elementor-wrapper elementor-open-inline\">\n\t\t\t<div class=\"elementor-video\"><\/div>\t\t<\/div>\n\t\t\t\t\t\t<\/div>\n\t\t\t\t<\/div>\n\t\t\t\t\t<\/div>\n\t\t\t\t<\/div>\n\t\t\t\t<section data-particle_enable=\"false\" data-particle-mobile-disabled=\"false\" class=\"elementor-section elementor-top-section elementor-element elementor-element-b31274a elementor-section-boxed elementor-section-height-default elementor-section-height-default\" data-id=\"b31274a\" data-element_type=\"section\" data-e-type=\"section\">\n\t\t\t\t\t\t<div class=\"elementor-container elementor-column-gap-default\">\n\t\t\t\t\t<div class=\"elementor-column elementor-col-100 elementor-top-column elementor-element elementor-element-fb7423e\" data-id=\"fb7423e\" data-element_type=\"column\" data-e-type=\"column\">\n\t\t\t<div class=\"elementor-widget-wrap elementor-element-populated\">\n\t\t\t\t\t\t<div class=\"elementor-element elementor-element-432d9c1 elementor-widget elementor-widget-text-editor\" data-id=\"432d9c1\" data-element_type=\"widget\" data-e-type=\"widget\" data-widget_type=\"text-editor.default\">\n\t\t\t\t<div class=\"elementor-widget-container\">\n\t\t\t\t\t\t\t\t\t<h3 data-start=\"1166\" data-end=\"1216\">Urgencias relacionadas con aparatos de ortodoncia<\/h3><p data-start=\"1218\" data-end=\"1453\">A veces, los brackets o los aparatos pueden aflojarse, romperse o causar irritaci\u00f3n. Si bien estas situaciones pueden resultar inc\u00f3modas, rara vez son peligrosas. Aqu\u00ed tiene algunas soluciones r\u00e1pidas que puede probar en casa hasta que pueda ser atendido por el <a href=\"https:\/\/orthodontiststudiocity.com\/es\/conozca-al-dr-reyna-blanco\/\">Dr. Oscar Reyna-Blanco<\/a>:  <\/p><ul data-start=\"1455\" data-end=\"1998\"><li data-start=\"1455\" data-end=\"1607\"><p data-start=\"1457\" data-end=\"1607\">Alambre de ligadura irritante: cubra la zona con cera de ortodoncia o introduzca suavemente el alambre debajo del arco con una goma de borrar limpia o un bastoncillo de algod\u00f3n.<\/p><\/li><li data-start=\"1608\" data-end=\"1776\"><p data-start=\"1610\" data-end=\"1776\">Banda o bracket suelto: d\u00e9jelo en su sitio si es posible y llame a nuestra consulta durante el horario de atenci\u00f3n al paciente. Le programaremos una cita para que le vuelvan a colocar el aparato si es necesario. <\/p><\/li><li data-start=\"1777\" data-end=\"1998\"><p data-start=\"1779\" data-end=\"1998\">Arco roto o que sobresale: intente doblar el alambre para que vuelva a su sitio con una goma de borrar. Si no funciona, puede cortarlo con cuidado con un corta\u00fa\u00f1as limpio. A continuaci\u00f3n, p\u00f3ngase en contacto con nuestra consulta para que podamos hacer los ajustes necesarios.  <\/p><\/li><\/ul><p data-start=\"2000\" data-end=\"2220\">Importante: Llame a nuestra consulta durante el horario de atenci\u00f3n al paciente para <a href=\"https:\/\/orthodontiststudiocity.com\/es\/solicitar-una-cita\/\">programar una cita<\/a> para las reparaciones. No se admiten visitas sin cita previa para urgencias, ya que esto interrumpir\u00eda la atenci\u00f3n de los pacientes ya programados. <\/p><h3 data-start=\"2227\" data-end=\"2269\">Lesiones directas en la boca o los dientes<\/h3><p data-start=\"2271\" data-end=\"2407\">Si sufre una lesi\u00f3n directa en la boca o los dientes, est\u00e9 o no en tratamiento de ortodoncia, siga estos pasos:<\/p><ol data-start=\"2409\" data-end=\"2893\"><li data-start=\"2409\" data-end=\"2459\"><p data-start=\"2412\" data-end=\"2459\">Aplique hielo inmediatamente para reducir la hinchaz\u00f3n.<\/p><\/li><li data-start=\"2460\" data-end=\"2580\"><p data-start=\"2463\" data-end=\"2580\">P\u00f3ngase en contacto con su dentista general de inmediato. Las lesiones dentales a menudo requieren radiograf\u00edas para evaluar el alcance del da\u00f1o. <\/p><\/li><li data-start=\"2581\" data-end=\"2753\"><p data-start=\"2584\" data-end=\"2753\">Si se le ha desplazado, fracturado o ca\u00eddo un diente, su dentista es la mejor primera llamada, ya que tiene las herramientas y la anestesia necesarias para el tratamiento urgente.<\/p><\/li><li data-start=\"2754\" data-end=\"2893\"><p data-start=\"2757\" data-end=\"2893\">Una vez que su dentista haya tratado la lesi\u00f3n, llame a nuestra consulta para que podamos ajustar o reparar sus aparatos de ortodoncia seg\u00fan sea necesario.<\/p><\/li><\/ol><h2 data-start=\"2900\" data-end=\"2940\">Urgencias de ortodoncia fuera del horario de atenci\u00f3n<\/h2><p data-start=\"2942\" data-end=\"3202\">Si surge una situaci\u00f3n fuera del horario de atenci\u00f3n y siente un dolor importante, llame a nuestra consulta y siga las instrucciones proporcionadas. Nuestro mensaje grabado le indicar\u00e1 con qui\u00e9n debe ponerse en contacto para obtener m\u00e1s ayuda. Su comodidad y seguridad son nuestras principales prioridades.  <\/p><h2 data-start=\"3707\" data-end=\"3743\">Tranquilidad para cada paciente<\/h2><p data-start=\"3745\" data-end=\"4102\">Las urgencias de ortodoncia pueden ser estresantes, pero saber qu\u00e9 hacer marca la diferencia. Nuestro equipo se compromete a ayudarle a solucionar los problemas inesperados de forma r\u00e1pida y eficaz. Ya sea un alambre que sobresale, un bracket roto o una lesi\u00f3n, le guiaremos a trav\u00e9s de los siguientes pasos correctos y le pondremos de nuevo en marcha con su tratamiento.  <\/p>\t\t\t\t\t\t\t\t<\/div>\n\t\t\t\t<\/div>\n\t\t\t\t\t<\/div>\n\t\t<\/div>\n\t\t\t\t\t<\/div>\n\t\t<\/section>\n\t\t\t\t<\/div>\n\t\t","protected":false},"excerpt":{"rendered":"<p>Atenci\u00f3n de urgencias de ortodoncia Incluso con el mejor cuidado, pueden ocurrir accidentes. En Studio City Orthodontist, queremos que se sienta seguro sabiendo que, si ocurre una urgencia de ortodoncia, estamos aqu\u00ed para guiarle. La mayor\u00eda de los problemas de ortodoncia no son verdaderas urgencias y se pueden controlar en casa hasta que visite nuestra consulta. Sin embargo, [&hellip;]<\/p>\n","protected":false},"author":2,"featured_media":6413,"parent":0,"menu_order":48,"comment_status":"closed","ping_status":"closed","template":"","meta":{"_seopress_robots_primary_cat":"","_seopress_titles_title":"Atenci\u00f3n de urgencias de ortodoncia en Studio City, CA | Ortodoncista de Studio City","_seopress_titles_desc":"Orientaci\u00f3n experta para urgencias de ortodoncia, incluidos alambres rotos, brackets sueltos y lesiones bucales, para proteger sus dientes y seguir el tratamiento.","_seopress_robots_index":"","footnotes":""},"class_list":["post-6412","page","type-page","status-publish","has-post-thumbnail"],"_links":{"self":[{"href":"https:\/\/orthodontiststudiocity.com\/es\/wp-json\/wp\/v2\/pages\/6412","targetHints":{"allow":["GET"]}}],"collection":[{"href":"https:\/\/orthodontiststudiocity.com\/es\/wp-json\/wp\/v2\/pages"}],"about":[{"href":"https:\/\/orthodontiststudiocity.com\/es\/wp-json\/wp\/v2\/types\/page"}],"author":[{"embeddable":true,"href":"https:\/\/orthodontiststudiocity.com\/es\/wp-json\/wp\/v2\/users\/2"}],"replies":[{"embeddable":true,"href":"https:\/\/orthodontiststudiocity.com\/es\/wp-json\/wp\/v2\/comments?post=6412"}],"version-history":[{"count":1,"href":"https:\/\/orthodontiststudiocity.com\/es\/wp-json\/wp\/v2\/pages\/6412\/revisions"}],"predecessor-version":[{"id":6414,"href":"https:\/\/orthodontiststudiocity.com\/es\/wp-json\/wp\/v2\/pages\/6412\/revisions\/6414"}],"wp:featuredmedia":[{"embeddable":true,"href":"https:\/\/orthodontiststudiocity.com\/es\/wp-json\/wp\/v2\/media\/6413"}],"wp:attachment":[{"href":"https:\/\/orthodontiststudiocity.com\/es\/wp-json\/wp\/v2\/media?parent=6412"}],"curies":[{"name":"wp","href":"https:\/\/api.w.org\/{rel}","templated":true}]}}