{"id":6409,"date":"2017-02-06T01:30:01","date_gmt":"2017-02-06T01:30:01","guid":{"rendered":"https:\/\/orthodontiststudiocity.com\/primera-visita\/"},"modified":"2025-10-09T00:28:12","modified_gmt":"2025-10-09T00:28:12","slug":"primera-visita","status":"publish","type":"page","link":"https:\/\/orthodontiststudiocity.com\/es\/primera-visita\/","title":{"rendered":"Primera visita"},"content":{"rendered":"\t\t<div data-elementor-type=\"wp-page\" data-elementor-id=\"6409\" class=\"elementor elementor-6409 elementor-28\" data-elementor-post-type=\"page\">\n\t\t\t\t<div data-particle_enable=\"false\" data-particle-mobile-disabled=\"false\" class=\"elementor-element elementor-element-9d36cd6 e-con-full e-flex e-con e-child\" data-id=\"9d36cd6\" data-element_type=\"container\" data-e-type=\"container\">\n\t\t\t\t<div class=\"elementor-element elementor-element-2ceafae elementor-widget__width-inherit elementor-widget elementor-widget-heading\" data-id=\"2ceafae\" data-element_type=\"widget\" data-e-type=\"widget\" data-widget_type=\"heading.default\">\n\t\t\t\t<div class=\"elementor-widget-container\">\n\t\t\t\t\t<h1 class=\"elementor-heading-title elementor-size-default\">Primera visita de ortodoncia en Studio City Orthodontist<\/h1>\t\t\t\t<\/div>\n\t\t\t\t<\/div>\n\t\t\t\t<\/div>\n\t\t\t\t<section data-particle_enable=\"false\" data-particle-mobile-disabled=\"false\" class=\"elementor-section elementor-top-section elementor-element elementor-element-600a6db2 elementor-section-boxed elementor-section-height-default elementor-section-height-default\" data-id=\"600a6db2\" data-element_type=\"section\" data-e-type=\"section\">\n\t\t\t\t\t\t<div class=\"elementor-container elementor-column-gap-default\">\n\t\t\t\t\t<div class=\"elementor-column elementor-col-100 elementor-top-column elementor-element elementor-element-10d72020\" data-id=\"10d72020\" data-element_type=\"column\" data-e-type=\"column\">\n\t\t\t<div class=\"elementor-widget-wrap elementor-element-populated\">\n\t\t\t\t\t\t<div class=\"elementor-element elementor-element-5472c7d1 elementor-widget elementor-widget-text-editor\" data-id=\"5472c7d1\" data-element_type=\"widget\" data-e-type=\"widget\" data-widget_type=\"text-editor.default\">\n\t\t\t\t<div class=\"elementor-widget-container\">\n\t\t\t\t\t\t\t\t\t<p data-start=\"448\" data-end=\"719\">Nos emociona darle la bienvenida a Studio City Orthodontist, donde la creaci\u00f3n de sonrisas saludables y seguras comienza desde la primera cita. Desde el momento en que entra y se registra con nuestra amable recepcionista, nuestro equipo se asegura de que su visita sea c\u00f3moda e informativa. <\/p><p data-start=\"721\" data-end=\"968\">Durante esta visita inicial, el <a href=\"https:\/\/orthodontiststudiocity.com\/es\/conozca-al-dr-reyna-blanco\/\">Dr. Oscar Reyna-Blanco<\/a> realizar\u00e1 un examen de ortodoncia exhaustivo y les explicar\u00e1 a usted y a su familia cada paso del proceso. Piense en esto como una consulta personalizada dise\u00f1ada para responder a sus mayores preguntas. <\/p><h2 data-start=\"975\" data-end=\"1025\">\u00bfQu\u00e9 esperar en su primera consulta de ortodoncia?<\/h2><p data-start=\"1027\" data-end=\"1152\">El objetivo del primer examen es simple: darle claridad sobre su sonrisa. Durante esta visita, responderemos a preguntas como: <\/p><ul data-start=\"1154\" data-end=\"1396\"><li data-start=\"1154\" data-end=\"1215\"><p data-start=\"1156\" data-end=\"1215\">\u00bfQu\u00e9 tipo de problema de ortodoncia (si lo hay) est\u00e1 presente?<\/p><\/li><li data-start=\"1216\" data-end=\"1265\"><p data-start=\"1218\" data-end=\"1265\">\u00bfCu\u00e1ndo es el mejor momento para comenzar el tratamiento?<\/p><\/li><li data-start=\"1266\" data-end=\"1314\"><p data-start=\"1268\" data-end=\"1314\">\u00bfQu\u00e9 opciones de tratamiento se recomiendan?<\/p><\/li><li data-start=\"1315\" data-end=\"1352\"><p data-start=\"1317\" data-end=\"1352\">\u00bfCu\u00e1nto durar\u00e1 el tratamiento?<\/p><\/li><li data-start=\"1353\" data-end=\"1396\"><p data-start=\"1355\" data-end=\"1396\">\u00bfCu\u00e1l ser\u00e1 el coste del tratamiento?<\/p><\/li><\/ul><h2 data-start=\"1403\" data-end=\"1426\">\u00bfQu\u00e9 son los registros de diagn\u00f3stico?<\/h2><p data-start=\"1636\" data-end=\"1785\">Los registros de diagn\u00f3stico brindan a nuestros m\u00e9dicos la informaci\u00f3n detallada que necesitan para crear su plan de tratamiento personalizado. Estos registros suelen incluir: <\/p><ul data-start=\"1787\" data-end=\"1934\"><li data-start=\"1787\" data-end=\"1821\"><p data-start=\"1789\" data-end=\"1821\">Modelos de estudio de sus dientes<\/p><\/li><li data-start=\"1822\" data-end=\"1877\"><p data-start=\"1824\" data-end=\"1877\">Radiograf\u00edas panor\u00e1micas y cefalom\u00e9tricas y trazados<\/p><\/li><li data-start=\"1878\" data-end=\"1934\"><p data-start=\"1880\" data-end=\"1934\">Un an\u00e1lisis completo del crecimiento de la mand\u00edbula y la alineaci\u00f3n de la mordida<\/p><\/li><\/ul><p data-start=\"1936\" data-end=\"2042\">Una vez revisado, el Dr. Reyna-Blanco trazar\u00e1 el camino de tratamiento m\u00e1s eficaz para su sonrisa \u00fanica.<\/p><h2 data-start=\"2049\" data-end=\"2095\">\u00bfCu\u00e1nto cuesta el tratamiento de ortodoncia?<\/h2><p data-start=\"2097\" data-end=\"2300\">Entendemos que el coste es un factor importante en su decisi\u00f3n. El <g id=\"gid_0\">precio del tratamiento<\/g> depende de la complejidad del caso. Es por eso que, durante su primera visita, nuestro coordinador de tratamiento revisar\u00e1:  <\/p><ul data-start=\"2302\" data-end=\"2458\"><li data-start=\"2302\" data-end=\"2349\"><p data-start=\"2304\" data-end=\"2349\">Tarifas exactas basadas en su plan de tratamiento<\/p><\/li><li data-start=\"2350\" data-end=\"2403\"><p data-start=\"2352\" data-end=\"2403\">Opciones de pago flexibles que se adaptan a su presupuesto<\/p><\/li><li data-start=\"2404\" data-end=\"2458\"><p data-start=\"2406\" data-end=\"2458\">Beneficios de seguro disponibles a trav\u00e9s de su plan<\/p><\/li><\/ul><p data-start=\"2460\" data-end=\"2589\">Estamos comprometidos a hacer que la ortodoncia sea asequible para cada familia.<\/p><h3 data-start=\"2596\" data-end=\"2636\">\u00bfQu\u00e9 est\u00e1 incluido en su inversi\u00f3n?<\/h3><p data-start=\"2638\" data-end=\"2698\">Cuando elige el tratamiento con nosotros, su inversi\u00f3n cubre:<\/p><ul data-start=\"2700\" data-end=\"3308\"><li data-start=\"2700\" data-end=\"2779\"><p data-start=\"2702\" data-end=\"2779\">Registros completos de ortodoncia: radiograf\u00edas, modelos de estudio y estudios de crecimiento.<\/p><\/li><li data-start=\"2780\" data-end=\"2976\"><p data-start=\"2782\" data-end=\"2976\">Tarifas de tratamiento activo: ya sea que comience con un tratamiento temprano o una atenci\u00f3n integral completa, su plan incluye <a href=\"https:\/\/orthodontiststudiocity.com\/es\/tipos-de-brackets\/\">brackets<\/a> o <a href=\"https:\/\/orthodontiststudiocity.com\/es\/invisalign\/\">Invisalign<\/a>, todos los aparatos necesarios y cada procedimiento en el consultorio.<\/p><\/li><li data-start=\"2977\" data-end=\"3143\"><p data-start=\"2979\" data-end=\"3143\">Aparatos duraderos: est\u00e1n dise\u00f1ados para durar durante el tratamiento cuando se usan correctamente. Si se pierden o se rompen debido a un mal uso, se puede aplicar una tarifa de reemplazo adicional. <\/p><\/li><li data-start=\"3144\" data-end=\"3308\"><p data-start=\"3146\" data-end=\"3308\">Retenedores finales: se incluye un juego de <a href=\"https:\/\/orthodontiststudiocity.com\/es\/retenedores-de-ortodoncia\/\">retenedores<\/a> al final del tratamiento. Se pueden comprar retenedores adicionales si se pierden o se rompen. <\/p><\/li><\/ul><h3 data-start=\"3315\" data-end=\"3361\">\u00bfQu\u00e9 no est\u00e1 incluido en la tarifa del tratamiento?<\/h3><p data-start=\"3363\" data-end=\"3450\">Para mantener las expectativas claras, esto es lo que queda fuera de su inversi\u00f3n en ortodoncia:<\/p><ul data-start=\"3452\" data-end=\"3648\"><li data-start=\"3452\" data-end=\"3500\"><p data-start=\"3454\" data-end=\"3500\">Trabajo dental realizado fuera de nuestra consulta<\/p><\/li><li data-start=\"3501\" data-end=\"3648\"><p data-start=\"3503\" data-end=\"3648\">Atenci\u00f3n relacionada con accidentes o lesiones que resultan en complicaciones de la ATM, necesidades quir\u00fargicas o ajustes inusuales que requieren un tratamiento prolongado<\/p><\/li><\/ul><h2 data-start=\"3655\" data-end=\"3696\">Seguro y beneficios<\/h2><p data-start=\"3698\" data-end=\"3929\">Nos complace hacer una verificaci\u00f3n de beneficios complementaria para todos nuestros pacientes, lo que ayuda a reducir la inversi\u00f3n en ortodoncia de su familia.<\/p><p data-start=\"3931\" data-end=\"4071\">Recordatorio importante: si su seguro cambia durante el tratamiento, notifique a nuestra consulta de inmediato para que podamos actualizar su contrato.<\/p><h2 data-start=\"4078\" data-end=\"4112\">Horario de consulta y citas<\/h2><p data-start=\"4114\" data-end=\"4261\">Su tiempo es importante para nosotros. Programamos las <g id=\"gid_0\">citas<\/g> cuidadosamente para garantizar que cada paciente reciba la atenci\u00f3n que merece. Para ayudarnos a mantenernos en el horario:  <\/p><ul data-start=\"4263\" data-end=\"4442\"><li data-start=\"4263\" data-end=\"4314\"><p data-start=\"4265\" data-end=\"4314\">Llegue a tiempo a su cita.<\/p><\/li><li data-start=\"4315\" data-end=\"4363\"><p data-start=\"4317\" data-end=\"4363\">Notif\u00edquenos con anticipaci\u00f3n si llega tarde.<\/p><\/li><li data-start=\"4364\" data-end=\"4442\"><p data-start=\"4366\" data-end=\"4442\">Respetar los horarios de las citas nos ayuda a atender a todos los pacientes de manera m\u00e1s eficiente.<\/p><\/li><\/ul><p data-start=\"4444\" data-end=\"4574\">Agradecemos su cooperaci\u00f3n y esperamos ayudarle a usted y a cada familia que atendemos a disfrutar de un viaje de ortodoncia sin problemas.<\/p>\t\t\t\t\t\t\t\t<\/div>\n\t\t\t\t<\/div>\n\t\t\t\t\t<\/div>\n\t\t<\/div>\n\t\t\t\t\t<\/div>\n\t\t<\/section>\n\t\t\t\t<\/div>\n\t\t","protected":false},"excerpt":{"rendered":"<p>Primera visita de ortodoncia en Studio City Orthodontist Nos emociona darle la bienvenida a Studio City Orthodontist, donde la creaci\u00f3n de sonrisas saludables y seguras comienza desde la primera cita. Desde el momento en que entra y se registra con nuestra amable recepcionista, nuestro equipo se asegura de que su visita sea c\u00f3moda e informativa. Durante esta visita [&hellip;]<\/p>\n","protected":false},"author":2,"featured_media":6410,"parent":0,"menu_order":18,"comment_status":"closed","ping_status":"closed","template":"","meta":{"_seopress_robots_primary_cat":"","_seopress_titles_title":"Primera visita de ortodoncia en Studio City Orthodontist CA","_seopress_titles_desc":"En su primera visita, el Dr. Oscar Reyna-Blanco le ofrece una consulta de ortodoncia exhaustiva con registros, revisi\u00f3n de costes y un camino claro hacia su mejor sonrisa.","_seopress_robots_index":"","footnotes":""},"class_list":["post-6409","page","type-page","status-publish","has-post-thumbnail"],"_links":{"self":[{"href":"https:\/\/orthodontiststudiocity.com\/es\/wp-json\/wp\/v2\/pages\/6409","targetHints":{"allow":["GET"]}}],"collection":[{"href":"https:\/\/orthodontiststudiocity.com\/es\/wp-json\/wp\/v2\/pages"}],"about":[{"href":"https:\/\/orthodontiststudiocity.com\/es\/wp-json\/wp\/v2\/types\/page"}],"author":[{"embeddable":true,"href":"https:\/\/orthodontiststudiocity.com\/es\/wp-json\/wp\/v2\/users\/2"}],"replies":[{"embeddable":true,"href":"https:\/\/orthodontiststudiocity.com\/es\/wp-json\/wp\/v2\/comments?post=6409"}],"version-history":[{"count":1,"href":"https:\/\/orthodontiststudiocity.com\/es\/wp-json\/wp\/v2\/pages\/6409\/revisions"}],"predecessor-version":[{"id":6411,"href":"https:\/\/orthodontiststudiocity.com\/es\/wp-json\/wp\/v2\/pages\/6409\/revisions\/6411"}],"wp:featuredmedia":[{"embeddable":true,"href":"https:\/\/orthodontiststudiocity.com\/es\/wp-json\/wp\/v2\/media\/6410"}],"wp:attachment":[{"href":"https:\/\/orthodontiststudiocity.com\/es\/wp-json\/wp\/v2\/media?parent=6409"}],"curies":[{"name":"wp","href":"https:\/\/api.w.org\/{rel}","templated":true}]}}