{"id":6405,"date":"2017-02-06T01:29:19","date_gmt":"2017-02-06T01:29:19","guid":{"rendered":"https:\/\/orthodontiststudiocity.com\/financiacion-sencilla\/"},"modified":"2025-10-09T00:28:12","modified_gmt":"2025-10-09T00:28:12","slug":"financiacion-sencilla","status":"publish","type":"page","link":"https:\/\/orthodontiststudiocity.com\/es\/financiacion-sencilla\/","title":{"rendered":"Financiaci\u00f3n sencilla"},"content":{"rendered":"\t\t<div data-elementor-type=\"wp-page\" data-elementor-id=\"6405\" class=\"elementor elementor-6405 elementor-26\" data-elementor-post-type=\"page\">\n\t\t\t\t<div data-particle_enable=\"false\" data-particle-mobile-disabled=\"false\" class=\"elementor-element elementor-element-407c2fd e-con-full e-flex e-con e-child\" data-id=\"407c2fd\" data-element_type=\"container\" data-e-type=\"container\">\n\t\t\t\t<div class=\"elementor-element elementor-element-6ac62e5 elementor-widget__width-inherit elementor-widget elementor-widget-heading\" data-id=\"6ac62e5\" data-element_type=\"widget\" data-e-type=\"widget\" data-widget_type=\"heading.default\">\n\t\t\t\t<div class=\"elementor-widget-container\">\n\t\t\t\t\t<h1 class=\"elementor-heading-title elementor-size-default\">Financiaci\u00f3n sencilla para tratamientos de ortodoncia<\/h1>\t\t\t\t<\/div>\n\t\t\t\t<\/div>\n\t\t\t\t<\/div>\n\t\t\t\t<section data-particle_enable=\"false\" data-particle-mobile-disabled=\"false\" class=\"elementor-section elementor-top-section elementor-element elementor-element-40f81338 elementor-section-boxed elementor-section-height-default elementor-section-height-default\" data-id=\"40f81338\" data-element_type=\"section\" data-e-type=\"section\">\n\t\t\t\t\t\t<div class=\"elementor-container elementor-column-gap-default\">\n\t\t\t\t\t<div class=\"elementor-column elementor-col-100 elementor-top-column elementor-element elementor-element-309aeccf\" data-id=\"309aeccf\" data-element_type=\"column\" data-e-type=\"column\">\n\t\t\t<div class=\"elementor-widget-wrap elementor-element-populated\">\n\t\t\t\t\t\t<div class=\"elementor-element elementor-element-376fec3f elementor-widget elementor-widget-text-editor\" data-id=\"376fec3f\" data-element_type=\"widget\" data-e-type=\"widget\" data-widget_type=\"text-editor.default\">\n\t\t\t\t<div class=\"elementor-widget-container\">\n\t\t\t\t\t\t\t\t\t<p data-start=\"469\" data-end=\"854\">En Studio City Orthodontist, creemos que el coste nunca deber\u00eda ser un obst\u00e1culo para una sonrisa sana y segura. Por eso, <g id=\"gid_0\">el Dr. Oscar Reyna-Blanco<\/g> ha dise\u00f1ado opciones de financiaci\u00f3n flexibles para que el tratamiento de ortodoncia sea asequible para todas las familias de nuestra comunidad. Desde pagos mensuales sin intereses hasta descuentos familiares, nos comprometemos a ayudarle a encontrar un plan que se ajuste a su presupuesto.  <\/p><h2 data-start=\"861\" data-end=\"907\">Opciones de pago flexibles para brackets e Invisalign asequibles<\/h2><p data-start=\"909\" data-end=\"1064\">Entendemos que la situaci\u00f3n financiera de cada familia es \u00fanica. Para darle tranquilidad, ofrecemos una gama de opciones que hacen que la ortodoncia sea accesible: <\/p><ul data-start=\"1066\" data-end=\"1401\"><li data-start=\"1066\" data-end=\"1134\"><p data-start=\"1068\" data-end=\"1134\">Descuento por pago completo para pacientes que eligen pagar por adelantado<\/p><\/li><li data-start=\"1135\" data-end=\"1214\"><p data-start=\"1137\" data-end=\"1214\">Financiaci\u00f3n sin intereses con un pago inicial bajo y c\u00f3modos pagos mensuales<\/p><\/li><li data-start=\"1215\" data-end=\"1313\"><p data-start=\"1217\" data-end=\"1313\">Descuentos para varios miembros de la familia cuando m\u00e1s de una persona de su hogar comienza el tratamiento<\/p><\/li><li data-start=\"1314\" data-end=\"1401\"><p data-start=\"1316\" data-end=\"1401\">Giros bancarios autom\u00e1ticos o pagos con tarjeta de cr\u00e9dito para mayor comodidad y tranquilidad<\/p><\/li><\/ul><p data-start=\"1403\" data-end=\"1523\">Con estas opciones, los pacientes pueden centrarse en disfrutar de la transformaci\u00f3n de su sonrisa sin preocuparse por el estr\u00e9s financiero.<\/p><h2 data-start=\"1530\" data-end=\"1567\">Qu\u00e9 incluye su tarifa de tratamiento<\/h2><p data-start=\"1569\" data-end=\"1692\">Cuando invierte en un tratamiento de ortodoncia, est\u00e1 pagando por algo m\u00e1s que <a href=\"https:\/\/orthodontiststudiocity.com\/es\/tipos-de-brackets\/\">brackets<\/a> o <a href=\"https:\/\/orthodontiststudiocity.com\/es\/invisalign\/\">Invisalign<\/a>. Su tarifa de tratamiento incluye: <\/p><ul data-start=\"1694\" data-end=\"1985\"><li data-start=\"1694\" data-end=\"1775\"><p data-start=\"1696\" data-end=\"1775\">Registros ortod\u00f3ncicos completos y radiograf\u00edas para guiar su plan de tratamiento<\/p><\/li><li data-start=\"1776\" data-end=\"1822\"><p data-start=\"1778\" data-end=\"1822\">Todos los aparatos necesarios para su atenci\u00f3n<\/p><\/li><li data-start=\"1823\" data-end=\"1902\"><p data-start=\"1825\" data-end=\"1902\">Cada visita a la consulta, incluyendo ajustes y citas de urgencia<\/p><\/li><li data-start=\"1903\" data-end=\"1985\"><p data-start=\"1905\" data-end=\"1985\">Un juego de <a href=\"https:\/\/orthodontiststudiocity.com\/es\/retenedores-de-ortodoncia\/\">retenedores<\/a> al final del tratamiento para ayudar a mantener sus resultados<\/p><\/li><\/ul><p data-start=\"1987\" data-end=\"2097\">Nos enorgullecemos de ofrecer un valor excepcional, asegurando que reciba una atenci\u00f3n completa de principio a fin.<\/p><h2 data-start=\"2104\" data-end=\"2153\">Ortodoncia experta sin costes ocultos<\/h2><p data-start=\"2155\" data-end=\"2503\">Una de las cosas que m\u00e1s aprecian los pacientes de nuestra consulta es la transparencia. Durante su consulta ortod\u00f3ncica gratuita, revisaremos el coste total del tratamiento, le explicaremos todas las opciones financieras y le explicaremos sus beneficios del seguro. Sabr\u00e1 exactamente qu\u00e9 esperar antes de que comience el tratamiento, sin sorpresas por el camino.  <\/p><p data-start=\"2505\" data-end=\"2757\">Tambi\u00e9n trabajamos en estrecha colaboraci\u00f3n con la mayor\u00eda de los principales proveedores de seguros. Nuestro equipo estar\u00e1 encantado de verificar sus beneficios, ayudarle a maximizar su cobertura y presentar las reclamaciones en su nombre. Esto ayuda a reducir sus gastos de bolsillo y hace que el tratamiento sea a\u00fan m\u00e1s asequible.  <\/p><h2 data-start=\"2764\" data-end=\"2804\">Por qu\u00e9 es importante invertir en su sonrisa<\/h2><p data-start=\"2806\" data-end=\"3132\">El tratamiento de ortodoncia es algo m\u00e1s que dientes rectos. Es una inversi\u00f3n en una mejor salud bucal, confianza a largo plazo y bienestar general. Con una financiaci\u00f3n flexible y opciones asequibles, nuestro objetivo es asegurarnos de que todos los ni\u00f1os, adolescentes y adultos de su familia tengan la oportunidad de disfrutar de los beneficios de una sonrisa sana.  <\/p><p data-start=\"3134\" data-end=\"3373\">Combinamos una atenci\u00f3n de alta calidad con soluciones de pago que se adaptan a su estilo de vida. Al ofrecer planes flexibles y una comunicaci\u00f3n clara, hacemos que el tratamiento de ortodoncia sea sencillo, sin estr\u00e9s y accesible para todos los pacientes. <\/p>\t\t\t\t\t\t\t\t<\/div>\n\t\t\t\t<\/div>\n\t\t\t\t\t<\/div>\n\t\t<\/div>\n\t\t\t\t\t<\/div>\n\t\t<\/section>\n\t\t\t\t<\/div>\n\t\t","protected":false},"excerpt":{"rendered":"<p>Financiaci\u00f3n sencilla para tratamientos de ortodoncia En Studio City Orthodontist, creemos que el coste nunca deber\u00eda ser un obst\u00e1culo para una sonrisa sana y segura. Por eso, el Dr. Oscar Reyna-Blanco ha dise\u00f1ado opciones de financiaci\u00f3n flexibles para que el tratamiento de ortodoncia sea asequible para todas las familias de nuestra comunidad. Desde pagos mensuales sin intereses hasta [&hellip;]<\/p>\n","protected":false},"author":2,"featured_media":6406,"parent":0,"menu_order":20,"comment_status":"closed","ping_status":"closed","template":"","meta":{"_seopress_robots_primary_cat":"","_seopress_titles_title":"Financiaci\u00f3n asequible de brackets Studio City CA | Ortodoncista de Studio City","_seopress_titles_desc":"Studio City Orthodontist ofrece brackets e Invisalign asequibles con financiaci\u00f3n flexible, planes sin intereses y descuentos familiares para una atenci\u00f3n ortod\u00f3ncica experta.","_seopress_robots_index":"","footnotes":""},"class_list":["post-6405","page","type-page","status-publish","has-post-thumbnail"],"_links":{"self":[{"href":"https:\/\/orthodontiststudiocity.com\/es\/wp-json\/wp\/v2\/pages\/6405","targetHints":{"allow":["GET"]}}],"collection":[{"href":"https:\/\/orthodontiststudiocity.com\/es\/wp-json\/wp\/v2\/pages"}],"about":[{"href":"https:\/\/orthodontiststudiocity.com\/es\/wp-json\/wp\/v2\/types\/page"}],"author":[{"embeddable":true,"href":"https:\/\/orthodontiststudiocity.com\/es\/wp-json\/wp\/v2\/users\/2"}],"replies":[{"embeddable":true,"href":"https:\/\/orthodontiststudiocity.com\/es\/wp-json\/wp\/v2\/comments?post=6405"}],"version-history":[{"count":1,"href":"https:\/\/orthodontiststudiocity.com\/es\/wp-json\/wp\/v2\/pages\/6405\/revisions"}],"predecessor-version":[{"id":6408,"href":"https:\/\/orthodontiststudiocity.com\/es\/wp-json\/wp\/v2\/pages\/6405\/revisions\/6408"}],"wp:featuredmedia":[{"embeddable":true,"href":"https:\/\/orthodontiststudiocity.com\/es\/wp-json\/wp\/v2\/media\/6406"}],"wp:attachment":[{"href":"https:\/\/orthodontiststudiocity.com\/es\/wp-json\/wp\/v2\/media?parent=6405"}],"curies":[{"name":"wp","href":"https:\/\/api.w.org\/{rel}","templated":true}]}}