{"id":6403,"date":"2017-05-28T15:25:06","date_gmt":"2017-05-28T15:25:06","guid":{"rendered":"https:\/\/orthodontiststudiocity.com\/invisalign\/"},"modified":"2025-10-09T00:28:06","modified_gmt":"2025-10-09T00:28:06","slug":"invisalign","status":"publish","type":"page","link":"https:\/\/orthodontiststudiocity.com\/es\/invisalign\/","title":{"rendered":"Invisalign"},"content":{"rendered":"\t\t<div data-elementor-type=\"wp-page\" data-elementor-id=\"6403\" class=\"elementor elementor-6403 elementor-1133\" data-elementor-post-type=\"page\">\n\t\t\t\t<div data-particle_enable=\"false\" data-particle-mobile-disabled=\"false\" class=\"elementor-element elementor-element-0fb2177 e-con-full e-flex e-con e-child\" data-id=\"0fb2177\" data-element_type=\"container\" data-e-type=\"container\">\n\t\t\t\t<div class=\"elementor-element elementor-element-f30ba5b elementor-widget__width-inherit elementor-widget elementor-widget-heading\" data-id=\"f30ba5b\" data-element_type=\"widget\" data-e-type=\"widget\" data-widget_type=\"heading.default\">\n\t\t\t\t<div class=\"elementor-widget-container\">\n\t\t\t\t\t<h1 class=\"elementor-heading-title elementor-size-default\">Alineadores transparentes de Invisalign en Studio City, CA<\/h1>\t\t\t\t<\/div>\n\t\t\t\t<\/div>\n\t\t\t\t<\/div>\n\t\t\t\t<section data-particle_enable=\"false\" data-particle-mobile-disabled=\"false\" class=\"elementor-section elementor-top-section elementor-element elementor-element-cd959d9 elementor-section-boxed elementor-section-height-default elementor-section-height-default\" data-id=\"cd959d9\" data-element_type=\"section\" data-e-type=\"section\">\n\t\t\t\t\t\t<div class=\"elementor-container elementor-column-gap-default\">\n\t\t\t\t\t<div class=\"elementor-column elementor-col-100 elementor-top-column elementor-element elementor-element-7fcd531c\" data-id=\"7fcd531c\" data-element_type=\"column\" data-e-type=\"column\">\n\t\t\t<div class=\"elementor-widget-wrap elementor-element-populated\">\n\t\t\t\t\t\t<div class=\"elementor-element elementor-element-406dd3c6 elementor-widget elementor-widget-text-editor\" data-id=\"406dd3c6\" data-element_type=\"widget\" data-e-type=\"widget\" data-widget_type=\"text-editor.default\">\n\t\t\t\t<div class=\"elementor-widget-container\">\n\t\t\t\t\t\t\t\t\t<p data-start=\"264\" data-end=\"749\">En Studio City Orthodontist, creemos que todo el mundo merece una sonrisa segura que se sienta tan bien como se ve. <a href=\"https:\/\/orthodontiststudiocity.com\/es\/conozca-al-dr-reyna-blanco\/\">El Dr. Oscar Reyna-Blanco<\/a>, su ortodoncista de confianza en Studio City, se enorgullece de ser un proveedor certificado de alineadores transparentes Invisalign\u00ae, una forma moderna y discreta de enderezar los dientes. Tanto si es un profesional ocupado, un adolescente que compagina los estudios y los deportes, como un adulto que desea una opci\u00f3n de bajo perfil, Invisalign puede transformar su sonrisa sin alterar su vida diaria. <\/p><p data-start=\"751\" data-end=\"1072\">Con pacientes que viajan desde todo Studio City, Sherman Oaks, Toluca Lake y las comunidades cercanas de Los \u00c1ngeles, hemos ayudado a innumerables familias a descubrir los beneficios de los alineadores transparentes. El Dr. Reyna-Blanco dise\u00f1a a medida cada plan de tratamiento, lo que garantiza que reciba el m\u00e1s alto nivel de atenci\u00f3n y resultados duraderos. <\/p><h2 data-start=\"1128\" data-end=\"1162\">\u00bfQu\u00e9 hace que los alineadores Invisalign sean \u00fanicos?<\/h2><p data-start=\"1164\" data-end=\"1312\">Invisalign utiliza una serie de alineadores transparentes hechos a medida para enderezar gradualmente sus dientes. A diferencia de los <a href=\"https:\/\/orthodontiststudiocity.com\/es\/tipos-de-brackets\/\">brackets tradicionales<\/a>, los alineadores Invisalign son: <\/p><ul data-start=\"1314\" data-end=\"1648\"><li data-start=\"1314\" data-end=\"1400\"><p data-start=\"1316\" data-end=\"1400\">Pr\u00e1cticamente invisibles: el pl\u00e1stico transparente se integra perfectamente con sus dientes naturales.<\/p><\/li><li data-start=\"1401\" data-end=\"1493\"><p data-start=\"1403\" data-end=\"1493\">C\u00f3modos: los alineadores suaves eliminan la irritaci\u00f3n causada por los alambres y los brackets.<\/p><\/li><li data-start=\"1494\" data-end=\"1560\"><p data-start=\"1496\" data-end=\"1560\">Extra\u00edbles: qu\u00edtatelos para comer, beber, cepillarte los dientes y usar hilo dental.<\/p><\/li><li data-start=\"1561\" data-end=\"1648\"><p data-start=\"1563\" data-end=\"1648\">Eficientes: muchos pacientes ven resultados en 12-18 meses, dependiendo de su caso.<\/p><\/li><\/ul><p data-start=\"1650\" data-end=\"1833\">Utilizando im\u00e1genes 3D avanzadas, cada juego de alineadores se adapta con precisi\u00f3n para un ajuste c\u00f3modo y eficaz. Invisalign ha sido reconocido en todo el mundo por proporcionar resultados hermosos y duraderos. <\/p>\t\t\t\t\t\t\t\t<\/div>\n\t\t\t\t<\/div>\n\t\t\t\t\t<\/div>\n\t\t<\/div>\n\t\t\t\t\t<\/div>\n\t\t<\/section>\n\t\t\t\t<section data-particle_enable=\"false\" data-particle-mobile-disabled=\"false\" class=\"elementor-section elementor-top-section elementor-element elementor-element-bd8fb9d elementor-section-boxed elementor-section-height-default elementor-section-height-default\" data-id=\"bd8fb9d\" data-element_type=\"section\" data-e-type=\"section\">\n\t\t\t\t\t\t<div class=\"elementor-container elementor-column-gap-default\">\n\t\t\t\t\t<div class=\"elementor-column elementor-col-100 elementor-top-column elementor-element elementor-element-8afed87\" data-id=\"8afed87\" data-element_type=\"column\" data-e-type=\"column\">\n\t\t\t<div class=\"elementor-widget-wrap elementor-element-populated\">\n\t\t\t\t\t\t<div class=\"elementor-element elementor-element-4f5b396 elementor-widget elementor-widget-video\" data-id=\"4f5b396\" data-element_type=\"widget\" data-e-type=\"widget\" data-settings=\"{&quot;youtube_url&quot;:&quot;https:\\\/\\\/youtu.be\\\/pOEk3Z0RbWE&quot;,&quot;video_type&quot;:&quot;youtube&quot;,&quot;controls&quot;:&quot;yes&quot;}\" data-widget_type=\"video.default\">\n\t\t\t\t<div class=\"elementor-widget-container\">\n\t\t\t\t\t\t\t<div class=\"elementor-wrapper elementor-open-inline\">\n\t\t\t<div class=\"elementor-video\"><\/div>\t\t<\/div>\n\t\t\t\t\t\t<\/div>\n\t\t\t\t<\/div>\n\t\t\t\t\t<\/div>\n\t\t<\/div>\n\t\t\t\t\t<\/div>\n\t\t<\/section>\n\t\t\t\t<section data-particle_enable=\"false\" data-particle-mobile-disabled=\"false\" class=\"elementor-section elementor-top-section elementor-element elementor-element-28af0ce elementor-section-boxed elementor-section-height-default elementor-section-height-default\" data-id=\"28af0ce\" data-element_type=\"section\" data-e-type=\"section\">\n\t\t\t\t\t\t<div class=\"elementor-container elementor-column-gap-default\">\n\t\t\t\t\t<div class=\"elementor-column elementor-col-100 elementor-top-column elementor-element elementor-element-ca67e11\" data-id=\"ca67e11\" data-element_type=\"column\" data-e-type=\"column\">\n\t\t\t<div class=\"elementor-widget-wrap elementor-element-populated\">\n\t\t\t\t\t\t<div class=\"elementor-element elementor-element-4eae875 elementor-widget elementor-widget-text-editor\" data-id=\"4eae875\" data-element_type=\"widget\" data-e-type=\"widget\" data-widget_type=\"text-editor.default\">\n\t\t\t\t<div class=\"elementor-widget-container\">\n\t\t\t\t\t\t\t\t\t<h2 data-start=\"1840\" data-end=\"1889\">\u00bfCu\u00e1les son las diferencias entre Invisalign y los brackets?<\/h2><p data-start=\"1891\" data-end=\"1967\">Muchos pacientes prefieren Invisalign a los brackets tradicionales porque ofrece:<\/p><ul data-start=\"1969\" data-end=\"2392\"><li data-start=\"1969\" data-end=\"2051\"><p data-start=\"1971\" data-end=\"2051\">Tratamiento discreto: enderece sus dientes sin brackets met\u00e1licos visibles.<\/p><\/li><li data-start=\"2052\" data-end=\"2140\"><p data-start=\"2054\" data-end=\"2140\">Sin restricciones alimentarias: los alineadores extra\u00edbles le permiten disfrutar de todos sus alimentos favoritos.<\/p><\/li><li data-start=\"2141\" data-end=\"2224\"><p data-start=\"2143\" data-end=\"2224\">Higiene bucal m\u00e1s f\u00e1cil: cep\u00edllese los dientes y use hilo dental sin alambres ni brackets de por medio.<\/p><\/li><li data-start=\"2225\" data-end=\"2312\"><p data-start=\"2227\" data-end=\"2312\">Menos visitas al consultorio: los controles son m\u00e1s sencillos y menos frecuentes que con los brackets.<\/p><\/li><li data-start=\"2313\" data-end=\"2392\"><p data-start=\"2315\" data-end=\"2392\">Ajuste c\u00f3modo: los alineadores mueven suavemente los dientes sin irritaci\u00f3n met\u00e1lica.<\/p><\/li><\/ul><p data-start=\"2394\" data-end=\"2522\">Invisalign es ideal para profesionales, estudiantes y cualquier persona que busque una opci\u00f3n de ortodoncia flexible y adaptada a su estilo de vida.<\/p><h2 data-start=\"1870\" data-end=\"1908\">\u00bfCu\u00e1l es el coste de Invisalign y los planes de pago?<\/h2><p data-start=\"1910\" data-end=\"2085\">En Studio City Orthodontist, nunca queremos que el coste se interponga en el camino de la sonrisa de sus sue\u00f1os. Es por eso que ofrecemos una variedad de <a href=\"https:\/\/orthodontiststudiocity.com\/orthodontic-financing\/\">planes de pago y opciones de financiaci\u00f3n de Invisalign<\/a>: <\/p><ul data-start=\"2087\" data-end=\"2378\"><li data-start=\"2087\" data-end=\"2142\"><p data-start=\"2089\" data-end=\"2142\">Pagos iniciales asequibles para empezar de inmediato.<\/p><\/li><li data-start=\"2143\" data-end=\"2206\"><p data-start=\"2145\" data-end=\"2206\">Planes de pago mensuales con financiaci\u00f3n sin intereses.<\/p><\/li><li data-start=\"2207\" data-end=\"2263\"><p data-start=\"2209\" data-end=\"2263\">Ayuda para maximizar sus beneficios de seguro de ortodoncia.<\/p><\/li><li data-start=\"2264\" data-end=\"2320\"><p data-start=\"2266\" data-end=\"2320\">Pago conveniente a trav\u00e9s de cuentas FSA y HSA.<\/p><\/li><li data-start=\"2321\" data-end=\"2378\"><p data-start=\"2323\" data-end=\"2378\">Se aceptan todas las principales tarjetas de cr\u00e9dito para su comodidad.<\/p><\/li><\/ul><p data-start=\"2380\" data-end=\"2486\">Nuestro equipo revisar\u00e1 sus opciones con usted, asegur\u00e1ndose de que su tratamiento sea eficaz y asequible.<\/p><h2 data-start=\"2493\" data-end=\"2536\">Invisalign para ni\u00f1os, adolescentes y adultos<\/h2><p data-start=\"2538\" data-end=\"2640\">Una de las mayores ventajas de Invisalign es su adaptabilidad; funciona para casi todos los grupos de edad:<\/p><ul data-start=\"2642\" data-end=\"3010\"><li data-start=\"2642\" data-end=\"2762\"><p data-start=\"2644\" data-end=\"2762\">Invisalign First: dise\u00f1ado para <a href=\"https:\/\/orthodontiststudiocity.com\/early-orthodontic-treatment\/\">ni\u00f1os<\/a> m\u00e1s peque\u00f1os para guiar el desarrollo de la mand\u00edbula y prevenir futuros problemas de ortodoncia.<\/p><\/li><li data-start=\"2763\" data-end=\"2879\"><p data-start=\"2765\" data-end=\"2879\">Invisalign Teen: incluye caracter\u00edsticas como indicadores de cumplimiento y pesta\u00f1as de erupci\u00f3n para adaptarse a las sonrisas en crecimiento de los <a href=\"https:\/\/orthodontiststudiocity.com\/es\/ortodoncia-para-adolescentes\/\">adolescentes<\/a>.<\/p><\/li><li data-start=\"2880\" data-end=\"3010\"><p data-start=\"2882\" data-end=\"3010\">Invisalign para adultos: una forma discreta de lograr una sonrisa recta para los <a href=\"https:\/\/orthodontiststudiocity.com\/es\/ortodoncia-para-adultos\/\">adultos<\/a> en cualquier etapa de la vida, incluso si ha usado brackets antes.<\/p><\/li><\/ul><p data-start=\"3012\" data-end=\"3119\">El Dr. Reyna-Blanco personaliza cada plan, asegur\u00e1ndose de que el tratamiento se ajuste a sus objetivos, estilo de vida y necesidades de sonrisa.<\/p><h2 data-start=\"3126\" data-end=\"3151\">\u00bfC\u00f3mo funciona el tratamiento de ortodoncia Invisalign?<\/h2><p data-start=\"3153\" data-end=\"3217\">Su viaje con Invisalign sigue un proceso claro, paso a paso:<\/p><ol data-start=\"3219\" data-end=\"3730\"><li data-start=\"3219\" data-end=\"3339\"><p data-start=\"3222\" data-end=\"3339\">Consulta gratuita: conozca al Dr. Reyna-Blanco, discuta sus objetivos y vea si Invisalign es adecuado para usted.<\/p><\/li><li data-start=\"3340\" data-end=\"3441\"><p data-start=\"3343\" data-end=\"3441\">Escaneos digitales 3D: sin impresiones complicadas, solo im\u00e1genes precisas que mapean los movimientos de sus dientes.<\/p><\/li><li data-start=\"3442\" data-end=\"3538\"><p data-start=\"3445\" data-end=\"3538\">Alineadores personalizados: reciba su primer juego de bandejas dise\u00f1adas para un ajuste c\u00f3modo y ce\u00f1ido.<\/p><\/li><li data-start=\"3539\" data-end=\"3630\"><p data-start=\"3542\" data-end=\"3630\">Usar y reemplazar: cambie los alineadores cada 1 o 2 semanas a medida que sus dientes se mueven a su lugar.<\/p><\/li><li data-start=\"3631\" data-end=\"3730\"><p data-start=\"3634\" data-end=\"3730\">Controles de progreso: vis\u00edtenos cada 6 a 10 semanas para asegurarse de que su tratamiento se mantenga encaminado.<\/p><\/li><\/ol><p data-start=\"3732\" data-end=\"3820\">La mayor\u00eda de los pacientes completan Invisalign en aproximadamente 12 a 18 meses, aunque cada sonrisa es \u00fanica.<\/p><h2 data-start=\"3827\" data-end=\"3867\">Cuidado de sus alineadores transparentes<\/h2><p data-start=\"3869\" data-end=\"3939\">Una de las razones por las que a los pacientes les encanta Invisalign es lo simple que es de mantener:<\/p><ul data-start=\"3941\" data-end=\"4196\"><li data-start=\"3941\" data-end=\"4001\"><p data-start=\"3943\" data-end=\"4001\">Retirar antes de comer o beber cualquier cosa que no sea agua.<\/p><\/li><li data-start=\"4002\" data-end=\"4066\"><p data-start=\"4004\" data-end=\"4066\">Cepillarse los dientes y usar hilo dental despu\u00e9s de las comidas antes de volver a colocar los alineadores.<\/p><\/li><li data-start=\"4067\" data-end=\"4149\"><p data-start=\"4069\" data-end=\"4149\">Enjuague los alineadores diariamente con agua tibia; evite el agua caliente, que puede deformarlos.<\/p><\/li><li data-start=\"4150\" data-end=\"4196\"><p data-start=\"4152\" data-end=\"4196\">Gu\u00e1rdelos de forma segura en su estuche protector.<\/p><\/li><\/ul><p data-start=\"4198\" data-end=\"4330\">Una vez que su tratamiento est\u00e9 completo, el Dr. Reyna-Blanco le proporcionar\u00e1 un retenedor personalizado para ayudar a mantener su sonrisa bellamente alineada.<\/p><h2 data-start=\"4337\" data-end=\"4379\">Comience Invisalign en Studio City hoy mismo<\/h2><p data-start=\"4381\" data-end=\"4674\">Si ha estado pensando en los brackets pero desea una alternativa m\u00e1s discreta, los alineadores transparentes de Invisalign en Studio City podr\u00edan ser la soluci\u00f3n para usted. En Studio City Orthodontist, el Dr. Oscar Reyna-Blanco y su atento equipo hacen que el proceso sea simple, asequible y adaptado a su estilo de vida. <\/p><p data-start=\"4676\" data-end=\"4849\">Estamos abiertos de lunes a s\u00e1bado para adaptarnos a su apretada agenda.<br data-start=\"4744\" data-end=\"4747\">Convenientemente ubicado en Studio City, CA, sirviendo a pacientes en todo el Valle de San Fernando.<\/p><p data-start=\"4851\" data-end=\"4967\">Ll\u00e1menos hoy mismo o <a href=\"https:\/\/orthodontiststudiocity.com\/es\/solicitar-una-cita\/\">programe su consulta gratuita de Invisalign<\/a> en l\u00ednea. \u00a1Su sonrisa sana y segura comienza aqu\u00ed! <\/p>\t\t\t\t\t\t\t\t<\/div>\n\t\t\t\t<\/div>\n\t\t\t\t\t<\/div>\n\t\t<\/div>\n\t\t\t\t\t<\/div>\n\t\t<\/section>\n\t\t\t\t<\/div>\n\t\t","protected":false},"excerpt":{"rendered":"<p>Alineadores transparentes de Invisalign en Studio City, CA En Studio City Orthodontist, creemos que todo el mundo merece una sonrisa segura que se sienta tan bien como se ve. El Dr. Oscar Reyna-Blanco, su ortodoncista de confianza en Studio City, se enorgullece de ser un proveedor certificado de alineadores transparentes Invisalign\u00ae, una forma moderna y discreta de enderezar [&hellip;]<\/p>\n","protected":false},"author":2,"featured_media":6404,"parent":0,"menu_order":44,"comment_status":"closed","ping_status":"closed","template":"","meta":{"_seopress_robots_primary_cat":"","_seopress_titles_title":"Invisalign Studio City CA alineadores transparentes | Ortodoncista de Studio City","_seopress_titles_desc":"Los alineadores transparentes de Invisalign en Studio City con el Dr. Oscar Reyna-Blanco ofrecen enderezamiento dental, Invisalign vs brackets y opciones de coste de Invisalign asequibles.","_seopress_robots_index":"","footnotes":""},"class_list":["post-6403","page","type-page","status-publish","has-post-thumbnail"],"_links":{"self":[{"href":"https:\/\/orthodontiststudiocity.com\/es\/wp-json\/wp\/v2\/pages\/6403","targetHints":{"allow":["GET"]}}],"collection":[{"href":"https:\/\/orthodontiststudiocity.com\/es\/wp-json\/wp\/v2\/pages"}],"about":[{"href":"https:\/\/orthodontiststudiocity.com\/es\/wp-json\/wp\/v2\/types\/page"}],"author":[{"embeddable":true,"href":"https:\/\/orthodontiststudiocity.com\/es\/wp-json\/wp\/v2\/users\/2"}],"replies":[{"embeddable":true,"href":"https:\/\/orthodontiststudiocity.com\/es\/wp-json\/wp\/v2\/comments?post=6403"}],"version-history":[{"count":1,"href":"https:\/\/orthodontiststudiocity.com\/es\/wp-json\/wp\/v2\/pages\/6403\/revisions"}],"predecessor-version":[{"id":6407,"href":"https:\/\/orthodontiststudiocity.com\/es\/wp-json\/wp\/v2\/pages\/6403\/revisions\/6407"}],"wp:featuredmedia":[{"embeddable":true,"href":"https:\/\/orthodontiststudiocity.com\/es\/wp-json\/wp\/v2\/media\/6404"}],"wp:attachment":[{"href":"https:\/\/orthodontiststudiocity.com\/es\/wp-json\/wp\/v2\/media?parent=6403"}],"curies":[{"name":"wp","href":"https:\/\/api.w.org\/{rel}","templated":true}]}}