{"id":6400,"date":"2017-02-06T22:42:47","date_gmt":"2017-02-06T22:42:47","guid":{"rendered":"https:\/\/orthodontiststudiocity.com\/todo-sobre-los-brackets\/"},"modified":"2025-10-09T00:27:52","modified_gmt":"2025-10-09T00:27:52","slug":"todo-sobre-los-brackets","status":"publish","type":"page","link":"https:\/\/orthodontiststudiocity.com\/es\/todo-sobre-los-brackets\/","title":{"rendered":"Todo sobre los brackets"},"content":{"rendered":"\t\t<div data-elementor-type=\"wp-page\" data-elementor-id=\"6400\" class=\"elementor elementor-6400 elementor-3077\" data-elementor-post-type=\"page\">\n\t\t\t\t<div data-particle_enable=\"false\" data-particle-mobile-disabled=\"false\" class=\"elementor-element elementor-element-3ad07d7 e-con-full e-flex e-con e-child\" data-id=\"3ad07d7\" data-element_type=\"container\" data-e-type=\"container\">\n\t\t\t\t<div class=\"elementor-element elementor-element-4f2b5df elementor-widget__width-inherit elementor-widget elementor-widget-heading\" data-id=\"4f2b5df\" data-element_type=\"widget\" data-e-type=\"widget\" data-widget_type=\"heading.default\">\n\t\t\t\t<div class=\"elementor-widget-container\">\n\t\t\t\t\t<h1 class=\"elementor-heading-title elementor-size-default\">Todo sobre el cuidado de los brackets<\/h1>\t\t\t\t<\/div>\n\t\t\t\t<\/div>\n\t\t\t\t<\/div>\n\t\t\t\t<section data-particle_enable=\"false\" data-particle-mobile-disabled=\"false\" class=\"elementor-section elementor-top-section elementor-element elementor-element-58d4ae23 elementor-section-boxed elementor-section-height-default elementor-section-height-default\" data-id=\"58d4ae23\" data-element_type=\"section\" data-e-type=\"section\">\n\t\t\t\t\t\t<div class=\"elementor-container elementor-column-gap-default\">\n\t\t\t\t\t<div class=\"elementor-column elementor-col-100 elementor-top-column elementor-element elementor-element-18023870\" data-id=\"18023870\" data-element_type=\"column\" data-e-type=\"column\">\n\t\t\t<div class=\"elementor-widget-wrap elementor-element-populated\">\n\t\t\t\t\t\t<div class=\"elementor-element elementor-element-4cb72c6b elementor-widget elementor-widget-text-editor\" data-id=\"4cb72c6b\" data-element_type=\"widget\" data-e-type=\"widget\" data-widget_type=\"text-editor.default\">\n\t\t\t\t<div class=\"elementor-widget-container\">\n\t\t\t\t\t\t\t\t\t<p data-start=\"301\" data-end=\"591\">Comenzar un tratamiento de ortodoncia es emocionante, pero tambi\u00e9n conlleva nuevas rutinas y ajustes. Saber qu\u00e9 esperar y c\u00f3mo cuidar sus <a href=\"https:\/\/orthodontiststudiocity.com\/es\/tipos-de-brackets\/\">brackets<\/a> le ayudar\u00e1 a que su tratamiento se desarrolle sin problemas y a mantener su sonrisa sana durante todo el proceso. A continuaci\u00f3n, se ofrecen algunos consejos clave para vivir con brackets.  <\/p><h2 data-start=\"598\" data-end=\"636\">Cepillado y uso de hilo dental con brackets<\/h2><p data-start=\"638\" data-end=\"905\">La higiene bucal es m\u00e1s importante que nunca cuando se tienen brackets. Debido a que los brackets y los alambres pueden atrapar comida, el cepillado y el uso de hilo dental requieren un poco m\u00e1s de tiempo y cuidado. Mantener los dientes y las enc\u00edas limpios ayudar\u00e1 a prevenir las caries, las enfermedades de las enc\u00edas y las manchas durante el tratamiento.  <\/p><ul data-start=\"907\" data-end=\"1192\"><li data-start=\"907\" data-end=\"999\"><p data-start=\"909\" data-end=\"999\">Cep\u00edllese despu\u00e9s de cada comida y antes de acostarse con un cepillo de dientes suave o un cepillo de dientes el\u00e9ctrico.<\/p><\/li><li data-start=\"1000\" data-end=\"1103\"><p data-start=\"1002\" data-end=\"1103\">Use hilo dental al menos una vez al d\u00eda. Los enhebradores de hilo dental o los hilos dentales especiales para ortodoncia facilitan el proceso. <\/p><\/li><li data-start=\"1104\" data-end=\"1192\"><p data-start=\"1106\" data-end=\"1192\">Enju\u00e1guese con agua o un enjuague bucal con fl\u00faor para mantener la boca fresca y reducir la placa.<\/p><\/li><\/ul><p data-start=\"1194\" data-end=\"1376\">Los pacientes con antecedentes de enfermedad de las enc\u00edas tambi\u00e9n pueden beneficiarse de la atenci\u00f3n de un periodoncista durante el tratamiento. Mantener una base sana es esencial para obtener los mejores resultados a largo plazo. <\/p>\t\t\t\t\t\t\t\t<\/div>\n\t\t\t\t<\/div>\n\t\t\t\t\t<\/div>\n\t\t<\/div>\n\t\t\t\t\t<\/div>\n\t\t<\/section>\n\t\t<div data-particle_enable=\"false\" data-particle-mobile-disabled=\"false\" class=\"elementor-element elementor-element-071f6d6 e-flex e-con-boxed e-con e-parent\" data-id=\"071f6d6\" data-element_type=\"container\" data-e-type=\"container\">\n\t\t\t\t\t<div class=\"e-con-inner\">\n\t\t\t\t<div class=\"elementor-element elementor-element-62b0488 elementor-widget elementor-widget-video\" data-id=\"62b0488\" data-element_type=\"widget\" data-e-type=\"widget\" data-settings=\"{&quot;youtube_url&quot;:&quot;https:\\\/\\\/youtu.be\\\/obuCKwrlfbM&quot;,&quot;video_type&quot;:&quot;youtube&quot;,&quot;controls&quot;:&quot;yes&quot;}\" data-widget_type=\"video.default\">\n\t\t\t\t<div class=\"elementor-widget-container\">\n\t\t\t\t\t\t\t<div class=\"elementor-wrapper elementor-open-inline\">\n\t\t\t<div class=\"elementor-video\"><\/div>\t\t<\/div>\n\t\t\t\t\t\t<\/div>\n\t\t\t\t<\/div>\n\t\t\t\t\t<\/div>\n\t\t\t\t<\/div>\n\t\t\t\t<section data-particle_enable=\"false\" data-particle-mobile-disabled=\"false\" class=\"elementor-section elementor-top-section elementor-element elementor-element-b100857 elementor-section-boxed elementor-section-height-default elementor-section-height-default\" data-id=\"b100857\" data-element_type=\"section\" data-e-type=\"section\">\n\t\t\t\t\t\t<div class=\"elementor-container elementor-column-gap-default\">\n\t\t\t\t\t<div class=\"elementor-column elementor-col-100 elementor-top-column elementor-element elementor-element-42007f8\" data-id=\"42007f8\" data-element_type=\"column\" data-e-type=\"column\">\n\t\t\t<div class=\"elementor-widget-wrap elementor-element-populated\">\n\t\t\t\t\t\t<div class=\"elementor-element elementor-element-9180ccc elementor-widget elementor-widget-text-editor\" data-id=\"9180ccc\" data-element_type=\"widget\" data-e-type=\"widget\" data-widget_type=\"text-editor.default\">\n\t\t\t\t<div class=\"elementor-widget-container\">\n\t\t\t\t\t\t\t\t\t<h2 data-start=\"1383\" data-end=\"1406\">Comer con brackets<\/h2><p data-start=\"1408\" data-end=\"1491\">Una de las preguntas m\u00e1s comunes que hacen los pacientes es: <em data-start=\"1458\" data-end=\"1489\">\u201c\u00bfQu\u00e9 puedo comer con brackets?\u201d<\/em><\/p><ul data-start=\"1493\" data-end=\"1778\"><li data-start=\"1493\" data-end=\"1641\"><p data-start=\"1495\" data-end=\"1641\"><strong data-start=\"1495\" data-end=\"1524\">Durante los primeros d\u00edas<\/strong> despu\u00e9s de ponerse los brackets o despu\u00e9s de los ajustes, coma alimentos blandos como pur\u00e9 de patatas, yogur, sopas y batidos.<\/p><\/li><li data-start=\"1642\" data-end=\"1778\"><p data-start=\"1644\" data-end=\"1778\"><strong data-start=\"1644\" data-end=\"1669\">A medida que su boca se adapta<\/strong>, volver\u00e1 a una dieta m\u00e1s variada, pero sigue siendo importante evitar los alimentos que puedan da\u00f1ar sus brackets.<\/p><\/li><\/ul><h3 data-start=\"1780\" data-end=\"1800\">Alimentos que debe evitar<\/h3><ul data-start=\"1801\" data-end=\"2077\"><li data-start=\"1801\" data-end=\"1850\"><p data-start=\"1803\" data-end=\"1850\"><strong data-start=\"1803\" data-end=\"1818\">Alimentos masticables<\/strong>: bagels, panecillos duros, regaliz<\/p><\/li><li data-start=\"1851\" data-end=\"1898\"><p data-start=\"1853\" data-end=\"1898\"><strong data-start=\"1853\" data-end=\"1870\">Alimentos crujientes<\/strong>: palomitas de ma\u00edz, hielo, patatas fritas duras<\/p><\/li><li data-start=\"1899\" data-end=\"1940\"><p data-start=\"1901\" data-end=\"1940\"><strong data-start=\"1901\" data-end=\"1917\">Alimentos pegajosos<\/strong>: caramelo, toffee, goma de mascar<\/p><\/li><li data-start=\"1941\" data-end=\"1977\"><p data-start=\"1943\" data-end=\"1977\"><strong data-start=\"1943\" data-end=\"1957\">Alimentos duros<\/strong>: frutos secos, caramelos duros<\/p><\/li><li data-start=\"1978\" data-end=\"2077\"><p data-start=\"1980\" data-end=\"2077\"><strong data-start=\"1980\" data-end=\"2003\">Alimentos que se muerden directamente<\/strong>: mazorcas de ma\u00edz, manzanas, zanahorias (c\u00f3rtelos en trozos peque\u00f1os)<\/p><\/li><\/ul><p data-start=\"2079\" data-end=\"2204\">Masticar art\u00edculos no alimentarios como bol\u00edgrafos, l\u00e1pices o u\u00f1as tambi\u00e9n puede doblar o romper los brackets, lo que puede retrasar su tratamiento.<\/p>\t\t\t\t\t\t\t\t<\/div>\n\t\t\t\t<\/div>\n\t\t\t\t<div class=\"elementor-element elementor-element-1f0971e elementor-widget elementor-widget-video\" data-id=\"1f0971e\" data-element_type=\"widget\" data-e-type=\"widget\" data-settings=\"{&quot;youtube_url&quot;:&quot;https:\\\/\\\/youtu.be\\\/AJQOjr6s6pM&quot;,&quot;video_type&quot;:&quot;youtube&quot;,&quot;controls&quot;:&quot;yes&quot;}\" data-widget_type=\"video.default\">\n\t\t\t\t<div class=\"elementor-widget-container\">\n\t\t\t\t\t\t\t<div class=\"elementor-wrapper elementor-open-inline\">\n\t\t\t<div class=\"elementor-video\"><\/div>\t\t<\/div>\n\t\t\t\t\t\t<\/div>\n\t\t\t\t<\/div>\n\t\t\t\t\t<\/div>\n\t\t<\/div>\n\t\t\t\t\t<\/div>\n\t\t<\/section>\n\t\t\t\t<section data-particle_enable=\"false\" data-particle-mobile-disabled=\"false\" class=\"elementor-section elementor-top-section elementor-element elementor-element-e42b53e elementor-section-boxed elementor-section-height-default elementor-section-height-default\" data-id=\"e42b53e\" data-element_type=\"section\" data-e-type=\"section\">\n\t\t\t\t\t\t<div class=\"elementor-container elementor-column-gap-default\">\n\t\t\t\t\t<div class=\"elementor-column elementor-col-100 elementor-top-column elementor-element elementor-element-79dace7\" data-id=\"79dace7\" data-element_type=\"column\" data-e-type=\"column\">\n\t\t\t<div class=\"elementor-widget-wrap elementor-element-populated\">\n\t\t\t\t\t\t<div class=\"elementor-element elementor-element-941f321 elementor-widget elementor-widget-text-editor\" data-id=\"941f321\" data-element_type=\"widget\" data-e-type=\"widget\" data-widget_type=\"text-editor.default\">\n\t\t\t\t<div class=\"elementor-widget-container\">\n\t\t\t\t\t\t\t\t\t<h2 data-start=\"2211\" data-end=\"2232\">Dolor general<\/h2><p data-start=\"2234\" data-end=\"2417\">Es normal sentir algo de dolor cuando se colocan los brackets por primera vez. Es posible que los dientes est\u00e9n sensibles durante tres o cinco d\u00edas, y es posible que los labios, las mejillas y la lengua necesiten una o dos semanas para adaptarse. <\/p><ul data-start=\"2419\" data-end=\"2601\"><li data-start=\"2419\" data-end=\"2480\"><p data-start=\"2421\" data-end=\"2480\">Los analg\u00e9sicos de venta libre como el Tylenol pueden ayudar.<\/p><\/li><li data-start=\"2481\" data-end=\"2601\"><p data-start=\"2483\" data-end=\"2601\">Se puede aplicar cera de ortodoncia (proporcionada por nuestra consulta) a los brackets o alambres que irriten el interior de la boca.<\/p><\/li><\/ul><p data-start=\"2603\" data-end=\"2724\">Estas molestias temporales significan que sus dientes est\u00e1n respondiendo al tratamiento y comenzando a moverse a sus nuevas posiciones.<\/p><h2 data-start=\"2731\" data-end=\"2754\">Aflojamiento de los dientes<\/h2><p data-start=\"2756\" data-end=\"2961\">Los dientes pueden sentirse ligeramente flojos durante el tratamiento. Esto no es motivo de preocupaci\u00f3n; simplemente significa que sus brackets est\u00e1n funcionando. Una vez que sus dientes se desplacen a sus posiciones correctas, volver\u00e1n a estar estables.  <\/p><h2 data-start=\"2968\" data-end=\"2993\">Alambres o bandas sueltas<\/h2><p data-start=\"2995\" data-end=\"3054\">A veces, un alambre o una banda pueden soltarse. Si esto sucede: <\/p><ul data-start=\"3056\" data-end=\"3338\"><li data-start=\"3056\" data-end=\"3157\"><p data-start=\"3058\" data-end=\"3157\">Intente empujar suavemente el alambre de nuevo en su lugar con un objeto romo, como el extremo de goma de un l\u00e1piz.<\/p><\/li><li data-start=\"3158\" data-end=\"3257\"><p data-start=\"3160\" data-end=\"3257\">Aplique cera de ortodoncia o un peque\u00f1o trozo de algod\u00f3n h\u00famedo para cubrir el \u00e1rea si causa irritaci\u00f3n.<\/p><\/li><li data-start=\"3258\" data-end=\"3338\"><p data-start=\"3260\" data-end=\"3338\">Llame a nuestra consulta para <a href=\"https:\/\/orthodontiststudiocity.com\/es\/solicitar-una-cita\/\">programar una cita<\/a> para que podamos solucionar el problema correctamente.<\/p><\/li><\/ul><h2 data-start=\"3345\" data-end=\"3366\">Uso de gomas el\u00e1sticas<\/h2><p data-start=\"3368\" data-end=\"3706\">Las gomas el\u00e1sticas suelen ser una parte importante del tratamiento. Para que funcionen eficazmente, deben usarse exactamente como se indica. La constancia es clave; saltarse d\u00edas o usarlas incorrectamente puede prolongar el tiempo de tratamiento. Seguir las instrucciones garantiza que los dientes y las mand\u00edbulas se muevan a la posici\u00f3n correcta lo m\u00e1s r\u00e1pido posible.   <\/p><h2 data-start=\"3713\" data-end=\"3744\">Practicar deportes con brackets<\/h2><p data-start=\"3746\" data-end=\"4052\">Si practica deportes, proteger su sonrisa es esencial. Recomendamos usar un protector bucal de ortodoncia personalizado durante las pr\u00e1cticas y los juegos. Los protectores bucales amortiguan los dientes y los brackets, lo que reduce el riesgo de lesiones. Aseg\u00farese de informar a nuestra consulta sobre los deportes que practica para que podamos proporcionarle la protecci\u00f3n adecuada.   <\/p>\t\t\t\t\t\t\t\t<\/div>\n\t\t\t\t<\/div>\n\t\t\t\t\t<\/div>\n\t\t<\/div>\n\t\t\t\t\t<\/div>\n\t\t<\/section>\n\t\t\t\t<\/div>\n\t\t","protected":false},"excerpt":{"rendered":"<p>Todo sobre el cuidado de los brackets Comenzar un tratamiento de ortodoncia es emocionante, pero tambi\u00e9n conlleva nuevas rutinas y ajustes. Saber qu\u00e9 esperar y c\u00f3mo cuidar sus brackets le ayudar\u00e1 a que su tratamiento se desarrolle sin problemas y a mantener su sonrisa sana durante todo el proceso. A continuaci\u00f3n, se ofrecen algunos consejos clave para vivir [&hellip;]<\/p>\n","protected":false},"author":2,"featured_media":6401,"parent":0,"menu_order":39,"comment_status":"closed","ping_status":"closed","template":"","meta":{"_seopress_robots_primary_cat":"","_seopress_titles_title":"Todo sobre los brackets Studio City CA | Ortodoncista de Studio City","_seopress_titles_desc":"Aprenda consejos esenciales para el cuidado de los brackets en cuanto a higiene bucal, alimentaci\u00f3n, dolor, gomas el\u00e1sticas y deportes para garantizar un tratamiento de ortodoncia eficaz, seguro y oportuno.","_seopress_robots_index":"","footnotes":""},"class_list":["post-6400","page","type-page","status-publish","has-post-thumbnail"],"_links":{"self":[{"href":"https:\/\/orthodontiststudiocity.com\/es\/wp-json\/wp\/v2\/pages\/6400","targetHints":{"allow":["GET"]}}],"collection":[{"href":"https:\/\/orthodontiststudiocity.com\/es\/wp-json\/wp\/v2\/pages"}],"about":[{"href":"https:\/\/orthodontiststudiocity.com\/es\/wp-json\/wp\/v2\/types\/page"}],"author":[{"embeddable":true,"href":"https:\/\/orthodontiststudiocity.com\/es\/wp-json\/wp\/v2\/users\/2"}],"replies":[{"embeddable":true,"href":"https:\/\/orthodontiststudiocity.com\/es\/wp-json\/wp\/v2\/comments?post=6400"}],"version-history":[{"count":1,"href":"https:\/\/orthodontiststudiocity.com\/es\/wp-json\/wp\/v2\/pages\/6400\/revisions"}],"predecessor-version":[{"id":6402,"href":"https:\/\/orthodontiststudiocity.com\/es\/wp-json\/wp\/v2\/pages\/6400\/revisions\/6402"}],"wp:featuredmedia":[{"embeddable":true,"href":"https:\/\/orthodontiststudiocity.com\/es\/wp-json\/wp\/v2\/media\/6401"}],"wp:attachment":[{"href":"https:\/\/orthodontiststudiocity.com\/es\/wp-json\/wp\/v2\/media?parent=6400"}],"curies":[{"name":"wp","href":"https:\/\/api.w.org\/{rel}","templated":true}]}}