{"id":6384,"date":"2017-02-06T01:35:10","date_gmt":"2017-02-06T01:35:10","guid":{"rendered":"https:\/\/orthodontiststudiocity.com\/retenedores-de-ortodoncia\/"},"modified":"2025-10-09T00:27:52","modified_gmt":"2025-10-09T00:27:52","slug":"retenedores-de-ortodoncia","status":"publish","type":"page","link":"https:\/\/orthodontiststudiocity.com\/es\/retenedores-de-ortodoncia\/","title":{"rendered":"Retenedores de ortodoncia"},"content":{"rendered":"\t\t<div data-elementor-type=\"wp-page\" data-elementor-id=\"6384\" class=\"elementor elementor-6384 elementor-42\" data-elementor-post-type=\"page\">\n\t\t\t\t<div data-particle_enable=\"false\" data-particle-mobile-disabled=\"false\" class=\"elementor-element elementor-element-8d75f56 e-con-full e-flex e-con e-child\" data-id=\"8d75f56\" data-element_type=\"container\" data-e-type=\"container\">\n\t\t\t\t<div class=\"elementor-element elementor-element-71b116d elementor-widget__width-inherit elementor-widget elementor-widget-heading\" data-id=\"71b116d\" data-element_type=\"widget\" data-e-type=\"widget\" data-widget_type=\"heading.default\">\n\t\t\t\t<div class=\"elementor-widget-container\">\n\t\t\t\t\t<h1 class=\"elementor-heading-title elementor-size-default\">Retenedores para evitar que los dientes se muevan<\/h1>\t\t\t\t<\/div>\n\t\t\t\t<\/div>\n\t\t\t\t<\/div>\n\t\t\t\t<section data-particle_enable=\"false\" data-particle-mobile-disabled=\"false\" class=\"elementor-section elementor-top-section elementor-element elementor-element-64a401e1 elementor-section-boxed elementor-section-height-default elementor-section-height-default\" data-id=\"64a401e1\" data-element_type=\"section\" data-e-type=\"section\">\n\t\t\t\t\t\t<div class=\"elementor-container elementor-column-gap-default\">\n\t\t\t\t\t<div class=\"elementor-column elementor-col-100 elementor-top-column elementor-element elementor-element-6fe7d140\" data-id=\"6fe7d140\" data-element_type=\"column\" data-e-type=\"column\">\n\t\t\t<div class=\"elementor-widget-wrap elementor-element-populated\">\n\t\t\t\t\t\t<div class=\"elementor-element elementor-element-1d4493af elementor-widget elementor-widget-text-editor\" data-id=\"1d4493af\" data-element_type=\"widget\" data-e-type=\"widget\" data-widget_type=\"text-editor.default\">\n\t\t\t\t<div class=\"elementor-widget-container\">\n\t\t\t\t\t\t\t\t\t<p data-start=\"336\" data-end=\"752\">Terminar el tratamiento de ortodoncia es un hito emocionante, pero el viaje no termina cuando se quitan los brackets o se completan los alineadores transparentes. Para mantener tu sonrisa recta durante muchos a\u00f1os, es esencial un cuidado continuo con un retenedor de ortodoncia personalizado. <a href=\"https:\/\/orthodontiststudiocity.com\/es\/conozca-al-dr-reyna-blanco\/\">El Dr. Oscar Reyna-Blanco<\/a> dise\u00f1a planes de retenci\u00f3n personalizados para proteger tu inversi\u00f3n y mantener tu sonrisa con el mejor aspecto. <\/p><h2 data-start=\"759\" data-end=\"818\">\u00bfPor qu\u00e9 son importantes los retenedores despu\u00e9s de los brackets o Invisalign?<\/h2><p data-start=\"819\" data-end=\"1127\">Cuando se retiran los <a href=\"https:\/\/orthodontiststudiocity.com\/es\/tipos-de-brackets\/\">brackets<\/a> o los <a href=\"https:\/\/orthodontiststudiocity.com\/invisalign\/\">alineadores Invisalign<\/a>, tus dientes no se fijan permanentemente en sus nuevas posiciones de inmediato. El hueso y el tejido de las enc\u00edas que rodean tus dientes necesitan tiempo para estabilizarse. Sin un retenedor, tus dientes pueden volver lentamente a sus antiguas posiciones, deshaciendo meses o incluso a\u00f1os de tratamiento.  <\/p><p data-start=\"1129\" data-end=\"1189\">Incluso una vez que tu sonrisa se siente estable, las fuerzas naturales como:<\/p><ul data-start=\"1190\" data-end=\"1271\"><li data-start=\"1190\" data-end=\"1221\"><p data-start=\"1192\" data-end=\"1221\">Presi\u00f3n al masticar y morder<\/p><\/li><li data-start=\"1222\" data-end=\"1247\"><p data-start=\"1224\" data-end=\"1247\">Movimiento muscular diario<\/p><\/li><li data-start=\"1248\" data-end=\"1271\"><p data-start=\"1250\" data-end=\"1271\">Cambios relacionados con la edad<\/p><\/li><\/ul><p data-start=\"1273\" data-end=\"1427\">\u2026a\u00fan pueden hacer que tus dientes se muevan. Es por eso que la mayor\u00eda de los ortodoncistas, incluidos nuestros m\u00e9dicos, recomiendan usar retenedores de por vida para asegurar tus resultados. <\/p>\t\t\t\t\t\t\t\t<\/div>\n\t\t\t\t<\/div>\n\t\t\t\t\t<\/div>\n\t\t<\/div>\n\t\t\t\t\t<\/div>\n\t\t<\/section>\n\t\t<div data-particle_enable=\"false\" data-particle-mobile-disabled=\"false\" class=\"elementor-element elementor-element-04275b8 e-flex e-con-boxed e-con e-parent\" data-id=\"04275b8\" data-element_type=\"container\" data-e-type=\"container\">\n\t\t\t\t\t<div class=\"e-con-inner\">\n\t\t\t\t<div class=\"elementor-element elementor-element-43faca0 elementor-widget elementor-widget-video\" data-id=\"43faca0\" data-element_type=\"widget\" data-e-type=\"widget\" data-settings=\"{&quot;youtube_url&quot;:&quot;https:\\\/\\\/youtu.be\\\/5pl9vUFL6ZU&quot;,&quot;video_type&quot;:&quot;youtube&quot;,&quot;controls&quot;:&quot;yes&quot;}\" data-widget_type=\"video.default\">\n\t\t\t\t<div class=\"elementor-widget-container\">\n\t\t\t\t\t\t\t<div class=\"elementor-wrapper elementor-open-inline\">\n\t\t\t<div class=\"elementor-video\"><\/div>\t\t<\/div>\n\t\t\t\t\t\t<\/div>\n\t\t\t\t<\/div>\n\t\t\t\t\t<\/div>\n\t\t\t\t<\/div>\n\t\t\t\t<section data-particle_enable=\"false\" data-particle-mobile-disabled=\"false\" class=\"elementor-section elementor-top-section elementor-element elementor-element-0f2000d elementor-section-boxed elementor-section-height-default elementor-section-height-default\" data-id=\"0f2000d\" data-element_type=\"section\" data-e-type=\"section\">\n\t\t\t\t\t\t<div class=\"elementor-container elementor-column-gap-default\">\n\t\t\t\t\t<div class=\"elementor-column elementor-col-100 elementor-top-column elementor-element elementor-element-adc445c\" data-id=\"adc445c\" data-element_type=\"column\" data-e-type=\"column\">\n\t\t\t<div class=\"elementor-widget-wrap elementor-element-populated\">\n\t\t\t\t\t\t<div class=\"elementor-element elementor-element-1e195da elementor-widget elementor-widget-text-editor\" data-id=\"1e195da\" data-element_type=\"widget\" data-e-type=\"widget\" data-widget_type=\"text-editor.default\">\n\t\t\t\t<div class=\"elementor-widget-container\">\n\t\t\t\t\t\t\t\t\t<h2 data-start=\"1434\" data-end=\"1466\">Tipos de retenedores que ofrecemos<\/h2><p data-start=\"1468\" data-end=\"1577\">En Studio City Orthodontist, ofrecemos varios tipos de retenedores para adaptarnos a tu estilo de vida y necesidades de tratamiento.<\/p><h3 data-start=\"1579\" data-end=\"1604\">Retenedores removibles<\/h3><ul data-start=\"1605\" data-end=\"1955\"><li data-start=\"1605\" data-end=\"1698\"><p data-start=\"1607\" data-end=\"1698\">Se usan a tiempo completo (excepto para comer y cepillarse) durante los primeros 3 meses despu\u00e9s del tratamiento<\/p><\/li><li data-start=\"1699\" data-end=\"1766\"><p data-start=\"1701\" data-end=\"1766\">Transici\u00f3n al uso nocturno una vez que los dientes se hayan estabilizado<\/p><\/li><li data-start=\"1862\" data-end=\"1955\"><p data-start=\"1864\" data-end=\"1955\">Revisiones peri\u00f3dicas cada 6\u20139 meses para controlar la estabilidad<\/p><\/li><\/ul><h3 data-start=\"1957\" data-end=\"1987\">Retenedores fijos (adheridos)<\/h3><ul data-start=\"1988\" data-end=\"2391\"><li data-start=\"1988\" data-end=\"2080\"><p data-start=\"1990\" data-end=\"2080\">Un alambre delgado y discreto adherido a la parte posterior de tus dientes para mantenerlos permanentemente en su lugar<\/p><\/li><li data-start=\"2081\" data-end=\"2171\"><p data-start=\"2083\" data-end=\"2171\">Recomendado para pacientes con correcciones de mordida complejas o un mayor riesgo de reca\u00edda<\/p><\/li><li data-start=\"2172\" data-end=\"2246\"><p data-start=\"2174\" data-end=\"2246\">Debe permanecer en su lugar a menos que la acumulaci\u00f3n de placa cause problemas en las enc\u00edas o los huesos<\/p><\/li><li data-start=\"2247\" data-end=\"2313\"><p data-start=\"2249\" data-end=\"2313\">Si se retira, te proporcionaremos un retenedor removible como respaldo<\/p><\/li><li data-start=\"2314\" data-end=\"2391\"><p data-start=\"2316\" data-end=\"2391\">Haz que revisen el alambre durante las limpiezas dentales para asegurarte de que permanezca seguro<\/p><\/li><\/ul>\t\t\t\t\t\t\t\t<\/div>\n\t\t\t\t<\/div>\n\t\t\t\t<section data-particle_enable=\"false\" data-particle-mobile-disabled=\"false\" class=\"elementor-section elementor-inner-section elementor-element elementor-element-2f437c8 elementor-section-boxed elementor-section-height-default elementor-section-height-default\" data-id=\"2f437c8\" data-element_type=\"section\" data-e-type=\"section\">\n\t\t\t\t\t\t<div class=\"elementor-container elementor-column-gap-default\">\n\t\t\t\t\t<div class=\"elementor-column elementor-col-50 elementor-inner-column elementor-element elementor-element-ffc3d05\" data-id=\"ffc3d05\" data-element_type=\"column\" data-e-type=\"column\">\n\t\t\t<div class=\"elementor-widget-wrap elementor-element-populated\">\n\t\t\t\t\t\t<div class=\"elementor-element elementor-element-ece7588 elementor-widget elementor-widget-heading\" data-id=\"ece7588\" data-element_type=\"widget\" data-e-type=\"widget\" data-widget_type=\"heading.default\">\n\t\t\t\t<div class=\"elementor-widget-container\">\n\t\t\t\t\t<h4 class=\"elementor-heading-title elementor-size-default\">Retenedor transparente<\/h4>\t\t\t\t<\/div>\n\t\t\t\t<\/div>\n\t\t\t\t<div class=\"elementor-element elementor-element-61ba75b elementor-widget elementor-widget-image\" data-id=\"61ba75b\" data-element_type=\"widget\" data-e-type=\"widget\" data-widget_type=\"image.default\">\n\t\t\t\t<div class=\"elementor-widget-container\">\n\t\t\t\t\t\t\t\t\t\t\t\t\t\t\t<img fetchpriority=\"high\" decoding=\"async\" width=\"600\" height=\"303\" src=\"https:\/\/orthodontiststudiocity.com\/wp-content\/uploads\/2025\/09\/istock-1210031986-clear-retainer-essix-vivera-600px.jpg\" class=\"attachment-large size-large wp-image-6386\" alt=\"Retenedores transparentes, ortodoncista de Studio City en Studio City, CA\" srcset=\"https:\/\/orthodontiststudiocity.com\/wp-content\/uploads\/2025\/09\/istock-1210031986-clear-retainer-essix-vivera-600px.jpg 600w, https:\/\/orthodontiststudiocity.com\/wp-content\/uploads\/2025\/09\/istock-1210031986-clear-retainer-essix-vivera-600px-300x152.jpg 300w\" sizes=\"(max-width: 600px) 100vw, 600px\" \/>\t\t\t\t\t\t\t\t\t\t\t\t\t\t\t<\/div>\n\t\t\t\t<\/div>\n\t\t\t\t\t<\/div>\n\t\t<\/div>\n\t\t\t\t<div class=\"elementor-column elementor-col-50 elementor-inner-column elementor-element elementor-element-53a8473\" data-id=\"53a8473\" data-element_type=\"column\" data-e-type=\"column\">\n\t\t\t<div class=\"elementor-widget-wrap elementor-element-populated\">\n\t\t\t\t\t\t<div class=\"elementor-element elementor-element-18adb2c elementor-widget elementor-widget-heading\" data-id=\"18adb2c\" data-element_type=\"widget\" data-e-type=\"widget\" data-widget_type=\"heading.default\">\n\t\t\t\t<div class=\"elementor-widget-container\">\n\t\t\t\t\t<h4 class=\"elementor-heading-title elementor-size-default\">Retenedor fijo<\/h4>\t\t\t\t<\/div>\n\t\t\t\t<\/div>\n\t\t\t\t<div class=\"elementor-element elementor-element-a35028d elementor-widget elementor-widget-image\" data-id=\"a35028d\" data-element_type=\"widget\" data-e-type=\"widget\" data-widget_type=\"image.default\">\n\t\t\t\t<div class=\"elementor-widget-container\">\n\t\t\t\t\t\t\t\t\t\t\t\t\t\t\t<img decoding=\"async\" width=\"600\" height=\"450\" src=\"https:\/\/orthodontiststudiocity.com\/wp-content\/uploads\/2025\/09\/fixed-retainer.jpg\" class=\"attachment-large size-large wp-image-6387\" alt=\"Retenedores fijos, ortodoncista de Studio City en Studio City, CA\" srcset=\"https:\/\/orthodontiststudiocity.com\/wp-content\/uploads\/2025\/09\/fixed-retainer.jpg 600w, https:\/\/orthodontiststudiocity.com\/wp-content\/uploads\/2025\/09\/fixed-retainer-300x225.jpg 300w\" sizes=\"(max-width: 600px) 100vw, 600px\" \/>\t\t\t\t\t\t\t\t\t\t\t\t\t\t\t<\/div>\n\t\t\t\t<\/div>\n\t\t\t\t\t<\/div>\n\t\t<\/div>\n\t\t\t\t\t<\/div>\n\t\t<\/section>\n\t\t\t\t<div class=\"elementor-element elementor-element-b2f95a2 elementor-widget elementor-widget-text-editor\" data-id=\"b2f95a2\" data-element_type=\"widget\" data-e-type=\"widget\" data-widget_type=\"text-editor.default\">\n\t\t\t\t<div class=\"elementor-widget-container\">\n\t\t\t\t\t\t\t\t\t<h2 data-start=\"2654\" data-end=\"2683\">Cuidado de tu retenedor<\/h2><p data-start=\"2684\" data-end=\"2805\">Mantener tu retenedor en \u00f3ptimas condiciones asegura que contin\u00fae protegiendo tu sonrisa. El Dr. Reyna-Blanco recomienda estos consejos de cuidado: <\/p><ul data-start=\"2807\" data-end=\"3441\"><li data-start=\"2807\" data-end=\"2902\"><p data-start=\"2809\" data-end=\"2902\">Evita el calor: Nunca expongas los retenedores a lavavajillas, calentadores, coches calientes o agua hirviendo.<\/p><\/li><li data-start=\"2903\" data-end=\"2971\"><p data-start=\"2905\" data-end=\"2971\">Guarda de forma segura: Utiliza el estuche protector cuando no los est\u00e9s usando.<\/p><\/li><li data-start=\"2972\" data-end=\"3040\"><p data-start=\"2974\" data-end=\"3040\">Mant\u00e9nlos alejados de las mascotas: \u00a1A los perros les encanta masticar retenedores!<\/p><\/li><li data-start=\"3041\" data-end=\"3130\"><p data-start=\"3043\" data-end=\"3130\">Limpia diariamente: Enjuaga y cepilla con jab\u00f3n suave y un cepillo de dientes suave despu\u00e9s de cada uso.<\/p><\/li><li data-start=\"3131\" data-end=\"3218\"><p data-start=\"3133\" data-end=\"3218\">Limpia profundamente ocasionalmente: Utiliza productos como Efferdent para prevenir la acumulaci\u00f3n de sarro.<\/p><\/li><li data-start=\"3219\" data-end=\"3336\"><p data-start=\"3221\" data-end=\"3336\">Reemplaza si es necesario: Se incluye un juego en el tratamiento; los retenedores perdidos o da\u00f1ados pueden tener una tarifa de reemplazo.<\/p><\/li><li data-start=\"3337\" data-end=\"3441\"><p data-start=\"3339\" data-end=\"3441\">Informa de los problemas r\u00e1pidamente: Si tu retenedor se siente flojo, se rompe o no encaja, ll\u00e1manos de inmediato.<\/p><\/li><\/ul><h2 data-start=\"3448\" data-end=\"3487\">\u00bfCu\u00e1ndo puede ser necesaria una retenci\u00f3n adicional?<\/h2><p data-start=\"3488\" data-end=\"3602\">Ciertos h\u00e1bitos o condiciones pueden requerir un uso m\u00e1s diligente del retenedor para evitar que los dientes se muevan. Estos incluyen: <\/p><ul data-start=\"3604\" data-end=\"3839\"><li data-start=\"3604\" data-end=\"3623\"><p data-start=\"3606\" data-end=\"3623\">Respiraci\u00f3n bucal<\/p><\/li><li data-start=\"3624\" data-end=\"3655\"><p data-start=\"3626\" data-end=\"3655\">Rechinar o apretar los dientes<\/p><\/li><li data-start=\"3656\" data-end=\"3698\"><p data-start=\"3658\" data-end=\"3698\">Empuje de la lengua o postura baja de la lengua<\/p><\/li><li data-start=\"3699\" data-end=\"3756\"><p data-start=\"3701\" data-end=\"3756\">Tocar instrumentos de leng\u00fceta (como el clarinete o el saxof\u00f3n)<\/p><\/li><li data-start=\"3757\" data-end=\"3790\"><p data-start=\"3759\" data-end=\"3790\">H\u00e1bitos de chupar o masticar los labios<\/p><\/li><li data-start=\"3791\" data-end=\"3839\"><p data-start=\"3793\" data-end=\"3839\">Grandes espacios o dientes girados antes del tratamiento<\/p><\/li><\/ul><p data-start=\"3841\" data-end=\"3946\">Si alguno de estos se aplica, nuestros m\u00e9dicos te proporcionar\u00e1n un programa de retenci\u00f3n personalizado adaptado a tus necesidades.<\/p><h2 data-start=\"3953\" data-end=\"3995\">No olvides tu cuidado dental regular<\/h2><p data-start=\"3996\" data-end=\"4094\">Usar tu retenedor es solo una parte del mantenimiento de tu sonrisa. Mant\u00e9n tus resultados duraderos mediante: <\/p><ul data-start=\"4096\" data-end=\"4271\"><li data-start=\"4096\" data-end=\"4131\"><p data-start=\"4098\" data-end=\"4131\">Cepillado y uso de hilo dental diario<\/p><\/li><li data-start=\"4132\" data-end=\"4201\"><p data-start=\"4134\" data-end=\"4201\">Visitar a tu dentista cada 6 meses para limpiezas y revisiones<\/p><\/li><li data-start=\"4202\" data-end=\"4271\"><p data-start=\"4204\" data-end=\"4271\">Seguir tu plan de uso del retenedor de manera constante<\/p><\/li><\/ul><h2 data-start=\"4278\" data-end=\"4310\">Protege tu sonrisa de por vida<\/h2><p data-start=\"4311\" data-end=\"4601\">Nuestra misi\u00f3n es asegurarnos de que tu sonrisa se vea tan hermosa en 10 a\u00f1os como el d\u00eda en que te quitaron los brackets o los alineadores. Con un retenedor que se adapte a tu estilo de vida, el apoyo continuo de nosotros y una buena higiene bucal, puedes disfrutar de tus resultados de por vida. <\/p>\t\t\t\t\t\t\t\t<\/div>\n\t\t\t\t<\/div>\n\t\t\t\t\t<\/div>\n\t\t<\/div>\n\t\t\t\t\t<\/div>\n\t\t<\/section>\n\t\t\t\t<\/div>\n\t\t","protected":false},"excerpt":{"rendered":"<p>Retenedores para evitar que los dientes se muevan Terminar el tratamiento de ortodoncia es un hito emocionante, pero el viaje no termina cuando se quitan los brackets o se completan los alineadores transparentes. Para mantener tu sonrisa recta durante muchos a\u00f1os, es esencial un cuidado continuo con un retenedor de ortodoncia personalizado. El Dr. Oscar Reyna-Blanco dise\u00f1a planes [&hellip;]<\/p>\n","protected":false},"author":2,"featured_media":6388,"parent":0,"menu_order":41,"comment_status":"closed","ping_status":"closed","template":"","meta":{"_seopress_robots_primary_cat":"","_seopress_titles_title":"Retenedores despu\u00e9s de los brackets en Studio City, CA | Ortodoncista de Studio City","_seopress_titles_desc":"Los retenedores despu\u00e9s de los brackets e Invisalign ayudan a mantener la alineaci\u00f3n de los dientes, evitan que se muevan y protegen tu sonrisa para obtener resultados de ortodoncia duraderos.","_seopress_robots_index":"","footnotes":""},"class_list":["post-6384","page","type-page","status-publish","has-post-thumbnail"],"_links":{"self":[{"href":"https:\/\/orthodontiststudiocity.com\/es\/wp-json\/wp\/v2\/pages\/6384","targetHints":{"allow":["GET"]}}],"collection":[{"href":"https:\/\/orthodontiststudiocity.com\/es\/wp-json\/wp\/v2\/pages"}],"about":[{"href":"https:\/\/orthodontiststudiocity.com\/es\/wp-json\/wp\/v2\/types\/page"}],"author":[{"embeddable":true,"href":"https:\/\/orthodontiststudiocity.com\/es\/wp-json\/wp\/v2\/users\/2"}],"replies":[{"embeddable":true,"href":"https:\/\/orthodontiststudiocity.com\/es\/wp-json\/wp\/v2\/comments?post=6384"}],"version-history":[{"count":1,"href":"https:\/\/orthodontiststudiocity.com\/es\/wp-json\/wp\/v2\/pages\/6384\/revisions"}],"predecessor-version":[{"id":6389,"href":"https:\/\/orthodontiststudiocity.com\/es\/wp-json\/wp\/v2\/pages\/6384\/revisions\/6389"}],"wp:featuredmedia":[{"embeddable":true,"href":"https:\/\/orthodontiststudiocity.com\/es\/wp-json\/wp\/v2\/media\/6388"}],"wp:attachment":[{"href":"https:\/\/orthodontiststudiocity.com\/es\/wp-json\/wp\/v2\/media?parent=6384"}],"curies":[{"name":"wp","href":"https:\/\/api.w.org\/{rel}","templated":true}]}}