{"id":6378,"date":"2017-02-06T01:34:28","date_gmt":"2017-02-06T01:34:28","guid":{"rendered":"https:\/\/orthodontiststudiocity.com\/tipos-de-brackets\/"},"modified":"2025-10-09T00:27:51","modified_gmt":"2025-10-09T00:27:51","slug":"tipos-de-brackets","status":"publish","type":"page","link":"https:\/\/orthodontiststudiocity.com\/es\/tipos-de-brackets\/","title":{"rendered":"Tipos de brackets"},"content":{"rendered":"\t\t<div data-elementor-type=\"wp-page\" data-elementor-id=\"6378\" class=\"elementor elementor-6378 elementor-3074\" data-elementor-post-type=\"page\">\n\t\t\t\t<div data-particle_enable=\"false\" data-particle-mobile-disabled=\"false\" class=\"elementor-element elementor-element-d1ac274 e-con-full e-flex e-con e-child\" data-id=\"d1ac274\" data-element_type=\"container\" data-e-type=\"container\">\n\t\t\t\t<div class=\"elementor-element elementor-element-6d7f3ff elementor-widget__width-inherit elementor-widget elementor-widget-heading\" data-id=\"6d7f3ff\" data-element_type=\"widget\" data-e-type=\"widget\" data-widget_type=\"heading.default\">\n\t\t\t\t<div class=\"elementor-widget-container\">\n\t\t\t\t\t<h1 class=\"elementor-heading-title elementor-size-default\">Tipos de brackets en Studio City Orthodontist<\/h1>\t\t\t\t<\/div>\n\t\t\t\t<\/div>\n\t\t\t\t<\/div>\n\t\t\t\t<section data-particle_enable=\"false\" data-particle-mobile-disabled=\"false\" class=\"elementor-section elementor-top-section elementor-element elementor-element-6398f3b7 elementor-section-boxed elementor-section-height-default elementor-section-height-default\" data-id=\"6398f3b7\" data-element_type=\"section\" data-e-type=\"section\">\n\t\t\t\t\t\t<div class=\"elementor-container elementor-column-gap-default\">\n\t\t\t\t\t<div class=\"elementor-column elementor-col-100 elementor-top-column elementor-element elementor-element-d50ff4c\" data-id=\"d50ff4c\" data-element_type=\"column\" data-e-type=\"column\">\n\t\t\t<div class=\"elementor-widget-wrap elementor-element-populated\">\n\t\t\t\t\t\t<div class=\"elementor-element elementor-element-7c3b51fd elementor-widget elementor-widget-text-editor\" data-id=\"7c3b51fd\" data-element_type=\"widget\" data-e-type=\"widget\" data-widget_type=\"text-editor.default\">\n\t\t\t\t<div class=\"elementor-widget-container\">\n\t\t\t\t\t\t\t\t\t<p data-start=\"179\" data-end=\"690\">Gracias a los avances modernos en ortodoncia, Studio City Orthodontist ofrece a los pacientes m\u00e1s opciones que nunca para lograr una sonrisa m\u00e1s saludable y recta. La atenci\u00f3n ortod\u00f3ntica actual va mucho m\u00e1s all\u00e1 de los brackets tradicionales, brindando a los pacientes acceso a una variedad de soluciones c\u00f3modas y efectivas que se adaptan a diferentes necesidades y estilos de vida. Ya sea que seas un <a href=\"https:\/\/orthodontiststudiocity.com\/es\/ortodoncia-para-adolescentes\/\">adolescente<\/a> que busca un aumento de confianza o un <a href=\"https:\/\/orthodontiststudiocity.com\/es\/ortodoncia-para-adultos\/\">adulto<\/a> listo para invertir en tu salud bucal a largo plazo, nuestro equipo est\u00e1 aqu\u00ed para guiarte en cada paso del camino.  <\/p><h2 data-start=\"692\" data-end=\"741\">Opciones de enderezamiento dental para cada sonrisa<\/h2><p data-start=\"742\" data-end=\"1240\">Hay muchos tipos diferentes de brackets y opciones de enderezamiento dental disponibles, lo que permite elegir el camino de tratamiento que mejor se adapte a tus objetivos \u00fanicos. Desde soluciones discretas dise\u00f1adas para integrarse hasta sistemas avanzados que ofrecen resultados de manera m\u00e1s eficiente, la ortodoncia moderna brinda una flexibilidad como nunca antes. Nos tomamos el tiempo para evaluar cuidadosamente tu mordida, escuchar tus inquietudes y personalizar un plan dise\u00f1ado para brindarte resultados duraderos.  <\/p><p data-start=\"1242\" data-end=\"1553\">Al combinar la atenci\u00f3n personalizada con t\u00e9cnicas avanzadas de ortodoncia, el <a href=\"https:\/\/orthodontiststudiocity.com\/es\/conozca-al-dr-reyna-blanco\/\">Dr. Oscar Reyna-Blanco<\/a> ayuda a pacientes de todas las edades a disfrutar de sonrisas hermosas y funcionales que duran toda la vida. No importa qu\u00e9 opci\u00f3n de tratamiento sea la adecuada para ti, nuestro objetivo es hacer que el proceso sea fluido, c\u00f3modo y gratificante de principio a fin. <\/p><h3 data-start=\"1242\" data-end=\"1553\">Brackets met\u00e1licos y de cer\u00e1mica<\/h3><p data-start=\"98\" data-end=\"561\">Los brackets met\u00e1licos siguen siendo el tratamiento de ortodoncia m\u00e1s com\u00fan, ahora dise\u00f1ados para ser m\u00e1s peque\u00f1os, elegantes y c\u00f3modos que nunca. Fabricados con aleaciones duraderas de alta calidad, ofrecen excelentes resultados e incluso se pueden personalizar con el\u00e1sticos de colores para un toque divertido. <\/p><p data-start=\"98\" data-end=\"561\">Para aquellos que prefieren una opci\u00f3n m\u00e1s discreta, los brackets transparentes o de cer\u00e1mica utilizan brackets del color del diente que se mezclan naturalmente con tu sonrisa, lo que los hace especialmente populares entre los adolescentes mayores y los adultos.<\/p>\t\t\t\t\t\t\t\t<\/div>\n\t\t\t\t<\/div>\n\t\t\t\t\t<\/div>\n\t\t<\/div>\n\t\t\t\t\t<\/div>\n\t\t<\/section>\n\t\t\t\t<section data-particle_enable=\"false\" data-particle-mobile-disabled=\"false\" class=\"elementor-section elementor-top-section elementor-element elementor-element-562d053e elementor-section-boxed elementor-section-height-default elementor-section-height-default\" data-id=\"562d053e\" data-element_type=\"section\" data-e-type=\"section\">\n\t\t\t\t\t\t<div class=\"elementor-container elementor-column-gap-default\">\n\t\t\t\t\t<div class=\"elementor-column elementor-col-50 elementor-top-column elementor-element elementor-element-508d76f\" data-id=\"508d76f\" data-element_type=\"column\" data-e-type=\"column\">\n\t\t\t<div class=\"elementor-widget-wrap elementor-element-populated\">\n\t\t\t\t\t\t<div class=\"elementor-element elementor-element-5739d9d1 elementor-cta--skin-classic elementor-animated-content elementor-bg-transform elementor-bg-transform-zoom-in elementor-widget elementor-widget-call-to-action\" data-id=\"5739d9d1\" data-element_type=\"widget\" data-e-type=\"widget\" data-widget_type=\"call-to-action.default\">\n\t\t\t\t<div class=\"elementor-widget-container\">\n\t\t\t\t\t\t\t<div class=\"elementor-cta\">\n\t\t\t\t\t<div class=\"elementor-cta__bg-wrapper\">\n\t\t\t\t<div class=\"elementor-cta__bg elementor-bg\" style=\"background-image: url(https:\/\/orthodontiststudiocity.com\/wp-content\/uploads\/2025\/09\/types-of-braces-metal-braces.jpg);\" role=\"img\" aria-label=\"Brackets met\u00e1licos, ortodoncista en Studio City, CA\"><\/div>\n\t\t\t\t<div class=\"elementor-cta__bg-overlay\"><\/div>\n\t\t\t<\/div>\n\t\t\t\t\t\t\t<div class=\"elementor-cta__content\">\n\t\t\t\t\n\t\t\t\t\t\t\t\t\t<h2 class=\"elementor-cta__title elementor-cta__content-item elementor-content-item\">\n\t\t\t\t\t\tBrackets met\u00e1licos\t\t\t\t\t<\/h2>\n\t\t\t\t\n\t\t\t\t\n\t\t\t\t\t\t\t<\/div>\n\t\t\t\t\t\t<\/div>\n\t\t\t\t\t\t<\/div>\n\t\t\t\t<\/div>\n\t\t\t\t\t<\/div>\n\t\t<\/div>\n\t\t\t\t<div class=\"elementor-column elementor-col-50 elementor-top-column elementor-element elementor-element-3946d81\" data-id=\"3946d81\" data-element_type=\"column\" data-e-type=\"column\">\n\t\t\t<div class=\"elementor-widget-wrap elementor-element-populated\">\n\t\t\t\t\t\t<div class=\"elementor-element elementor-element-c5222dd elementor-cta--skin-classic elementor-animated-content elementor-bg-transform elementor-bg-transform-zoom-in elementor-widget elementor-widget-call-to-action\" data-id=\"c5222dd\" data-element_type=\"widget\" data-e-type=\"widget\" data-widget_type=\"call-to-action.default\">\n\t\t\t\t<div class=\"elementor-widget-container\">\n\t\t\t\t\t\t\t<div class=\"elementor-cta\">\n\t\t\t\t\t<div class=\"elementor-cta__bg-wrapper\">\n\t\t\t\t<div class=\"elementor-cta__bg elementor-bg\" style=\"background-image: url(https:\/\/orthodontiststudiocity.com\/wp-content\/uploads\/2025\/09\/types-of-braces-ceramic-braces.jpg);\" role=\"img\" aria-label=\"Brackets de cer\u00e1mica Studio City Orthodontist en Studio City, CA\"><\/div>\n\t\t\t\t<div class=\"elementor-cta__bg-overlay\"><\/div>\n\t\t\t<\/div>\n\t\t\t\t\t\t\t<div class=\"elementor-cta__content\">\n\t\t\t\t\n\t\t\t\t\t\t\t\t\t<h2 class=\"elementor-cta__title elementor-cta__content-item elementor-content-item\">\n\t\t\t\t\t\tBrackets de cer\u00e1mica\t\t\t\t\t<\/h2>\n\t\t\t\t\n\t\t\t\t\n\t\t\t\t\t\t\t<\/div>\n\t\t\t\t\t\t<\/div>\n\t\t\t\t\t\t<\/div>\n\t\t\t\t<\/div>\n\t\t\t\t\t<\/div>\n\t\t<\/div>\n\t\t\t\t\t<\/div>\n\t\t<\/section>\n\t\t\t\t<section data-particle_enable=\"false\" data-particle-mobile-disabled=\"false\" class=\"elementor-section elementor-top-section elementor-element elementor-element-56cb303 elementor-section-boxed elementor-section-height-default elementor-section-height-default\" data-id=\"56cb303\" data-element_type=\"section\" data-e-type=\"section\">\n\t\t\t\t\t\t<div class=\"elementor-container elementor-column-gap-default\">\n\t\t\t\t\t<div class=\"elementor-column elementor-col-100 elementor-top-column elementor-element elementor-element-156f21c\" data-id=\"156f21c\" data-element_type=\"column\" data-e-type=\"column\">\n\t\t\t<div class=\"elementor-widget-wrap elementor-element-populated\">\n\t\t\t\t\t\t<div class=\"elementor-element elementor-element-91ad905 elementor-widget elementor-widget-text-editor\" data-id=\"91ad905\" data-element_type=\"widget\" data-e-type=\"widget\" data-widget_type=\"text-editor.default\">\n\t\t\t\t<div class=\"elementor-widget-container\">\n\t\t\t\t\t\t\t\t\t<h3>Alineadores transparentes Invisalign<\/h3><p>El tratamiento <a href=\"https:\/\/orthodontiststudiocity.com\/invisalign\/\">Invisalign<\/a> utiliza una serie de alineadores transparentes hechos a medida que mueven suavemente tus dientes a su lugar. Debido a que son removibles, puedes seguir comiendo tus comidas favoritas sin restricciones y mantener tu rutina habitual de cepillado e hilo dental con facilidad. Sin alambres ni brackets, son suaves y c\u00f3modos de usar, lo que proporciona un camino discreto hacia una sonrisa hermosamente recta.  <\/p>\t\t\t\t\t\t\t\t<\/div>\n\t\t\t\t<\/div>\n\t\t\t\t\t<\/div>\n\t\t<\/div>\n\t\t\t\t\t<\/div>\n\t\t<\/section>\n\t\t\t\t<section data-particle_enable=\"false\" data-particle-mobile-disabled=\"false\" class=\"elementor-section elementor-top-section elementor-element elementor-element-2eb80e50 elementor-section-boxed elementor-section-height-default elementor-section-height-default\" data-id=\"2eb80e50\" data-element_type=\"section\" data-e-type=\"section\">\n\t\t\t\t\t\t<div class=\"elementor-container elementor-column-gap-default\">\n\t\t\t\t\t<div class=\"elementor-column elementor-col-100 elementor-top-column elementor-element elementor-element-630646ed\" data-id=\"630646ed\" data-element_type=\"column\" data-e-type=\"column\">\n\t\t\t<div class=\"elementor-widget-wrap elementor-element-populated\">\n\t\t\t\t\t\t<div class=\"elementor-element elementor-element-3afa97e3 elementor-cta--skin-classic elementor-animated-content elementor-bg-transform elementor-bg-transform-zoom-in elementor-widget elementor-widget-call-to-action\" data-id=\"3afa97e3\" data-element_type=\"widget\" data-e-type=\"widget\" data-widget_type=\"call-to-action.default\">\n\t\t\t\t<div class=\"elementor-widget-container\">\n\t\t\t\t\t\t\t<div class=\"elementor-cta\">\n\t\t\t\t\t<div class=\"elementor-cta__bg-wrapper\">\n\t\t\t\t<div class=\"elementor-cta__bg elementor-bg\" style=\"background-image: url(https:\/\/orthodontiststudiocity.com\/wp-content\/uploads\/2025\/09\/types-of-braces-clear-aligners-2.jpg);\" role=\"img\" aria-label=\"Alineadores transparentes Invisalign, ortodoncista en Studio City, CA\"><\/div>\n\t\t\t\t<div class=\"elementor-cta__bg-overlay\"><\/div>\n\t\t\t<\/div>\n\t\t\t\t\t\t\t<div class=\"elementor-cta__content\">\n\t\t\t\t\n\t\t\t\t\t\t\t\t\t<h2 class=\"elementor-cta__title elementor-cta__content-item elementor-content-item\">\n\t\t\t\t\t\tAlineadores Invisalign\t\t\t\t\t<\/h2>\n\t\t\t\t\n\t\t\t\t\n\t\t\t\t\t\t\t\t\t<div class=\"elementor-cta__button-wrapper elementor-cta__content-item elementor-content-item \">\n\t\t\t\t\t<a class=\"elementor-cta__button elementor-button elementor-size-xs\" href=\"https:\/\/orthodontiststudiocity.com\/invisalign\/\">\n\t\t\t\t\t\tM\u00e1s sobre invisalign\t\t\t\t\t<\/a>\n\t\t\t\t\t<\/div>\n\t\t\t\t\t\t\t<\/div>\n\t\t\t\t\t\t<\/div>\n\t\t\t\t\t\t<\/div>\n\t\t\t\t<\/div>\n\t\t\t\t\t<\/div>\n\t\t<\/div>\n\t\t\t\t\t<\/div>\n\t\t<\/section>\n\t\t\t\t<\/div>\n\t\t","protected":false},"excerpt":{"rendered":"<p>Tipos de brackets en Studio City Orthodontist Gracias a los avances modernos en ortodoncia, Studio City Orthodontist ofrece a los pacientes m\u00e1s opciones que nunca para lograr una sonrisa m\u00e1s saludable y recta. La atenci\u00f3n ortod\u00f3ntica actual va mucho m\u00e1s all\u00e1 de los brackets tradicionales, brindando a los pacientes acceso a una variedad de soluciones c\u00f3modas y efectivas [&hellip;]<\/p>\n","protected":false},"author":2,"featured_media":6379,"parent":0,"menu_order":37,"comment_status":"closed","ping_status":"closed","template":"","meta":{"_seopress_robots_primary_cat":"","_seopress_titles_title":"Tipos de brackets Studio City CA | Ortodoncista de Studio City","_seopress_titles_desc":"Studio City Orthodontist ofrece diferentes tipos de brackets, con opciones de enderezamiento dental como brackets met\u00e1licos, brackets de cer\u00e1mica e Invisalign clear aligners.","_seopress_robots_index":"","footnotes":""},"class_list":["post-6378","page","type-page","status-publish","has-post-thumbnail"],"_links":{"self":[{"href":"https:\/\/orthodontiststudiocity.com\/es\/wp-json\/wp\/v2\/pages\/6378","targetHints":{"allow":["GET"]}}],"collection":[{"href":"https:\/\/orthodontiststudiocity.com\/es\/wp-json\/wp\/v2\/pages"}],"about":[{"href":"https:\/\/orthodontiststudiocity.com\/es\/wp-json\/wp\/v2\/types\/page"}],"author":[{"embeddable":true,"href":"https:\/\/orthodontiststudiocity.com\/es\/wp-json\/wp\/v2\/users\/2"}],"replies":[{"embeddable":true,"href":"https:\/\/orthodontiststudiocity.com\/es\/wp-json\/wp\/v2\/comments?post=6378"}],"version-history":[{"count":1,"href":"https:\/\/orthodontiststudiocity.com\/es\/wp-json\/wp\/v2\/pages\/6378\/revisions"}],"predecessor-version":[{"id":6383,"href":"https:\/\/orthodontiststudiocity.com\/es\/wp-json\/wp\/v2\/pages\/6378\/revisions\/6383"}],"wp:featuredmedia":[{"embeddable":true,"href":"https:\/\/orthodontiststudiocity.com\/es\/wp-json\/wp\/v2\/media\/6379"}],"wp:attachment":[{"href":"https:\/\/orthodontiststudiocity.com\/es\/wp-json\/wp\/v2\/media?parent=6378"}],"curies":[{"name":"wp","href":"https:\/\/api.w.org\/{rel}","templated":true}]}}