{"id":6374,"date":"2017-04-28T01:33:48","date_gmt":"2017-04-28T01:33:48","guid":{"rendered":"https:\/\/orthodontiststudiocity.com\/ortodoncia-para-adultos\/"},"modified":"2025-10-09T00:27:29","modified_gmt":"2025-10-09T00:27:29","slug":"ortodoncia-para-adultos","status":"publish","type":"page","link":"https:\/\/orthodontiststudiocity.com\/es\/ortodoncia-para-adultos\/","title":{"rendered":"Ortodoncia para adultos"},"content":{"rendered":"\t\t<div data-elementor-type=\"wp-page\" data-elementor-id=\"6374\" class=\"elementor elementor-6374 elementor-3078\" data-elementor-post-type=\"page\">\n\t\t\t\t<div data-particle_enable=\"false\" data-particle-mobile-disabled=\"false\" class=\"elementor-element elementor-element-3879476 e-con-full e-flex e-con e-child\" data-id=\"3879476\" data-element_type=\"container\" data-e-type=\"container\">\n\t\t\t\t<div class=\"elementor-element elementor-element-b7e6f22 elementor-widget__width-inherit elementor-widget elementor-widget-heading\" data-id=\"b7e6f22\" data-element_type=\"widget\" data-e-type=\"widget\" data-widget_type=\"heading.default\">\n\t\t\t\t<div class=\"elementor-widget-container\">\n\t\t\t\t\t<h1 class=\"elementor-heading-title elementor-size-default\">Ortodoncia para adultos a cualquier edad<\/h1>\t\t\t\t<\/div>\n\t\t\t\t<\/div>\n\t\t\t\t<\/div>\n\t\t<div data-particle_enable=\"false\" data-particle-mobile-disabled=\"false\" class=\"elementor-element elementor-element-998482e e-flex e-con-boxed e-con e-parent\" data-id=\"998482e\" data-element_type=\"container\" data-e-type=\"container\">\n\t\t\t\t\t<div class=\"e-con-inner\">\n\t\t\t\t<div class=\"elementor-element elementor-element-20fce06 elementor-widget elementor-widget-text-editor\" data-id=\"20fce06\" data-element_type=\"widget\" data-e-type=\"widget\" data-widget_type=\"text-editor.default\">\n\t\t\t\t<div class=\"elementor-widget-container\">\n\t\t\t\t\t\t\t\t\t<p data-start=\"398\" data-end=\"753\">El tratamiento de ortodoncia no es solo para <a href=\"https:\/\/orthodontiststudiocity.com\/early-orthodontic-treatment\/\">ni\u00f1os<\/a> y <a href=\"https:\/\/orthodontiststudiocity.com\/es\/ortodoncia-para-adolescentes\/\">adolescentes<\/a>. Seg\u00fan la Asociaci\u00f3n Americana de Ortodoncistas, uno de cada cinco pacientes de ortodoncia hoy en d\u00eda es un adulto mayor de 21 a\u00f1os. Cada vez m\u00e1s adultos en Studio City, CA, y sus alrededores est\u00e1n optando por invertir en sus sonrisas, no solo para mejorar la apariencia, sino tambi\u00e9n para mantener una buena salud bucodental a largo plazo.  <\/p><p data-start=\"755\" data-end=\"1043\">Tanto si no tuviste brackets cuando eras ni\u00f1o como si has notado nuevos cambios en tu sonrisa con el tiempo, nunca es demasiado tarde para comenzar un tratamiento de ortodoncia. En Studio City Orthodontist, nos especializamos en ayudar a los adultos a lograr sonrisas saludables y seguras con soluciones que se adaptan a estilos de vida ajetreados. <\/p><h2 data-start=\"1050\" data-end=\"1094\">\u00bfPor qu\u00e9 los adultos eligen el tratamiento de ortodoncia?<\/h2><p data-start=\"1096\" data-end=\"1203\">Los adultos buscan atenci\u00f3n ortod\u00f3ncica por muchas razones, tanto cosm\u00e9ticas como relacionadas con la salud. Las preocupaciones comunes incluyen: <\/p><ul data-start=\"1205\" data-end=\"1751\"><li data-start=\"1205\" data-end=\"1329\"><p data-start=\"1207\" data-end=\"1329\"><a href=\"https:\/\/orthodontiststudiocity.com\/common-problems\/\">Mala mordida o maloclusi\u00f3n:<\/a> Los dientes que no encajan correctamente pueden afectar la masticaci\u00f3n, el habla e incluso la salud de la mand\u00edbula.<\/p><\/li><li data-start=\"1330\" data-end=\"1470\"><p data-start=\"1332\" data-end=\"1470\">Dientes api\u00f1ados o espaciados: Los dientes desalineados pueden crear \u00e1reas dif\u00edciles de limpiar, lo que aumenta el riesgo de caries y enfermedades de las enc\u00edas.<\/p><\/li><li data-start=\"1471\" data-end=\"1601\"><p data-start=\"1473\" data-end=\"1601\">Dolor o presi\u00f3n en la mand\u00edbula: Los dientes torcidos y los problemas de mordida pueden contribuir a dolores de cabeza, molestias en la ATM o desgaste desigual de los dientes.<\/p><\/li><li data-start=\"1602\" data-end=\"1751\"><p data-start=\"1604\" data-end=\"1751\">Deseo de confianza: Una sonrisa recta y atractiva puede mejorar la autoestima y causar una fuerte impresi\u00f3n tanto personal como profesionalmente.<\/p><\/li><\/ul><h2 data-start=\"1758\" data-end=\"1791\">Brackets para adultos y otras opciones de enderezamiento dental<\/h2><p data-start=\"1793\" data-end=\"2048\">Una de las mayores dudas que tienen los adultos es la idea de usar brackets met\u00e1licos voluminosos. Afortunadamente, la ortodoncia ha avanzado mucho y los tratamientos actuales son m\u00e1s discretos, c\u00f3modos y eficientes que nunca. Ofrecemos:  <\/p><ul><li data-start=\"83\" data-end=\"297\"><p data-start=\"85\" data-end=\"297\"><a href=\"https:\/\/orthodontiststudiocity.com\/invisalign\/\">Alineadores transparentes Invisalign<\/a>: F\u00e9rulas pr\u00e1cticamente invisibles que mueven suavemente los dientes a su lugar, extra\u00edbles para las comidas, el cepillado y el uso del hilo dental, y una opci\u00f3n popular para profesionales y adultos con estilos de vida ajetreados.<\/p><\/li><li data-start=\"299\" data-end=\"465\"><p data-start=\"301\" data-end=\"465\"><a href=\"https:\/\/orthodontiststudiocity.com\/types-of-braces\/\">Brackets cer\u00e1micos transparentes<\/a>: Brackets del color del diente que se mezclan con los dientes naturales al tiempo que brindan el control de los brackets tradicionales con una apariencia m\u00e1s sutil.<\/p><\/li><li data-start=\"467\" data-end=\"646\"><p data-start=\"469\" data-end=\"646\"><a href=\"https:\/\/orthodontiststudiocity.com\/types-of-braces\/\">Brackets met\u00e1licos tradicionales<\/a>: Fuertes y muy eficaces incluso para casos complejos, con dise\u00f1os modernos que son m\u00e1s peque\u00f1os, suaves y c\u00f3modos que los brackets del pasado.<\/p><\/li><\/ul><p data-start=\"2599\" data-end=\"2702\">Cada opci\u00f3n se adapta a tus necesidades espec\u00edficas, lo que garantiza que el tratamiento se ajuste a tus objetivos y a tu rutina diaria.<\/p><h2 data-start=\"2709\" data-end=\"2748\">Los beneficios de la ortodoncia para adultos<\/h2><p data-start=\"2750\" data-end=\"2845\">Elegir el tratamiento de ortodoncia en la edad adulta va m\u00e1s all\u00e1 de la est\u00e9tica. Algunos beneficios clave incluyen: <\/p><ul data-start=\"2847\" data-end=\"3410\"><li data-start=\"2847\" data-end=\"2996\"><p data-start=\"2849\" data-end=\"2996\">Los dientes m\u00e1s rectos son dientes m\u00e1s sanos: Los dientes alineados son m\u00e1s f\u00e1ciles de cepillar y usar hilo dental, lo que reduce los riesgos de caries, enfermedades de las enc\u00edas e incluso p\u00e9rdida \u00f3sea.<\/p><\/li><li data-start=\"2997\" data-end=\"3116\"><p data-start=\"2999\" data-end=\"3116\">Mayor confianza: Una sonrisa hermosa puede hacerte sentir m\u00e1s c\u00f3modo en entornos sociales y profesionales.<\/p><\/li><li data-start=\"3117\" data-end=\"3249\"><p data-start=\"3119\" data-end=\"3249\">Ahorro a largo plazo: Abordar los problemas de ortodoncia ahora ayuda a prevenir problemas dentales m\u00e1s graves (y costosos) en el futuro.<\/p><\/li><li data-start=\"3250\" data-end=\"3410\"><p data-start=\"3252\" data-end=\"3410\">Mejor salud general: Las investigaciones demuestran que una buena salud bucodental est\u00e1 relacionada con el bienestar general, lo que convierte a la ortodoncia en una inversi\u00f3n en la salud de todo el cuerpo.<\/p><\/li><\/ul><h2 data-start=\"3417\" data-end=\"3465\">Nunca es demasiado tarde para transformar tu sonrisa<\/h2><p data-start=\"3467\" data-end=\"3790\">Si has estado posponiendo el tratamiento de ortodoncia, nunca ha habido un mejor momento para empezar. Nuestro equipo de Studio City Orthodontist comprende las necesidades \u00fanicas de los pacientes adultos. Crearemos un plan personalizado que se adapte a tu horario y estilo de vida, con opciones de financiaci\u00f3n flexibles disponibles para que el tratamiento sea asequible.  <\/p><h2 data-start=\"3797\" data-end=\"3860\">Programa tu consulta de ortodoncia para adultos gratuita<\/h2><p data-start=\"3862\" data-end=\"4044\">Da el primer paso hacia la sonrisa sana y segura que te mereces. Ponte en contacto con nuestra consulta hoy mismo para <a href=\"https:\/\/orthodontiststudiocity.com\/es\/solicitar-una-cita\/\">programar tu evaluaci\u00f3n gratuita<\/a> con el <a href=\"https:\/\/orthodontiststudiocity.com\/es\/conozca-al-dr-reyna-blanco\/\">Dr. Oscar Reyna-Blanco<\/a>. Durante tu visita, nosotros:  <\/p><ul data-start=\"4046\" data-end=\"4231\"><li data-start=\"4046\" data-end=\"4086\"><p data-start=\"4048\" data-end=\"4086\">Evaluaremos tus dientes y la alineaci\u00f3n de la mordida<\/p><\/li><li data-start=\"4087\" data-end=\"4125\"><p data-start=\"4089\" data-end=\"4125\">Revisaremos las opciones de tratamiento disponibles<\/p><\/li><li data-start=\"4126\" data-end=\"4178\"><p data-start=\"4128\" data-end=\"4178\">Proporcionaremos un cronograma estimado y un <a href=\"https:\/\/orthodontiststudiocity.com\/orthodontic-financing\/\">desglose de costes<\/a><\/p><\/li><li data-start=\"4179\" data-end=\"4231\"><p data-start=\"4181\" data-end=\"4231\">Responderemos a tus preguntas para que te sientas completamente informado<\/p><\/li><\/ul><p data-start=\"4233\" data-end=\"4422\">Sabemos que tu tiempo es valioso, por lo que nos esforzamos por hacer que cada cita sea eficiente y conveniente. Con el cuidado adecuado, puedes lograr la sonrisa que siempre has deseado, a cualquier edad. <\/p>\t\t\t\t\t\t\t\t<\/div>\n\t\t\t\t<\/div>\n\t\t\t\t\t<\/div>\n\t\t\t\t<\/div>\n\t\t\t\t<\/div>\n\t\t","protected":false},"excerpt":{"rendered":"<p>Ortodoncia para adultos a cualquier edad El tratamiento de ortodoncia no es solo para ni\u00f1os y adolescentes. Seg\u00fan la Asociaci\u00f3n Americana de Ortodoncistas, uno de cada cinco pacientes de ortodoncia hoy en d\u00eda es un adulto mayor de 21 a\u00f1os. Cada vez m\u00e1s adultos en Studio City, CA, y sus alrededores est\u00e1n optando por invertir en sus sonrisas, [&hellip;]<\/p>\n","protected":false},"author":2,"featured_media":6375,"parent":0,"menu_order":33,"comment_status":"closed","ping_status":"closed","template":"","meta":{"_seopress_robots_primary_cat":"","_seopress_titles_title":"Ortodoncia para adultos en Studio City, CA | Ortodoncista en Studio City","_seopress_titles_desc":"El Dr. Oscar Reyna-Blanco ofrece ortodoncia para adultos con brackets para adultos, alineadores transparentes Invisalign y opciones de enderezamiento dental para sonrisas saludables y seguras.","_seopress_robots_index":"","footnotes":""},"class_list":["post-6374","page","type-page","status-publish","has-post-thumbnail"],"_links":{"self":[{"href":"https:\/\/orthodontiststudiocity.com\/es\/wp-json\/wp\/v2\/pages\/6374","targetHints":{"allow":["GET"]}}],"collection":[{"href":"https:\/\/orthodontiststudiocity.com\/es\/wp-json\/wp\/v2\/pages"}],"about":[{"href":"https:\/\/orthodontiststudiocity.com\/es\/wp-json\/wp\/v2\/types\/page"}],"author":[{"embeddable":true,"href":"https:\/\/orthodontiststudiocity.com\/es\/wp-json\/wp\/v2\/users\/2"}],"replies":[{"embeddable":true,"href":"https:\/\/orthodontiststudiocity.com\/es\/wp-json\/wp\/v2\/comments?post=6374"}],"version-history":[{"count":1,"href":"https:\/\/orthodontiststudiocity.com\/es\/wp-json\/wp\/v2\/pages\/6374\/revisions"}],"predecessor-version":[{"id":6377,"href":"https:\/\/orthodontiststudiocity.com\/es\/wp-json\/wp\/v2\/pages\/6374\/revisions\/6377"}],"wp:featuredmedia":[{"embeddable":true,"href":"https:\/\/orthodontiststudiocity.com\/es\/wp-json\/wp\/v2\/media\/6375"}],"wp:attachment":[{"href":"https:\/\/orthodontiststudiocity.com\/es\/wp-json\/wp\/v2\/media?parent=6374"}],"curies":[{"name":"wp","href":"https:\/\/api.w.org\/{rel}","templated":true}]}}