{"id":6372,"date":"2022-06-03T15:10:45","date_gmt":"2022-06-03T15:10:45","guid":{"rendered":"https:\/\/orthodontiststudiocity.com\/ortodoncia-de-las-vias-respiratorias\/"},"modified":"2025-10-09T00:27:29","modified_gmt":"2025-10-09T00:27:29","slug":"ortodoncia-de-las-vias-respiratorias","status":"publish","type":"page","link":"https:\/\/orthodontiststudiocity.com\/es\/ortodoncia-de-las-vias-respiratorias\/","title":{"rendered":"Ortodoncia de las v\u00edas respiratorias"},"content":{"rendered":"\t\t<div data-elementor-type=\"wp-page\" data-elementor-id=\"6372\" class=\"elementor elementor-6372 elementor-3337\" data-elementor-post-type=\"page\">\n\t\t\t\t<div data-particle_enable=\"false\" data-particle-mobile-disabled=\"false\" class=\"elementor-element elementor-element-7040edc e-con-full e-flex e-con e-child\" data-id=\"7040edc\" data-element_type=\"container\" data-e-type=\"container\">\n\t\t\t\t<div class=\"elementor-element elementor-element-f424903 elementor-widget__width-inherit elementor-widget elementor-widget-heading\" data-id=\"f424903\" data-element_type=\"widget\" data-e-type=\"widget\" data-widget_type=\"heading.default\">\n\t\t\t\t<div class=\"elementor-widget-container\">\n\t\t\t\t\t<h1 class=\"elementor-heading-title elementor-size-default\">Ortodoncia de las v\u00edas respiratorias para una respiraci\u00f3n m\u00e1s saludable<\/h1>\t\t\t\t<\/div>\n\t\t\t\t<\/div>\n\t\t\t\t<\/div>\n\t\t<div data-particle_enable=\"false\" data-particle-mobile-disabled=\"false\" class=\"elementor-element elementor-element-8840ac4 e-flex e-con-boxed e-con e-parent\" data-id=\"8840ac4\" data-element_type=\"container\" data-e-type=\"container\">\n\t\t\t\t\t<div class=\"e-con-inner\">\n\t\t\t\t<div class=\"elementor-element elementor-element-0dd2495 elementor-widget elementor-widget-text-editor\" data-id=\"0dd2495\" data-element_type=\"widget\" data-e-type=\"widget\" data-widget_type=\"text-editor.default\">\n\t\t\t\t<div class=\"elementor-widget-container\">\n\t\t\t\t\t\t\t\t\t<p data-start=\"494\" data-end=\"812\">En Studio City Orthodontist, creemos que la ortodoncia va mucho m\u00e1s all\u00e1 de unos dientes rectos y una sonrisa bonita. Nuestro objetivo es ayudar a los pacientes a vivir vidas m\u00e1s saludables y c\u00f3modas abordando problemas que afectan al bienestar general. Una de las conexiones m\u00e1s importantes entre la salud bucal y la salud general son las v\u00edas respiratorias.  <\/p><p data-start=\"814\" data-end=\"1154\">La ortodoncia de las v\u00edas respiratorias se centra en identificar y tratar problemas que pueden restringir la respiraci\u00f3n, como la apnea obstructiva del sue\u00f1o (AOS) y la respiraci\u00f3n desordenada durante el sue\u00f1o (RDS). Al guiar el crecimiento adecuado de la mand\u00edbula y mejorar la funci\u00f3n de las v\u00edas respiratorias, podemos favorecer un mejor sue\u00f1o, una mejor salud y una mejor calidad de vida tanto para <a href=\"https:\/\/orthodontiststudiocity.com\/early-orthodontic-treatment\/\">ni\u00f1os<\/a> como para <a href=\"https:\/\/orthodontiststudiocity.com\/adult-orthodontics\/\">adultos<\/a>. <\/p><h2 data-start=\"1161\" data-end=\"1229\">\u00bfQu\u00e9 son la apnea obstructiva del sue\u00f1o y la respiraci\u00f3n desordenada durante el sue\u00f1o?<\/h2><p data-start=\"1231\" data-end=\"1480\">La apnea obstructiva del sue\u00f1o (AOS) es una afecci\u00f3n com\u00fan en la que las v\u00edas respiratorias se bloquean durante el sue\u00f1o, generalmente porque la lengua o el paladar blando se desploman hacia atr\u00e1s. Estos bloqueos pueden ocurrir de 5 a 30 veces por hora, causando una pausa en la respiraci\u00f3n. <\/p><p data-start=\"1482\" data-end=\"1723\">Cada episodio disminuye los niveles de ox\u00edgeno en la sangre, eleva el di\u00f3xido de carbono y desencadena la liberaci\u00f3n de cortisol (la \u201chormona del estr\u00e9s\u201d), lo que aumenta la frecuencia card\u00edaca y la presi\u00f3n arterial. Con el tiempo, este ciclo somete al cuerpo a un estr\u00e9s constante. <\/p><h3 data-start=\"1725\" data-end=\"1761\">Efectos comunes de la AOS y la RDS<\/h3><ul data-start=\"1762\" data-end=\"2009\"><li data-start=\"1762\" data-end=\"1812\"><p data-start=\"1764\" data-end=\"1812\">Ronquidos fuertes, atragantamiento o jadeo durante el sue\u00f1o<\/p><\/li><li data-start=\"1813\" data-end=\"1850\"><p data-start=\"1815\" data-end=\"1850\">Despertar frecuente o sue\u00f1o inquieto<\/p><\/li><li data-start=\"1851\" data-end=\"1899\"><p data-start=\"1853\" data-end=\"1899\">Fatiga diurna, irritabilidad o depresi\u00f3n<\/p><\/li><li data-start=\"1900\" data-end=\"1938\"><p data-start=\"1902\" data-end=\"1938\">Dolores de cabeza, ansiedad o aumento de peso<\/p><\/li><li data-start=\"1939\" data-end=\"2009\"><p data-start=\"1941\" data-end=\"2009\">Mayor riesgo de presi\u00f3n arterial alta, enfermedades card\u00edacas y diabetes<\/p><\/li><\/ul><p data-start=\"2011\" data-end=\"2070\">En los ni\u00f1os, los problemas de las v\u00edas respiratorias no tratados tambi\u00e9n pueden provocar:<\/p><ul data-start=\"2071\" data-end=\"2268\"><li data-start=\"2071\" data-end=\"2124\"><p data-start=\"2073\" data-end=\"2124\">Dificultades de aprendizaje y bajo rendimiento escolar<\/p><\/li><li data-start=\"2125\" data-end=\"2187\"><p data-start=\"2127\" data-end=\"2187\">Hiperactividad, s\u00edntomas similares al TDAH o falta de atenci\u00f3n<\/p><\/li><li data-start=\"2188\" data-end=\"2224\"><p data-start=\"2190\" data-end=\"2224\">Enuresis nocturna o sudoraci\u00f3n nocturna<\/p><\/li><li data-start=\"2225\" data-end=\"2268\"><p data-start=\"2227\" data-end=\"2268\">Problemas de conducta y terrores nocturnos<\/p><\/li><\/ul>\t\t\t\t\t\t\t\t<\/div>\n\t\t\t\t<\/div>\n\t\t\t\t\t<\/div>\n\t\t\t\t<\/div>\n\t\t<div data-particle_enable=\"false\" data-particle-mobile-disabled=\"false\" class=\"elementor-element elementor-element-4532f1a e-grid e-con-boxed e-con e-parent\" data-id=\"4532f1a\" data-element_type=\"container\" data-e-type=\"container\">\n\t\t\t\t\t<div class=\"e-con-inner\">\n\t\t\t\t<div class=\"elementor-element elementor-element-a9c9ed9 elementor-widget elementor-widget-text-editor\" data-id=\"a9c9ed9\" data-element_type=\"widget\" data-e-type=\"widget\" data-widget_type=\"text-editor.default\">\n\t\t\t\t<div class=\"elementor-widget-container\">\n\t\t\t\t\t\t\t\t\t<h3 data-start=\"2275\" data-end=\"2303\">S\u00edntomas de la AOS y la RDS<\/h3><p data-start=\"2305\" data-end=\"2363\">Los padres y los adultos deben estar atentos a estas se\u00f1ales de advertencia:<\/p><ul data-start=\"2365\" data-end=\"2681\"><li data-start=\"2365\" data-end=\"2412\"><p data-start=\"2367\" data-end=\"2412\">Ronquidos o pausas en la respiraci\u00f3n durante el sue\u00f1o<\/p><\/li><li data-start=\"2413\" data-end=\"2443\"><p data-start=\"2415\" data-end=\"2443\">Respiraci\u00f3n bucal persistente<\/p><\/li><li data-start=\"2444\" data-end=\"2489\"><p data-start=\"2446\" data-end=\"2489\">Sue\u00f1o inquieto o posiciones inusuales para dormir<\/p><\/li><li data-start=\"2490\" data-end=\"2543\"><p data-start=\"2492\" data-end=\"2543\">Somnolencia diurna o dificultad para prestar atenci\u00f3n<\/p><\/li><li data-start=\"2544\" data-end=\"2594\"><p data-start=\"2546\" data-end=\"2594\">Hiperactividad o problemas de conducta en los ni\u00f1os<\/p><\/li><li data-start=\"2595\" data-end=\"2638\"><p data-start=\"2597\" data-end=\"2638\">Resoplidos, tos o atragantamiento por la noche<\/p><\/li><li data-start=\"2639\" data-end=\"2681\"><p data-start=\"2641\" data-end=\"2681\">Sudoraci\u00f3n nocturna o poco aumento de peso<\/p><\/li><\/ul>\t\t\t\t\t\t\t\t<\/div>\n\t\t\t\t<\/div>\n\t\t\t\t<div class=\"elementor-element elementor-element-f319b52 elementor-widget elementor-widget-text-editor\" data-id=\"f319b52\" data-element_type=\"widget\" data-e-type=\"widget\" data-widget_type=\"text-editor.default\">\n\t\t\t\t<div class=\"elementor-widget-container\">\n\t\t\t\t\t\t\t\t\t<h3 data-start=\"2688\" data-end=\"2706\">Causas comunes<\/h3><p data-start=\"2708\" data-end=\"2775\">Los problemas de las v\u00edas respiratorias pueden estar relacionados con diversos factores, entre ellos:<\/p><ul data-start=\"2777\" data-end=\"3010\"><li data-start=\"2777\" data-end=\"2832\"><p data-start=\"2779\" data-end=\"2832\">Am\u00edgdalas o adenoides agrandadas que bloquean el flujo de aire<\/p><\/li><li data-start=\"2833\" data-end=\"2923\"><p data-start=\"2835\" data-end=\"2923\">Mand\u00edbulas estrechas o estructuras mandibulares poco desarrolladas que dejan poco espacio para la lengua<\/p><\/li><li data-start=\"2924\" data-end=\"2971\"><p data-start=\"2926\" data-end=\"2971\">Anquiloglosia (movimiento restringido de la lengua)<\/p><\/li><li data-start=\"2972\" data-end=\"3010\"><p data-start=\"2974\" data-end=\"3010\">La obesidad es m\u00e1s com\u00fan en los adultos<\/p><\/li><\/ul>\t\t\t\t\t\t\t\t<\/div>\n\t\t\t\t<\/div>\n\t\t\t\t\t<\/div>\n\t\t\t\t<\/div>\n\t\t<div data-particle_enable=\"false\" data-particle-mobile-disabled=\"false\" class=\"elementor-element elementor-element-3640f61 e-flex e-con-boxed e-con e-parent\" data-id=\"3640f61\" data-element_type=\"container\" data-e-type=\"container\">\n\t\t\t\t\t<div class=\"e-con-inner\">\n\t\t\t\t<div class=\"elementor-element elementor-element-d2697e5 elementor-widget elementor-widget-text-editor\" data-id=\"d2697e5\" data-element_type=\"widget\" data-e-type=\"widget\" data-widget_type=\"text-editor.default\">\n\t\t\t\t<div class=\"elementor-widget-container\">\n\t\t\t\t\t\t\t\t\t<h2 data-start=\"3017\" data-end=\"3039\">Opciones de tratamiento<\/h2><p data-start=\"3041\" data-end=\"3217\">El tratamiento adecuado depende de la edad, la gravedad y la causa subyacente. Utilizamos un enfoque centrado en el crecimiento y en las v\u00edas respiratorias para proporcionar mejoras duraderas. <\/p><p data-start=\"3219\" data-end=\"3243\">El tratamiento puede incluir:<\/p><ul data-start=\"3244\" data-end=\"3578\"><li data-start=\"3244\" data-end=\"3339\"><p data-start=\"3246\" data-end=\"3339\">Extirpaci\u00f3n de tejidos obstructivos (como am\u00edgdalas o adenoides) para restablecer la respiraci\u00f3n nasal<\/p><\/li><li data-start=\"3340\" data-end=\"3470\"><p data-start=\"3342\" data-end=\"3470\">Ortodoncia orientada al crecimiento para expandir o avanzar las mand\u00edbulas, creando m\u00e1s espacio para la lengua y aumentando el volumen de las v\u00edas respiratorias<\/p><\/li><li data-start=\"3471\" data-end=\"3578\"><p data-start=\"3473\" data-end=\"3578\">Intervenci\u00f3n temprana en ni\u00f1os para guiar el crecimiento esquel\u00e9tico saludable y prevenir complicaciones a largo plazo<\/p><\/li><\/ul><h2 data-start=\"3585\" data-end=\"3628\">Cu\u00e1ndo comenzar la evaluaci\u00f3n y el tratamiento<\/h2><p data-start=\"3630\" data-end=\"3978\">Nunca es demasiado pronto para abordar los problemas de las v\u00edas respiratorias. De hecho, muchas de las t\u00e9cnicas de modificaci\u00f3n del crecimiento en las que nos especializamos son m\u00e1s eficaces cuando se inician entre los 6 y los 7 a\u00f1os. La evaluaci\u00f3n temprana nos permite guiar el desarrollo de la mand\u00edbula y las v\u00edas respiratorias mientras el ni\u00f1o a\u00fan est\u00e1 creciendo, lo que reduce significativamente la necesidad de un tratamiento m\u00e1s complejo en el futuro.  <\/p><p data-start=\"3980\" data-end=\"4097\">Los adultos tambi\u00e9n pueden beneficiarse de la ortodoncia de las v\u00edas respiratorias, especialmente cuando se combina con otra atenci\u00f3n m\u00e9dica para la apnea del sue\u00f1o.<\/p><h2 data-start=\"4104\" data-end=\"4159\">D\u00e9 el primer paso hacia un mejor sue\u00f1o y una mejor salud<\/h2><p data-start=\"4161\" data-end=\"4344\">Si usted o su hijo muestran signos de respiraci\u00f3n desordenada durante el sue\u00f1o o problemas de las v\u00edas respiratorias, no espere. El diagn\u00f3stico y el tratamiento tempranos pueden transformar no solo la salud bucal, sino el bienestar general. <\/p><p data-start=\"4346\" data-end=\"4557\">P\u00f3ngase en contacto con nuestra consulta hoy mismo para <a href=\"https:\/\/orthodontiststudiocity.com\/request-an-appointment\/\">programar una consulta gratuita<\/a> y descubrir c\u00f3mo la ortodoncia de las v\u00edas respiratorias puede ayudarle a usted o a su hijo a respirar mejor, dormir mejor y vivir de forma m\u00e1s saludable.<\/p>\t\t\t\t\t\t\t\t<\/div>\n\t\t\t\t<\/div>\n\t\t\t\t\t<\/div>\n\t\t\t\t<\/div>\n\t\t\t\t<\/div>\n\t\t","protected":false},"excerpt":{"rendered":"<p>Ortodoncia de las v\u00edas respiratorias para una respiraci\u00f3n m\u00e1s saludable En Studio City Orthodontist, creemos que la ortodoncia va mucho m\u00e1s all\u00e1 de unos dientes rectos y una sonrisa bonita. Nuestro objetivo es ayudar a los pacientes a vivir vidas m\u00e1s saludables y c\u00f3modas abordando problemas que afectan al bienestar general. Una de las conexiones m\u00e1s importantes entre [&hellip;]<\/p>\n","protected":false},"author":2,"featured_media":6373,"parent":0,"menu_order":43,"comment_status":"closed","ping_status":"closed","template":"","meta":{"_seopress_robots_primary_cat":"","_seopress_titles_title":"Ortodoncia de las v\u00edas respiratorias Studio City CA | Ortodoncista de Studio City","_seopress_titles_desc":"La ortodoncia de las v\u00edas respiratorias mejora el crecimiento de la mand\u00edbula y la funci\u00f3n de las v\u00edas respiratorias para tratar la apnea del sue\u00f1o, la respiraci\u00f3n desordenada durante el sue\u00f1o y favorecer una respiraci\u00f3n y un sue\u00f1o m\u00e1s saludables.","_seopress_robots_index":"","footnotes":""},"class_list":["post-6372","page","type-page","status-publish","has-post-thumbnail"],"_links":{"self":[{"href":"https:\/\/orthodontiststudiocity.com\/es\/wp-json\/wp\/v2\/pages\/6372","targetHints":{"allow":["GET"]}}],"collection":[{"href":"https:\/\/orthodontiststudiocity.com\/es\/wp-json\/wp\/v2\/pages"}],"about":[{"href":"https:\/\/orthodontiststudiocity.com\/es\/wp-json\/wp\/v2\/types\/page"}],"author":[{"embeddable":true,"href":"https:\/\/orthodontiststudiocity.com\/es\/wp-json\/wp\/v2\/users\/2"}],"replies":[{"embeddable":true,"href":"https:\/\/orthodontiststudiocity.com\/es\/wp-json\/wp\/v2\/comments?post=6372"}],"version-history":[{"count":1,"href":"https:\/\/orthodontiststudiocity.com\/es\/wp-json\/wp\/v2\/pages\/6372\/revisions"}],"predecessor-version":[{"id":6376,"href":"https:\/\/orthodontiststudiocity.com\/es\/wp-json\/wp\/v2\/pages\/6372\/revisions\/6376"}],"wp:featuredmedia":[{"embeddable":true,"href":"https:\/\/orthodontiststudiocity.com\/es\/wp-json\/wp\/v2\/media\/6373"}],"wp:attachment":[{"href":"https:\/\/orthodontiststudiocity.com\/es\/wp-json\/wp\/v2\/media?parent=6372"}],"curies":[{"name":"wp","href":"https:\/\/api.w.org\/{rel}","templated":true}]}}