{"id":6367,"date":"2017-03-22T10:19:02","date_gmt":"2017-03-22T10:19:02","guid":{"rendered":"https:\/\/orthodontiststudiocity.com\/declaracion-de-accesibilidad\/"},"modified":"2025-10-09T00:27:29","modified_gmt":"2025-10-09T00:27:29","slug":"declaracion-de-accesibilidad","status":"publish","type":"page","link":"https:\/\/orthodontiststudiocity.com\/es\/declaracion-de-accesibilidad\/","title":{"rendered":"Declaraci\u00f3n de accesibilidad"},"content":{"rendered":"\t\t<div data-elementor-type=\"wp-page\" data-elementor-id=\"6367\" class=\"elementor elementor-6367 elementor-2809\" data-elementor-post-type=\"page\">\n\t\t\t\t<div data-particle_enable=\"false\" data-particle-mobile-disabled=\"false\" class=\"elementor-element elementor-element-0c38473 e-con-full e-flex e-con e-child\" data-id=\"0c38473\" data-element_type=\"container\" data-e-type=\"container\">\n\t\t\t\t<div class=\"elementor-element elementor-element-065ae91 elementor-widget__width-inherit elementor-widget elementor-widget-heading\" data-id=\"065ae91\" data-element_type=\"widget\" data-e-type=\"widget\" data-widget_type=\"heading.default\">\n\t\t\t\t<div class=\"elementor-widget-container\">\n\t\t\t\t\t<h1 class=\"elementor-heading-title elementor-size-default\">Declaraci\u00f3n de accesibilidad<\/h1>\t\t\t\t<\/div>\n\t\t\t\t<\/div>\n\t\t\t\t<\/div>\n\t\t\t\t<section data-particle_enable=\"false\" data-particle-mobile-disabled=\"false\" class=\"elementor-section elementor-top-section elementor-element elementor-element-5f3c5e88 elementor-section-boxed elementor-section-height-default elementor-section-height-default\" data-id=\"5f3c5e88\" data-element_type=\"section\" data-e-type=\"section\">\n\t\t\t\t\t\t<div class=\"elementor-container elementor-column-gap-default\">\n\t\t\t\t\t<div class=\"elementor-column elementor-col-100 elementor-top-column elementor-element elementor-element-5878f26a\" data-id=\"5878f26a\" data-element_type=\"column\" data-e-type=\"column\">\n\t\t\t<div class=\"elementor-widget-wrap elementor-element-populated\">\n\t\t\t\t\t\t<div class=\"elementor-element elementor-element-c11330d elementor-widget elementor-widget-html\" data-id=\"c11330d\" data-element_type=\"widget\" data-e-type=\"widget\" data-widget_type=\"html.default\">\n\t\t\t\t<div class=\"elementor-widget-container\">\n\t\t\t\t\t\n<iframe class=\"gfiframe\" src=\"\/\/secureonline.co\/gfembed\/?f=879\" width=\"100%\" height=\"auto\" frameborder=\"0\"><\/iframe>\n<script src=\"\/\/secureonline.co\/wp-content\/plugins\/gravity-forms-iframe-master\/assets\/scripts\/gfembed.min.js\" type=\"text\/javascript\"><\/script>\n\t\t\t\t<\/div>\n\t\t\t\t<\/div>\n\t\t\t\t\t<\/div>\n\t\t<\/div>\n\t\t\t\t\t<\/div>\n\t\t<\/section>\n\t\t<div data-particle_enable=\"false\" data-particle-mobile-disabled=\"false\" class=\"elementor-element elementor-element-2a5b279 e-flex e-con-boxed e-con e-parent\" data-id=\"2a5b279\" data-element_type=\"container\" data-e-type=\"container\">\n\t\t\t\t\t<div class=\"e-con-inner\">\n\t\t\t\t<div class=\"elementor-element elementor-element-3098988 elementor-widget-divider--view-line elementor-widget elementor-widget-divider\" data-id=\"3098988\" data-element_type=\"widget\" data-e-type=\"widget\" data-widget_type=\"divider.default\">\n\t\t\t\t<div class=\"elementor-widget-container\">\n\t\t\t\t\t\t\t<div class=\"elementor-divider\">\n\t\t\t<span class=\"elementor-divider-separator\">\n\t\t\t\t\t\t<\/span>\n\t\t<\/div>\n\t\t\t\t\t\t<\/div>\n\t\t\t\t<\/div>\n\t\t\t\t<div class=\"elementor-element elementor-element-dfce098 elementor-widget elementor-widget-text-editor\" data-id=\"dfce098\" data-element_type=\"widget\" data-e-type=\"widget\" data-widget_type=\"text-editor.default\">\n\t\t\t\t<div class=\"elementor-widget-container\">\n\t\t\t\t\t\t\t\t\t<h3>Studio City Orthodontist<\/h3><ul><li>Direcci\u00f3n: 12405 Ventura Blvd, Studio City, CA 91604, Estados Unidos<\/li><li>Tel\u00e9fono: (818) 452-5688<\/li><\/ul>\t\t\t\t\t\t\t\t<\/div>\n\t\t\t\t<\/div>\n\t\t\t\t\t<\/div>\n\t\t\t\t<\/div>\n\t\t\t\t<\/div>\n\t\t","protected":false},"excerpt":{"rendered":"<p>Declaraci\u00f3n de accesibilidad Studio City Orthodontist Direcci\u00f3n: 12405 Ventura Blvd, Studio City, CA 91604, Estados Unidos Tel\u00e9fono: (818) 452-5688<\/p>\n","protected":false},"author":2,"featured_media":6369,"parent":0,"menu_order":58,"comment_status":"closed","ping_status":"closed","template":"","meta":{"_seopress_robots_primary_cat":"","_seopress_titles_title":"Declaraci\u00f3n de accesibilidad de Studio City Orthodontist en Studio City, CA","_seopress_titles_desc":"En Studio City Orthodontist, nos comprometemos a que nuestra p\u00e1gina web sea accesible y proporcionamos herramientas y consejos para que todos los usuarios disfruten de una experiencia en l\u00ednea inclusiva.","_seopress_robots_index":"","footnotes":""},"class_list":["post-6367","page","type-page","status-publish","has-post-thumbnail"],"_links":{"self":[{"href":"https:\/\/orthodontiststudiocity.com\/es\/wp-json\/wp\/v2\/pages\/6367","targetHints":{"allow":["GET"]}}],"collection":[{"href":"https:\/\/orthodontiststudiocity.com\/es\/wp-json\/wp\/v2\/pages"}],"about":[{"href":"https:\/\/orthodontiststudiocity.com\/es\/wp-json\/wp\/v2\/types\/page"}],"author":[{"embeddable":true,"href":"https:\/\/orthodontiststudiocity.com\/es\/wp-json\/wp\/v2\/users\/2"}],"replies":[{"embeddable":true,"href":"https:\/\/orthodontiststudiocity.com\/es\/wp-json\/wp\/v2\/comments?post=6367"}],"version-history":[{"count":1,"href":"https:\/\/orthodontiststudiocity.com\/es\/wp-json\/wp\/v2\/pages\/6367\/revisions"}],"predecessor-version":[{"id":6371,"href":"https:\/\/orthodontiststudiocity.com\/es\/wp-json\/wp\/v2\/pages\/6367\/revisions\/6371"}],"wp:featuredmedia":[{"embeddable":true,"href":"https:\/\/orthodontiststudiocity.com\/es\/wp-json\/wp\/v2\/media\/6369"}],"wp:attachment":[{"href":"https:\/\/orthodontiststudiocity.com\/es\/wp-json\/wp\/v2\/media?parent=6367"}],"curies":[{"name":"wp","href":"https:\/\/api.w.org\/{rel}","templated":true}]}}