{"id":6366,"date":"2022-05-26T14:12:58","date_gmt":"2022-05-26T14:12:58","guid":{"rendered":"https:\/\/orthodontiststudiocity.com\/ortodoncia-para-adolescentes\/"},"modified":"2025-10-09T00:27:29","modified_gmt":"2025-10-09T00:27:29","slug":"ortodoncia-para-adolescentes","status":"publish","type":"page","link":"https:\/\/orthodontiststudiocity.com\/es\/ortodoncia-para-adolescentes\/","title":{"rendered":"Ortodoncia para adolescentes"},"content":{"rendered":"\t\t<div data-elementor-type=\"wp-page\" data-elementor-id=\"6366\" class=\"elementor elementor-6366 elementor-3316\" data-elementor-post-type=\"page\">\n\t\t\t\t<div data-particle_enable=\"false\" data-particle-mobile-disabled=\"false\" class=\"elementor-element elementor-element-f9a17b2 e-con-full e-flex e-con e-child\" data-id=\"f9a17b2\" data-element_type=\"container\" data-e-type=\"container\">\n\t\t\t\t<div class=\"elementor-element elementor-element-72bd654 elementor-widget__width-inherit elementor-widget elementor-widget-heading\" data-id=\"72bd654\" data-element_type=\"widget\" data-e-type=\"widget\" data-widget_type=\"heading.default\">\n\t\t\t\t<div class=\"elementor-widget-container\">\n\t\t\t\t\t<h1 class=\"elementor-heading-title elementor-size-default\">Tratamiento de ortodoncia para adolescentes<\/h1>\t\t\t\t<\/div>\n\t\t\t\t<\/div>\n\t\t\t\t<\/div>\n\t\t\t\t<section data-particle_enable=\"false\" data-particle-mobile-disabled=\"false\" class=\"elementor-section elementor-top-section elementor-element elementor-element-0f6ae11 elementor-section-boxed elementor-section-height-default elementor-section-height-default\" data-id=\"0f6ae11\" data-element_type=\"section\" data-e-type=\"section\">\n\t\t\t\t\t\t<div class=\"elementor-container elementor-column-gap-default\">\n\t\t\t\t\t<div class=\"elementor-column elementor-col-100 elementor-top-column elementor-element elementor-element-c8eb12a\" data-id=\"c8eb12a\" data-element_type=\"column\" data-e-type=\"column\">\n\t\t\t<div class=\"elementor-widget-wrap elementor-element-populated\">\n\t\t\t\t\t\t<div class=\"elementor-element elementor-element-9bb314b elementor-widget elementor-widget-text-editor\" data-id=\"9bb314b\" data-element_type=\"widget\" data-e-type=\"widget\" data-widget_type=\"text-editor.default\">\n\t\t\t\t<div class=\"elementor-widget-container\">\n\t\t\t\t\t\t\t\t\t<p data-start=\"401\" data-end=\"793\">Entre los 11 y los 15 a\u00f1os, muchos ni\u00f1os comienzan su viaje de ortodoncia. Este es el momento m\u00e1s com\u00fan para comenzar con los brackets, y hay muchas razones por las que. A los 12 a\u00f1os, la mayor\u00eda de los dientes permanentes ya han erupcionado, lo que facilita la detecci\u00f3n y correcci\u00f3n de problemas como <g id=\"gid_0\">api\u00f1amiento, espacios y problemas de mordida<\/g>. Dado que estas preocupaciones rara vez se solucionan solas, a menudo es cuando los padres programan una consulta.   <\/p><h2 data-start=\"800\" data-end=\"843\">Por qu\u00e9 las edades de 11 a 15 a\u00f1os son ideales para los brackets<\/h2><p data-start=\"845\" data-end=\"928\">Los ortodoncistas consideran este rango de edad como el \u00abpunto \u00f3ptimo\u00bb para el tratamiento. Aqu\u00ed est\u00e1 el por qu\u00e9: <\/p><ul data-start=\"930\" data-end=\"1519\"><li data-start=\"930\" data-end=\"1089\"><p data-start=\"932\" data-end=\"1089\">Los dientes permanentes est\u00e1n en su lugar: al comienzo de la adolescencia, la mayor\u00eda de los dientes de leche han desaparecido y los ortodoncistas pueden ver claramente problemas de espaciamiento, api\u00f1amiento o alineaci\u00f3n.<\/p><\/li><li data-start=\"1090\" data-end=\"1232\"><p data-start=\"1092\" data-end=\"1232\">Los problemas son m\u00e1s f\u00e1ciles de detectar: las mordidas incorrectas, las mordidas cruzadas o las sobremordidas se vuelven obvias en esta etapa y se pueden corregir de manera m\u00e1s efectiva.<\/p><\/li><li data-start=\"1233\" data-end=\"1382\"><p data-start=\"1235\" data-end=\"1382\">La aceptaci\u00f3n social es mayor: los adolescentes y preadolescentes a menudo se sienten m\u00e1s c\u00f3modos con los brackets porque muchos de sus amigos tambi\u00e9n los usan.<\/p><\/li><li data-start=\"1383\" data-end=\"1519\"><p data-start=\"1385\" data-end=\"1519\">Resultados m\u00e1s r\u00e1pidos: los ni\u00f1os de esta edad tienen metabolismos m\u00e1s altos, lo que puede acortar el tiempo de tratamiento y hacer que los ajustes sean menos inc\u00f3modos.<\/p><\/li><\/ul><h2 data-start=\"1526\" data-end=\"1583\">Los beneficios de la atenci\u00f3n de ortodoncia durante la adolescencia<\/h2><p data-start=\"1585\" data-end=\"1696\">Comenzar el tratamiento de ortodoncia durante la adolescencia hace m\u00e1s que crear una sonrisa recta. Tambi\u00e9n ayuda con: <\/p><ul data-start=\"1698\" data-end=\"2174\"><li data-start=\"1698\" data-end=\"1804\"><p data-start=\"1700\" data-end=\"1804\">Mayor confianza: una sonrisa m\u00e1s recta puede aumentar la autoestima durante estos importantes a\u00f1os sociales.<\/p><\/li><li data-start=\"1805\" data-end=\"1931\"><p data-start=\"1807\" data-end=\"1931\">Mejor salud bucal: corregir los problemas de mordida facilita la limpieza de los dientes y reduce el riesgo de caries o enfermedad de las enc\u00edas.<\/p><\/li><li data-start=\"1932\" data-end=\"2046\"><p data-start=\"1934\" data-end=\"2046\">Crecimiento equilibrado de la mand\u00edbula: el tratamiento temprano en la adolescencia puede guiar el desarrollo de la mand\u00edbula y prevenir problemas m\u00e1s complejos m\u00e1s adelante.<\/p><\/li><li data-start=\"2047\" data-end=\"2174\"><p data-start=\"2049\" data-end=\"2174\">Tratamiento m\u00e1s simple: abordar los problemas de ortodoncia temprano a menudo evita la necesidad de extracciones o cirug\u00eda en la edad adulta.<\/p><\/li><\/ul><h2 data-start=\"2181\" data-end=\"2227\">Enderezamiento de dientes para adolescentes<\/h2><p data-start=\"2229\" data-end=\"2412\">Cada adolescente es \u00fanico, por lo que el tratamiento de ortodoncia viene en diferentes formas. En Studio City Orthodontist, ofrecemos varias soluciones adaptadas a las necesidades y el estilo de vida de cada paciente: <\/p><ul><li data-start=\"128\" data-end=\"299\"><p data-start=\"130\" data-end=\"299\"><a href=\"https:\/\/orthodontiststudiocity.com\/types-of-braces\/\">Brackets tradicionales<\/a>: duraderos y eficaces para corregir incluso problemas de ortodoncia complejos, y disponibles con el\u00e1sticos coloridos para que los adolescentes puedan personalizar su aspecto.<\/p><\/li><li data-start=\"301\" data-end=\"467\"><p data-start=\"303\" data-end=\"467\"><a href=\"https:\/\/orthodontiststudiocity.com\/types-of-braces\/\">Brackets transparentes<\/a>: dise\u00f1ados para integrarse con los dientes naturales para una apariencia m\u00e1s sutil, lo que los convierte en una opci\u00f3n popular para los adolescentes que desean algo menos notorio.<\/p><\/li><li data-start=\"469\" data-end=\"696\"><p data-start=\"471\" data-end=\"696\"><a href=\"https:\/\/orthodontiststudiocity.com\/invisalign\/\">Invisalign Teen<\/a>: alineadores transparentes y removibles hechos espec\u00edficamente para adolescentes que les permiten disfrutar de sus comidas favoritas, mantener rutinas normales de cepillado y uso de hilo dental, y mantenerse al d\u00eda con los indicadores de uso incorporados.<\/p><\/li><\/ul><p data-start=\"2972\" data-end=\"3086\">Al ofrecer m\u00faltiples opciones, nos aseguramos de que cada adolescente pueda encontrar el tratamiento que se adapte a su estilo de vida y objetivos.<\/p><h2 data-start=\"3093\" data-end=\"3129\">Cu\u00e1ndo programar una cita<\/h2><p data-start=\"3131\" data-end=\"3268\">La mejor manera de saber si es hora de usar brackets es programar un examen inicial gratuito. Durante esta visita, el Dr. Oscar Reyna-Blanco: <\/p><ul data-start=\"3270\" data-end=\"3479\"><li data-start=\"3270\" data-end=\"3335\"><p data-start=\"3272\" data-end=\"3335\">Evaluar si el tratamiento de ortodoncia es necesario ahora o m\u00e1s tarde<\/p><\/li><li data-start=\"3336\" data-end=\"3378\"><p data-start=\"3338\" data-end=\"3378\">Esquematizar el plan de tratamiento recomendado<\/p><\/li><li data-start=\"3379\" data-end=\"3420\"><p data-start=\"3381\" data-end=\"3420\">Estimar cu\u00e1nto tiempo tomar\u00e1 el tratamiento<\/p><\/li><li data-start=\"3421\" data-end=\"3479\"><p data-start=\"3423\" data-end=\"3479\">Proporcionar un desglose claro de los <a href=\"https:\/\/orthodontiststudiocity.com\/orthodontic-financing\/\">costos y opciones de pago<\/a><\/p><\/li><\/ul><p data-start=\"3481\" data-end=\"3575\">Comenzar el proceso asegura que su adolescente reciba la atenci\u00f3n m\u00e1s efectiva en el momento adecuado.<\/p><h2 data-start=\"3582\" data-end=\"3631\">Dele a su adolescente el regalo de una sonrisa segura<\/h2><p data-start=\"3633\" data-end=\"3944\">Los brackets para adolescentes son m\u00e1s que una simple soluci\u00f3n cosm\u00e9tica. Preparan el escenario para una salud dental de por vida, una funci\u00f3n mejorada y una confianza duradera. Ya sea que su adolescente elija brackets tradicionales, brackets transparentes o Invisalign Teen, el resultado es el mismo: una sonrisa saludable y hermosa que durar\u00e1 hasta la edad adulta.  <\/p><p data-start=\"3946\" data-end=\"4079\">Llame a nuestra oficina hoy para <a href=\"https:\/\/orthodontiststudiocity.com\/request-an-appointment\/\">programar su consulta gratuita<\/a> y descubra la mejor soluci\u00f3n para enderezar los dientes de su adolescente.<\/p>\t\t\t\t\t\t\t\t<\/div>\n\t\t\t\t<\/div>\n\t\t\t\t\t<\/div>\n\t\t<\/div>\n\t\t\t\t\t<\/div>\n\t\t<\/section>\n\t\t\t\t<\/div>\n\t\t","protected":false},"excerpt":{"rendered":"<p>Tratamiento de ortodoncia para adolescentes Entre los 11 y los 15 a\u00f1os, muchos ni\u00f1os comienzan su viaje de ortodoncia. Este es el momento m\u00e1s com\u00fan para comenzar con los brackets, y hay muchas razones por las que. A los 12 a\u00f1os, la mayor\u00eda de los dientes permanentes ya han erupcionado, lo que facilita la detecci\u00f3n y correcci\u00f3n de [&hellip;]<\/p>\n","protected":false},"author":2,"featured_media":6368,"parent":0,"menu_order":30,"comment_status":"closed","ping_status":"closed","template":"","meta":{"_seopress_robots_primary_cat":"","_seopress_titles_title":"Tratamiento de ortodoncia para adolescentes en Studio City, CA | Ortodoncista de Studio City","_seopress_titles_desc":"El Dr. Oscar Reyna-Blanco ofrece tratamiento de ortodoncia para adolescentes con brackets y alineadores transparentes Invisalign, ofreciendo un enderezamiento dental personalizado para adolescentes.","_seopress_robots_index":"","footnotes":""},"class_list":["post-6366","page","type-page","status-publish","has-post-thumbnail"],"_links":{"self":[{"href":"https:\/\/orthodontiststudiocity.com\/es\/wp-json\/wp\/v2\/pages\/6366","targetHints":{"allow":["GET"]}}],"collection":[{"href":"https:\/\/orthodontiststudiocity.com\/es\/wp-json\/wp\/v2\/pages"}],"about":[{"href":"https:\/\/orthodontiststudiocity.com\/es\/wp-json\/wp\/v2\/types\/page"}],"author":[{"embeddable":true,"href":"https:\/\/orthodontiststudiocity.com\/es\/wp-json\/wp\/v2\/users\/2"}],"replies":[{"embeddable":true,"href":"https:\/\/orthodontiststudiocity.com\/es\/wp-json\/wp\/v2\/comments?post=6366"}],"version-history":[{"count":1,"href":"https:\/\/orthodontiststudiocity.com\/es\/wp-json\/wp\/v2\/pages\/6366\/revisions"}],"predecessor-version":[{"id":6370,"href":"https:\/\/orthodontiststudiocity.com\/es\/wp-json\/wp\/v2\/pages\/6366\/revisions\/6370"}],"wp:featuredmedia":[{"embeddable":true,"href":"https:\/\/orthodontiststudiocity.com\/es\/wp-json\/wp\/v2\/media\/6368"}],"wp:attachment":[{"href":"https:\/\/orthodontiststudiocity.com\/es\/wp-json\/wp\/v2\/media?parent=6366"}],"curies":[{"name":"wp","href":"https:\/\/api.w.org\/{rel}","templated":true}]}}