{"id":6359,"date":"2017-02-13T10:54:53","date_gmt":"2017-02-13T10:54:53","guid":{"rendered":"https:\/\/orthodontiststudiocity.com\/politica-anti-spam\/"},"modified":"2025-10-09T00:27:29","modified_gmt":"2025-10-09T00:27:29","slug":"politica-anti-spam","status":"publish","type":"page","link":"https:\/\/orthodontiststudiocity.com\/es\/politica-anti-spam\/","title":{"rendered":"Pol\u00edtica anti-spam"},"content":{"rendered":"\t\t<div data-elementor-type=\"wp-page\" data-elementor-id=\"6359\" class=\"elementor elementor-6359 elementor-1475\" data-elementor-post-type=\"page\">\n\t\t\t\t<div data-particle_enable=\"false\" data-particle-mobile-disabled=\"false\" class=\"elementor-element elementor-element-130f111 e-con-full e-flex e-con e-child\" data-id=\"130f111\" data-element_type=\"container\" data-e-type=\"container\">\n\t\t\t\t<div class=\"elementor-element elementor-element-d59d508 elementor-widget__width-inherit elementor-widget elementor-widget-heading\" data-id=\"d59d508\" data-element_type=\"widget\" data-e-type=\"widget\" data-widget_type=\"heading.default\">\n\t\t\t\t<div class=\"elementor-widget-container\">\n\t\t\t\t\t<h1 class=\"elementor-heading-title elementor-size-default\">Pol\u00edtica anti-spam<\/h1>\t\t\t\t<\/div>\n\t\t\t\t<\/div>\n\t\t\t\t<\/div>\n\t\t\t\t<section data-particle_enable=\"false\" data-particle-mobile-disabled=\"false\" class=\"elementor-section elementor-top-section elementor-element elementor-element-639dcf57 elementor-section-boxed elementor-section-height-default elementor-section-height-default\" data-id=\"639dcf57\" data-element_type=\"section\" data-e-type=\"section\">\n\t\t\t\t\t\t<div class=\"elementor-container elementor-column-gap-default\">\n\t\t\t\t\t<div class=\"elementor-column elementor-col-100 elementor-top-column elementor-element elementor-element-682d3ca4\" data-id=\"682d3ca4\" data-element_type=\"column\" data-e-type=\"column\">\n\t\t\t<div class=\"elementor-widget-wrap elementor-element-populated\">\n\t\t\t\t\t\t<div class=\"elementor-element elementor-element-ecbc5a5 elementor-widget elementor-widget-html\" data-id=\"ecbc5a5\" data-element_type=\"widget\" data-e-type=\"widget\" data-widget_type=\"html.default\">\n\t\t\t\t<div class=\"elementor-widget-container\">\n\t\t\t\t\t<iframe class=\"gfiframe\" src=\"\/\/secureonline.co\/gfembed\/?f=878\" width=\"100%\" height=\"auto\" frameborder=\"0\"><\/iframe>\n<script src=\"\/\/secureonline.co\/wp-content\/plugins\/gravity-forms-iframe-master\/assets\/scripts\/gfembed.min.js\" type=\"text\/javascript\"><\/script>\t\t\t\t<\/div>\n\t\t\t\t<\/div>\n\t\t\t\t\t<\/div>\n\t\t<\/div>\n\t\t\t\t\t<\/div>\n\t\t<\/section>\n\t\t<div data-particle_enable=\"false\" data-particle-mobile-disabled=\"false\" class=\"elementor-element elementor-element-f730462 e-flex e-con-boxed e-con e-parent\" data-id=\"f730462\" data-element_type=\"container\" data-e-type=\"container\">\n\t\t\t\t\t<div class=\"e-con-inner\">\n\t\t\t\t<div class=\"elementor-element elementor-element-c42dd5c elementor-widget-divider--view-line elementor-widget elementor-widget-divider\" data-id=\"c42dd5c\" data-element_type=\"widget\" data-e-type=\"widget\" data-widget_type=\"divider.default\">\n\t\t\t\t<div class=\"elementor-widget-container\">\n\t\t\t\t\t\t\t<div class=\"elementor-divider\">\n\t\t\t<span class=\"elementor-divider-separator\">\n\t\t\t\t\t\t<\/span>\n\t\t<\/div>\n\t\t\t\t\t\t<\/div>\n\t\t\t\t<\/div>\n\t\t\t\t<div class=\"elementor-element elementor-element-7277d68 elementor-widget elementor-widget-text-editor\" data-id=\"7277d68\" data-element_type=\"widget\" data-e-type=\"widget\" data-widget_type=\"text-editor.default\">\n\t\t\t\t<div class=\"elementor-widget-container\">\n\t\t\t\t\t\t\t\t\t<h3>Studio City Orthodontist<\/h3><ul><li>Direcci\u00f3n: 12405 Ventura Blvd, Studio City, CA 91604, Estados Unidos<\/li><li>Tel\u00e9fono: (818) 452-5688<\/li><\/ul>\t\t\t\t\t\t\t\t<\/div>\n\t\t\t\t<\/div>\n\t\t\t\t\t<\/div>\n\t\t\t\t<\/div>\n\t\t\t\t<\/div>\n\t\t","protected":false},"excerpt":{"rendered":"<p>Pol\u00edtica anti-spam Studio City Orthodontist Direcci\u00f3n: 12405 Ventura Blvd, Studio City, CA 91604, Estados Unidos Tel\u00e9fono: (818) 452-5688<\/p>\n","protected":false},"author":2,"featured_media":6360,"parent":0,"menu_order":56,"comment_status":"closed","ping_status":"closed","template":"","meta":{"_seopress_robots_primary_cat":"","_seopress_titles_title":"Pol\u00edtica anti-spam Studio City Orthodontist en Studio City, CA","_seopress_titles_desc":"Studio City Orthodontist aplica una pol\u00edtica anti-spam estricta, garantizando que todas las comunicaciones sean seguras, leg\u00edtimas y respetuosas con tu bandeja de entrada.","_seopress_robots_index":"","footnotes":""},"class_list":["post-6359","page","type-page","status-publish","has-post-thumbnail"],"_links":{"self":[{"href":"https:\/\/orthodontiststudiocity.com\/es\/wp-json\/wp\/v2\/pages\/6359","targetHints":{"allow":["GET"]}}],"collection":[{"href":"https:\/\/orthodontiststudiocity.com\/es\/wp-json\/wp\/v2\/pages"}],"about":[{"href":"https:\/\/orthodontiststudiocity.com\/es\/wp-json\/wp\/v2\/types\/page"}],"author":[{"embeddable":true,"href":"https:\/\/orthodontiststudiocity.com\/es\/wp-json\/wp\/v2\/users\/2"}],"replies":[{"embeddable":true,"href":"https:\/\/orthodontiststudiocity.com\/es\/wp-json\/wp\/v2\/comments?post=6359"}],"version-history":[{"count":1,"href":"https:\/\/orthodontiststudiocity.com\/es\/wp-json\/wp\/v2\/pages\/6359\/revisions"}],"predecessor-version":[{"id":6361,"href":"https:\/\/orthodontiststudiocity.com\/es\/wp-json\/wp\/v2\/pages\/6359\/revisions\/6361"}],"wp:featuredmedia":[{"embeddable":true,"href":"https:\/\/orthodontiststudiocity.com\/es\/wp-json\/wp\/v2\/media\/6360"}],"wp:attachment":[{"href":"https:\/\/orthodontiststudiocity.com\/es\/wp-json\/wp\/v2\/media?parent=6359"}],"curies":[{"name":"wp","href":"https:\/\/api.w.org\/{rel}","templated":true}]}}