{"id":6345,"date":"2017-02-06T11:24:42","date_gmt":"2017-02-06T11:24:42","guid":{"rendered":"https:\/\/orthodontiststudiocity.com\/acerca-de-la-certificacion-del-consejo\/"},"modified":"2025-10-09T00:27:29","modified_gmt":"2025-10-09T00:27:29","slug":"acerca-de-la-certificacion-del-consejo","status":"publish","type":"page","link":"https:\/\/orthodontiststudiocity.com\/es\/acerca-de-la-certificacion-del-consejo\/","title":{"rendered":"Acerca de la certificaci\u00f3n del consejo"},"content":{"rendered":"\t\t<div data-elementor-type=\"wp-page\" data-elementor-id=\"6345\" class=\"elementor elementor-6345 elementor-1639\" data-elementor-post-type=\"page\">\n\t\t\t\t<div data-particle_enable=\"false\" data-particle-mobile-disabled=\"false\" class=\"elementor-element elementor-element-b6a8c2d e-con-full e-flex e-con e-child\" data-id=\"b6a8c2d\" data-element_type=\"container\" data-e-type=\"container\">\n\t\t\t\t<div class=\"elementor-element elementor-element-df6681d elementor-widget__width-inherit elementor-widget elementor-widget-heading\" data-id=\"df6681d\" data-element_type=\"widget\" data-e-type=\"widget\" data-widget_type=\"heading.default\">\n\t\t\t\t<div class=\"elementor-widget-container\">\n\t\t\t\t\t<h1 class=\"elementor-heading-title elementor-size-default\">Acerca de la certificaci\u00f3n del consejo para ortodoncistas<\/h1>\t\t\t\t<\/div>\n\t\t\t\t<\/div>\n\t\t\t\t<\/div>\n\t\t\t\t<section data-particle_enable=\"false\" data-particle-mobile-disabled=\"false\" class=\"elementor-section elementor-top-section elementor-element elementor-element-5a486773 elementor-section-boxed elementor-section-height-default elementor-section-height-default\" data-id=\"5a486773\" data-element_type=\"section\" data-e-type=\"section\">\n\t\t\t\t\t\t<div class=\"elementor-container elementor-column-gap-default\">\n\t\t\t\t\t<div class=\"elementor-column elementor-col-100 elementor-top-column elementor-element elementor-element-f9d0571\" data-id=\"f9d0571\" data-element_type=\"column\" data-e-type=\"column\">\n\t\t\t<div class=\"elementor-widget-wrap elementor-element-populated\">\n\t\t\t\t\t\t<div class=\"elementor-element elementor-element-33e0cecf elementor-widget elementor-widget-text-editor\" data-id=\"33e0cecf\" data-element_type=\"widget\" data-e-type=\"widget\" data-widget_type=\"text-editor.default\">\n\t\t\t\t<div class=\"elementor-widget-container\">\n\t\t\t\t\t\t\t\t\t<p data-start=\"302\" data-end=\"680\">No todos los ortodoncistas est\u00e1n certificados por el consejo, pero todos los ortodoncistas deben tener licencia para ejercer. La certificaci\u00f3n del consejo es una credencial avanzada y voluntaria que va m\u00e1s all\u00e1 de la formaci\u00f3n ortod\u00f3ncica est\u00e1ndar. El <a href=\"https:\/\/orthodontiststudiocity.com\/es\/conozca-al-dr-reyna-blanco\/\">Dr. Oscar Reyna-Blanco<\/a> se enorgullece de tener la certificaci\u00f3n del consejo, lo que demuestra un compromiso excepcional con la excelencia en la atenci\u00f3n al paciente y la experiencia ortod\u00f3ncica. <\/p><h2 data-start=\"687\" data-end=\"727\">\u00bfQu\u00e9 significa la certificaci\u00f3n del consejo?<\/h2><p data-start=\"728\" data-end=\"1060\">El Consejo Estadounidense de Ortodoncia (ABO) otorga la certificaci\u00f3n del consejo a los ortodoncistas que cumplen con rigurosos est\u00e1ndares de conocimiento cl\u00ednico, habilidad y juicio. A diferencia de la licencia b\u00e1sica, que permite a un ortodoncista ejercer, la certificaci\u00f3n del consejo requiere una prueba real del \u00e9xito en el tratamiento de una amplia gama de casos de pacientes. <\/p><p data-start=\"1062\" data-end=\"1372\">El proceso de certificaci\u00f3n es voluntario, y solo alrededor de la mitad de todos los ortodoncistas en ejercicio lo siguen. Estar certificado por el consejo indica a los pacientes y a las familias que el ortodoncista est\u00e1 dedicado al m\u00e1s alto nivel de atenci\u00f3n y actualiza continuamente sus habilidades con los \u00faltimos avances en ortodoncia. <\/p><h2 data-start=\"1379\" data-end=\"1409\">\u00bfPor qu\u00e9 es importante el ABO?<\/h2><p data-start=\"1410\" data-end=\"1747\">El Consejo Estadounidense de Ortodoncia es el \u00fanico consejo de certificaci\u00f3n ortod\u00f3ncica reconocido por la Asociaci\u00f3n Dental Estadounidense. Fundado en 1929, es el consejo de especialidades m\u00e1s antiguo en odontolog\u00eda. La misi\u00f3n del consejo es elevar la calidad de la atenci\u00f3n ortod\u00f3ncica mediante la promoci\u00f3n de la educaci\u00f3n, la certificaci\u00f3n y la colaboraci\u00f3n profesional.  <\/p><p data-start=\"1749\" data-end=\"1919\">La certificaci\u00f3n del consejo beneficia a los pacientes al brindarles la tranquilidad de una atenci\u00f3n de calidad y refleja la dedicaci\u00f3n del ortodoncista a la excelencia en cada plan de tratamiento.<\/p><h2 data-start=\"1926\" data-end=\"1978\">\u00bfPor qu\u00e9 un ortodoncista buscar\u00eda la certificaci\u00f3n?<\/h2><p data-start=\"1979\" data-end=\"2039\">Completar la certificaci\u00f3n ABO demuestra un compromiso con:<\/p><ul data-start=\"2041\" data-end=\"2354\"><li data-start=\"2041\" data-end=\"2109\"><p data-start=\"2043\" data-end=\"2109\">Brindar atenci\u00f3n ortod\u00f3ncica superior a pacientes de todas las edades<\/p><\/li><li data-start=\"2110\" data-end=\"2187\"><p data-start=\"2112\" data-end=\"2187\">Mantenerse al d\u00eda con los \u00faltimos avances en el tratamiento de ortodoncia<\/p><\/li><li data-start=\"2188\" data-end=\"2257\"><p data-start=\"2190\" data-end=\"2257\">Defender los m\u00e1s altos est\u00e1ndares profesionales en la pr\u00e1ctica cl\u00ednica<\/p><\/li><li data-start=\"2258\" data-end=\"2354\"><p data-start=\"2260\" data-end=\"2354\">Demostrar dedicaci\u00f3n y responsabilidad tanto al p\u00fablico como a la comunidad ortod\u00f3ncica<\/p><\/li><\/ul><p data-start=\"2356\" data-end=\"2495\">Para los pacientes, elegir un ortodoncista certificado por el consejo garantiza una atenci\u00f3n que cumple con los m\u00e1s altos est\u00e1ndares de calidad y seguridad del tratamiento.<\/p><h2 data-start=\"2502\" data-end=\"2555\">\u00bfC\u00f3mo se certifica un ortodoncista?<\/h2><p data-start=\"2556\" data-end=\"2612\">El proceso de certificaci\u00f3n es extenso y de varios pasos:<\/p><ol data-start=\"2614\" data-end=\"3183\"><li data-start=\"2614\" data-end=\"2717\"><p data-start=\"2617\" data-end=\"2717\"><strong data-start=\"2617\" data-end=\"2640\">Examen escrito<\/strong>: un examen de 240 preguntas que cubre todo el espectro del conocimiento ortod\u00f3ncico.<\/p><\/li><li data-start=\"2718\" data-end=\"2857\"><p data-start=\"2721\" data-end=\"2857\"><strong data-start=\"2721\" data-end=\"2745\">Examen cl\u00ednico<\/strong>: el ortodoncista presenta informes de casos detallados que demuestran un historial de excelencia en la atenci\u00f3n al paciente.<\/p><\/li><li data-start=\"2858\" data-end=\"3003\"><p data-start=\"2861\" data-end=\"3003\"><strong data-start=\"2861\" data-end=\"2881\">Examen oral<\/strong>: un panel de examinadores expertos revisa y analiza los casos, evaluando al ortodoncista sobre conocimientos cl\u00ednicos y acad\u00e9micos.<\/p><\/li><li data-start=\"3004\" data-end=\"3183\"><p data-start=\"3007\" data-end=\"3183\"><strong data-start=\"3007\" data-end=\"3032\">Renovaci\u00f3n de la certificaci\u00f3n<\/strong>: la certificaci\u00f3n del consejo tiene un l\u00edmite de tiempo. Cada 10 a\u00f1os, los ortodoncistas deben demostrar una excelencia continua en la atenci\u00f3n al paciente para mantener su estado. <\/p><\/li><\/ol><p data-start=\"3185\" data-end=\"3360\">Completar con \u00e9xito estos pasos significa que el ortodoncista no solo tiene un conocimiento excepcional, sino tambi\u00e9n una capacidad comprobada para brindar una atenci\u00f3n ortod\u00f3ncica sobresaliente. Para obtener m\u00e1s informaci\u00f3n sobre el Consejo Estadounidense de Ortodoncia, haga clic <a href=\"https:\/\/www.americanboardortho.com\/\" target=\"_blank\" rel=\"noopener\">aqu\u00ed<\/a>. <\/p>\t\t\t\t\t\t\t\t<\/div>\n\t\t\t\t<\/div>\n\t\t\t\t\t<\/div>\n\t\t<\/div>\n\t\t\t\t\t<\/div>\n\t\t<\/section>\n\t\t\t\t<\/div>\n\t\t","protected":false},"excerpt":{"rendered":"<p>Acerca de la certificaci\u00f3n del consejo para ortodoncistas No todos los ortodoncistas est\u00e1n certificados por el consejo, pero todos los ortodoncistas deben tener licencia para ejercer. La certificaci\u00f3n del consejo es una credencial avanzada y voluntaria que va m\u00e1s all\u00e1 de la formaci\u00f3n ortod\u00f3ncica est\u00e1ndar. El Dr. Oscar Reyna-Blanco se enorgullece de tener la certificaci\u00f3n del consejo, lo [&hellip;]<\/p>\n","protected":false},"author":2,"featured_media":6346,"parent":0,"menu_order":13,"comment_status":"closed","ping_status":"closed","template":"","meta":{"_seopress_robots_primary_cat":"","_seopress_titles_title":"El mejor ortodoncista certificado por el consejo en Studio City, CA","_seopress_titles_desc":"El Dr. Oscar Reyna-Blanco, ortodoncista de Studio City, est\u00e1 certificado por el consejo, lo que demuestra una experiencia avanzada, resultados probados y un compromiso con la atenci\u00f3n de la m\u00e1s alta calidad.","_seopress_robots_index":"","footnotes":""},"class_list":["post-6345","page","type-page","status-publish","has-post-thumbnail"],"_links":{"self":[{"href":"https:\/\/orthodontiststudiocity.com\/es\/wp-json\/wp\/v2\/pages\/6345","targetHints":{"allow":["GET"]}}],"collection":[{"href":"https:\/\/orthodontiststudiocity.com\/es\/wp-json\/wp\/v2\/pages"}],"about":[{"href":"https:\/\/orthodontiststudiocity.com\/es\/wp-json\/wp\/v2\/types\/page"}],"author":[{"embeddable":true,"href":"https:\/\/orthodontiststudiocity.com\/es\/wp-json\/wp\/v2\/users\/2"}],"replies":[{"embeddable":true,"href":"https:\/\/orthodontiststudiocity.com\/es\/wp-json\/wp\/v2\/comments?post=6345"}],"version-history":[{"count":1,"href":"https:\/\/orthodontiststudiocity.com\/es\/wp-json\/wp\/v2\/pages\/6345\/revisions"}],"predecessor-version":[{"id":6350,"href":"https:\/\/orthodontiststudiocity.com\/es\/wp-json\/wp\/v2\/pages\/6345\/revisions\/6350"}],"wp:featuredmedia":[{"embeddable":true,"href":"https:\/\/orthodontiststudiocity.com\/es\/wp-json\/wp\/v2\/media\/6346"}],"wp:attachment":[{"href":"https:\/\/orthodontiststudiocity.com\/es\/wp-json\/wp\/v2\/media?parent=6345"}],"curies":[{"name":"wp","href":"https:\/\/api.w.org\/{rel}","templated":true}]}}