{"id":6342,"date":"2025-09-22T20:35:49","date_gmt":"2025-09-22T20:35:49","guid":{"rendered":"https:\/\/orthodontiststudiocity.com\/tecnologia-avanzada\/"},"modified":"2025-10-09T00:27:06","modified_gmt":"2025-10-09T00:27:06","slug":"tecnologia-avanzada","status":"publish","type":"page","link":"https:\/\/orthodontiststudiocity.com\/es\/tecnologia-avanzada\/","title":{"rendered":"Tecnolog\u00eda avanzada"},"content":{"rendered":"\t\t<div data-elementor-type=\"wp-page\" data-elementor-id=\"6342\" class=\"elementor elementor-6342 elementor-5837\" data-elementor-post-type=\"page\">\n\t\t\t\t<div data-particle_enable=\"false\" data-particle-mobile-disabled=\"false\" class=\"elementor-element elementor-element-cde02d5 e-flex e-con-boxed e-con e-parent\" data-id=\"cde02d5\" data-element_type=\"container\" data-e-type=\"container\">\n\t\t\t\t\t<div class=\"e-con-inner\">\n\t\t\t\t<div class=\"elementor-element elementor-element-403638a elementor-widget elementor-widget-heading\" data-id=\"403638a\" data-element_type=\"widget\" data-e-type=\"widget\" data-widget_type=\"heading.default\">\n\t\t\t\t<div class=\"elementor-widget-container\">\n\t\t\t\t\t<h1 class=\"elementor-heading-title elementor-size-default\">Tecnolog\u00eda avanzada para una mejor experiencia\n\n<\/h1>\t\t\t\t<\/div>\n\t\t\t\t<\/div>\n\t\t\t\t<div class=\"elementor-element elementor-element-3c2e672 elementor-widget elementor-widget-text-editor\" data-id=\"3c2e672\" data-element_type=\"widget\" data-e-type=\"widget\" data-widget_type=\"text-editor.default\">\n\t\t\t\t<div class=\"elementor-widget-container\">\n\t\t\t\t\t\t\t\t\t<p data-start=\"235\" data-end=\"410\">En Studio City Orthodontist, creemos que tu experiencia con la sonrisa debe ser lo m\u00e1s c\u00f3moda y fluida posible. Por eso hemos invertido en la \u00faltima tecnolog\u00eda ortod\u00f3ncica.<\/p><h2 data-start=\"412\" data-end=\"443\">Escaneos digitales para mayor comodidad<\/h2><p data-start=\"444\" data-end=\"545\">En lugar de impresiones engorrosas, utilizamos escaneos 3D precisos para una experiencia m\u00e1s r\u00e1pida y c\u00f3moda. Estos escaneos digitales capturan cada detalle de tus dientes y mordida, lo que nos permite planificar tu tratamiento con mayor precisi\u00f3n y minimizar los ajustes a lo largo del camino.<\/p><h2 data-start=\"547\" data-end=\"573\">Impresi\u00f3n 3D interna<\/h2><p data-start=\"574\" data-end=\"664\">Nuestra impresi\u00f3n 3D interna nos permite crear aparatos personalizados con una precisi\u00f3n incre\u00edble. Al producir estos aparatos directamente en nuestra consulta, podemos agilizar el proceso, reducir los tiempos de entrega y proporcionar una experiencia de tratamiento m\u00e1s personalizada para cada paciente.<\/p><h2 data-start=\"666\" data-end=\"698\">Brackets modernos y alineadores transparentes<\/h2><p data-start=\"699\" data-end=\"853\">Ofrecemos los avances m\u00e1s actualizados en <a href=\"https:\/\/orthodontiststudiocity.com\/types-of-braces\/\">brackets<\/a> y <a href=\"https:\/\/orthodontiststudiocity.com\/invisalign\/\">alineadores Invisalign<\/a>, todo ello respaldado por un flujo de trabajo totalmente digital dise\u00f1ado para simplificar cada paso para nuestros pacientes. Desde la planificaci\u00f3n del tratamiento hasta la fabricaci\u00f3n de aparatos, este flujo de trabajo digital permite obtener resultados m\u00e1s predecibles, ajustes m\u00e1s r\u00e1pidos y una experiencia general m\u00e1s c\u00f3moda.<\/p>\t\t\t\t\t\t\t\t<\/div>\n\t\t\t\t<\/div>\n\t\t\t\t\t<\/div>\n\t\t\t\t<\/div>\n\t\t\t\t<\/div>\n\t\t","protected":false},"excerpt":{"rendered":"<p>Tecnolog\u00eda avanzada para una mejor experiencia En Studio City Orthodontist, creemos que tu experiencia con la sonrisa debe ser lo m\u00e1s c\u00f3moda y fluida posible. Por eso hemos invertido en la \u00faltima tecnolog\u00eda ortod\u00f3ncica. Escaneos digitales para mayor comodidad En lugar de impresiones engorrosas, utilizamos escaneos 3D precisos para una experiencia m\u00e1s r\u00e1pida y c\u00f3moda. Estos escaneos digitales [&hellip;]<\/p>\n","protected":false},"author":2,"featured_media":6343,"parent":0,"menu_order":15,"comment_status":"closed","ping_status":"closed","template":"","meta":{"_seopress_robots_primary_cat":"","_seopress_titles_title":"Tecnolog\u00eda ortod\u00f3ncica avanzada Studio City CA | Ortodoncista de Studio City","_seopress_titles_desc":"Studio City Orthodontist utiliza escaneos 3D, impresi\u00f3n interna y monitorizaci\u00f3n digital para ofrecer una atenci\u00f3n ortod\u00f3ncica precisa, c\u00f3moda y eficiente.","_seopress_robots_index":"","footnotes":""},"class_list":["post-6342","page","type-page","status-publish","has-post-thumbnail"],"_links":{"self":[{"href":"https:\/\/orthodontiststudiocity.com\/es\/wp-json\/wp\/v2\/pages\/6342","targetHints":{"allow":["GET"]}}],"collection":[{"href":"https:\/\/orthodontiststudiocity.com\/es\/wp-json\/wp\/v2\/pages"}],"about":[{"href":"https:\/\/orthodontiststudiocity.com\/es\/wp-json\/wp\/v2\/types\/page"}],"author":[{"embeddable":true,"href":"https:\/\/orthodontiststudiocity.com\/es\/wp-json\/wp\/v2\/users\/2"}],"replies":[{"embeddable":true,"href":"https:\/\/orthodontiststudiocity.com\/es\/wp-json\/wp\/v2\/comments?post=6342"}],"version-history":[{"count":1,"href":"https:\/\/orthodontiststudiocity.com\/es\/wp-json\/wp\/v2\/pages\/6342\/revisions"}],"predecessor-version":[{"id":6344,"href":"https:\/\/orthodontiststudiocity.com\/es\/wp-json\/wp\/v2\/pages\/6342\/revisions\/6344"}],"wp:featuredmedia":[{"embeddable":true,"href":"https:\/\/orthodontiststudiocity.com\/es\/wp-json\/wp\/v2\/media\/6343"}],"wp:attachment":[{"href":"https:\/\/orthodontiststudiocity.com\/es\/wp-json\/wp\/v2\/media?parent=6342"}],"curies":[{"name":"wp","href":"https:\/\/api.w.org\/{rel}","templated":true}]}}