{"id":6339,"date":"2025-09-20T16:49:33","date_gmt":"2025-09-20T16:49:33","guid":{"rendered":"https:\/\/orthodontiststudiocity.com\/conozca-al-dr-reyna-blanco\/"},"modified":"2025-10-09T00:27:06","modified_gmt":"2025-10-09T00:27:06","slug":"conozca-al-dr-reyna-blanco","status":"publish","type":"page","link":"https:\/\/orthodontiststudiocity.com\/es\/conozca-al-dr-reyna-blanco\/","title":{"rendered":"Conozca al Dr. Reyna-Blanco"},"content":{"rendered":"\t\t<div data-elementor-type=\"wp-page\" data-elementor-id=\"6339\" class=\"elementor elementor-6339 elementor-5655\" data-elementor-post-type=\"page\">\n\t\t\t\t<div data-particle_enable=\"false\" data-particle-mobile-disabled=\"false\" class=\"elementor-element elementor-element-29519b9 e-flex e-con-boxed e-con e-parent\" data-id=\"29519b9\" data-element_type=\"container\" data-e-type=\"container\">\n\t\t\t\t\t<div class=\"e-con-inner\">\n\t\t\t\t<div class=\"elementor-element elementor-element-f22e0d5 elementor-widget elementor-widget-heading\" data-id=\"f22e0d5\" data-element_type=\"widget\" data-e-type=\"widget\" data-widget_type=\"heading.default\">\n\t\t\t\t<div class=\"elementor-widget-container\">\n\t\t\t\t\t<h1 class=\"elementor-heading-title elementor-size-default\">Conozca al Dr. Oscar Reyna-Blanco<\/h1>\t\t\t\t<\/div>\n\t\t\t\t<\/div>\n\t\t\t\t<div class=\"elementor-element elementor-element-8cd486a elementor-widget elementor-widget-text-editor\" data-id=\"8cd486a\" data-element_type=\"widget\" data-e-type=\"widget\" data-widget_type=\"text-editor.default\">\n\t\t\t\t<div class=\"elementor-widget-container\">\n\t\t\t\t\t\t\t\t\t<p>El Dr. Reyna-Blanco siempre ha cre\u00eddo que todo el mundo merece tener acceso a una sonrisa segura. Al crecer en la peque\u00f1a ciudad de Cashmere, Washington, vio de primera mano c\u00f3mo la atenci\u00f3n ortod\u00f3ncica pod\u00eda cambiar la vida, y esa creencia molde\u00f3 su camino hacia la odontolog\u00eda.<\/p><p>Despu\u00e9s de obtener una beca acad\u00e9mica completa para la Universidad de Washington, complet\u00f3 su formaci\u00f3n odontol\u00f3gica en la Universidad de California, San Francisco, donde su investigaci\u00f3n se centr\u00f3 en hacer que la atenci\u00f3n ortod\u00f3ncica fuera m\u00e1s accesible y en mejorar la calidad de vida de los pacientes. Su trabajo se comparti\u00f3 internacionalmente, lo que subraya su compromiso de hacer avanzar el campo en beneficio de los pacientes de todo el mundo.<\/p><p>El Dr. Reyna-Blanco continu\u00f3 completando su residencia de ortodoncia y un m\u00e1ster en Ciencias M\u00e9dicas en la Facultad de Medicina Dental de Harvard. Como <a href=\"https:\/\/orthodontiststudiocity.com\/board-certified-orthodontist\/\">ortodoncista certificado<\/a>, aporta el m\u00e1s alto nivel de experiencia cl\u00ednica a cada paciente que trata.<\/p><p>Antes de abrir su consulta en Studio City, el Dr. Reyna-Blanco atendi\u00f3 a familias en Beverly Hills y West Hollywood. Hoy en d\u00eda, se enorgullece de ofrecer un tratamiento de ortodoncia de primera clase en un entorno acogedor donde los pacientes se sienten c\u00f3modos y apoyados desde la primera hasta la \u00faltima visita.<\/p><p>Cuando no est\u00e1 con pacientes, el Dr. Reyna-Blanco disfruta viajando, descubriendo nuevos restaurantes y manteni\u00e9ndose activo con clases de fitness y entrenamientos.<\/p>\t\t\t\t\t\t\t\t<\/div>\n\t\t\t\t<\/div>\n\t\t\t\t\t<\/div>\n\t\t\t\t<\/div>\n\t\t\t\t<\/div>\n\t\t","protected":false},"excerpt":{"rendered":"<p>Conozca al Dr. Oscar Reyna-Blanco El Dr. Reyna-Blanco siempre ha cre\u00eddo que todo el mundo merece tener acceso a una sonrisa segura. Al crecer en la peque\u00f1a ciudad de Cashmere, Washington, vio de primera mano c\u00f3mo la atenci\u00f3n ortod\u00f3ncica pod\u00eda cambiar la vida, y esa creencia molde\u00f3 su camino hacia la odontolog\u00eda. Despu\u00e9s de obtener una beca acad\u00e9mica [&hellip;]<\/p>\n","protected":false},"author":2,"featured_media":6340,"parent":0,"menu_order":10,"comment_status":"closed","ping_status":"closed","template":"","meta":{"_seopress_robots_primary_cat":"","_seopress_titles_title":"El Dr. Oscar Reyna Blanco, ortodoncista en Studio City, CA","_seopress_titles_desc":"El Dr. Oscar Reyna-Blanco, ortodoncista certificado por el consejo y formado en Harvard, ofrece atenci\u00f3n avanzada y presta sus servicios a escuelas privadas y de \u00e9lite locales en Studio City, CA.","_seopress_robots_index":"","footnotes":""},"class_list":["post-6339","page","type-page","status-publish","has-post-thumbnail"],"_links":{"self":[{"href":"https:\/\/orthodontiststudiocity.com\/es\/wp-json\/wp\/v2\/pages\/6339","targetHints":{"allow":["GET"]}}],"collection":[{"href":"https:\/\/orthodontiststudiocity.com\/es\/wp-json\/wp\/v2\/pages"}],"about":[{"href":"https:\/\/orthodontiststudiocity.com\/es\/wp-json\/wp\/v2\/types\/page"}],"author":[{"embeddable":true,"href":"https:\/\/orthodontiststudiocity.com\/es\/wp-json\/wp\/v2\/users\/2"}],"replies":[{"embeddable":true,"href":"https:\/\/orthodontiststudiocity.com\/es\/wp-json\/wp\/v2\/comments?post=6339"}],"version-history":[{"count":1,"href":"https:\/\/orthodontiststudiocity.com\/es\/wp-json\/wp\/v2\/pages\/6339\/revisions"}],"predecessor-version":[{"id":6341,"href":"https:\/\/orthodontiststudiocity.com\/es\/wp-json\/wp\/v2\/pages\/6339\/revisions\/6341"}],"wp:featuredmedia":[{"embeddable":true,"href":"https:\/\/orthodontiststudiocity.com\/es\/wp-json\/wp\/v2\/media\/6340"}],"wp:attachment":[{"href":"https:\/\/orthodontiststudiocity.com\/es\/wp-json\/wp\/v2\/media?parent=6339"}],"curies":[{"name":"wp","href":"https:\/\/api.w.org\/{rel}","templated":true}]}}