{"id":6336,"date":"2025-09-20T01:16:19","date_gmt":"2025-09-20T01:16:19","guid":{"rendered":"https:\/\/orthodontiststudiocity.com\/oficina-en-studio-city\/"},"modified":"2025-10-18T17:29:24","modified_gmt":"2025-10-18T17:29:24","slug":"oficina-en-studio-city","status":"publish","type":"page","link":"https:\/\/orthodontiststudiocity.com\/es\/oficina-en-studio-city\/","title":{"rendered":"Oficina en Studio City"},"content":{"rendered":"\t\t<div data-elementor-type=\"wp-page\" data-elementor-id=\"6336\" class=\"elementor elementor-6336 elementor-5653\" data-elementor-post-type=\"page\">\n\t\t\t\t<div data-particle_enable=\"false\" data-particle-mobile-disabled=\"false\" class=\"elementor-element elementor-element-0a5055a e-flex e-con-boxed e-con e-parent\" data-id=\"0a5055a\" data-element_type=\"container\" data-e-type=\"container\">\n\t\t\t\t\t<div class=\"e-con-inner\">\n\t\t\t\t<div class=\"elementor-element elementor-element-9930afe elementor-widget elementor-widget-heading\" data-id=\"9930afe\" data-element_type=\"widget\" data-e-type=\"widget\" data-widget_type=\"heading.default\">\n\t\t\t\t<div class=\"elementor-widget-container\">\n\t\t\t\t\t<h1 class=\"elementor-heading-title elementor-size-default\">Contactar a Studio City Orthodontist<\/h1>\t\t\t\t<\/div>\n\t\t\t\t<\/div>\n\t\t\t\t<div class=\"elementor-element elementor-element-b6aaa66 elementor-widget elementor-widget-text-editor\" data-id=\"b6aaa66\" data-element_type=\"widget\" data-e-type=\"widget\" data-widget_type=\"text-editor.default\">\n\t\t\t\t<div class=\"elementor-widget-container\">\n\t\t\t\t\t\t\t\t\t<p data-start=\"296\" data-end=\"687\">\u00a1Empezar con el tratamiento de ortodoncia nunca ha sido tan f\u00e1cil! En Studio City Orthodontist, el <g id=\"gid_0\">Dr. Oscar Reyna-Blanco<\/g> ofrece atenci\u00f3n personalizada y opciones avanzadas para ayudarle a conseguir la sonrisa segura que se merece. Tanto si est\u00e1 interesado en <a href=\"https:\/\/orthodontiststudiocity.com\/es\/tipos-de-brackets\/\">brackets met\u00e1licos<\/a>, <a href=\"https:\/\/orthodontiststudiocity.com\/es\/tipos-de-brackets\/\">brackets transparentes<\/a> o <a href=\"https:\/\/orthodontiststudiocity.com\/es\/invisalign\/\">alineadores transparentes Invisalign<\/a>, crearemos un plan de tratamiento adaptado a sus necesidades y estilo de vida \u00fanicos.  <\/p><p data-start=\"689\" data-end=\"1017\">Estamos orgullosos de atender a familias en todo Studio City y las comunidades circundantes de Los \u00c1ngeles, ofreciendo atenci\u00f3n ortod\u00f3ncica de alta calidad que se adapta a su apretada agenda. Desde <a href=\"https:\/\/orthodontiststudiocity.com\/es\/ortodoncia-temprana\/\">ni\u00f1os<\/a> y <a href=\"https:\/\/orthodontiststudiocity.com\/es\/ortodoncia-para-adolescentes\/\">adolescentes<\/a> hasta <a href=\"https:\/\/orthodontiststudiocity.com\/es\/ortodoncia-para-adultos\/\">adultos<\/a>, ofrecemos una gama completa de opciones de enderezamiento dental dise\u00f1adas para ofrecer resultados hermosos y duraderos. <\/p><p data-start=\"1019\" data-end=\"1184\">Para que el tratamiento sea accesible, ofrecemos <a href=\"https:\/\/orthodontiststudiocity.com\/es\/financiacion-sencilla\/\">planes de pago<\/a> flexibles y trabajamos con muchos proveedores de seguros, para que su nueva sonrisa pueda encajar c\u00f3modamente dentro de su presupuesto.<\/p><p data-start=\"1186\" data-end=\"1545\">En Studio City Orthodontist, entendemos que la vida se vuelve ajetreada. Es por eso que nuestra oficina est\u00e1 abierta de lunes a s\u00e1bado, lo que facilita que usted y su familia asistan a las citas sin estr\u00e9s. <\/p>\t\t\t\t\t\t\t\t<\/div>\n\t\t\t\t<\/div>\n\t\t<div data-particle_enable=\"false\" data-particle-mobile-disabled=\"false\" class=\"elementor-element elementor-element-899e1db e-con-full e-flex e-con e-child\" data-id=\"899e1db\" data-element_type=\"container\" data-e-type=\"container\">\n\t\t<div data-particle_enable=\"false\" data-particle-mobile-disabled=\"false\" class=\"elementor-element elementor-element-f477bd6 e-con-full e-flex e-con e-child\" data-id=\"f477bd6\" data-element_type=\"container\" data-e-type=\"container\">\n\t\t\t\t<div class=\"elementor-element elementor-element-829c0f1 elementor-align-justify elementor-widget elementor-widget-button\" data-id=\"829c0f1\" data-element_type=\"widget\" data-e-type=\"widget\" data-widget_type=\"button.default\">\n\t\t\t\t<div class=\"elementor-widget-container\">\n\t\t\t\t\t\t\t\t\t<div class=\"elementor-button-wrapper\">\n\t\t\t\t\t<a class=\"elementor-button elementor-button-link elementor-size-sm\" href=\"https:\/\/orthodontiststudiocity.com\/es\/solicitar-una-cita\/\">\n\t\t\t\t\t\t<span class=\"elementor-button-content-wrapper\">\n\t\t\t\t\t\t\t\t\t<span class=\"elementor-button-text\">Solicitar una cita<\/span>\n\t\t\t\t\t<\/span>\n\t\t\t\t\t<\/a>\n\t\t\t\t<\/div>\n\t\t\t\t\t\t\t\t<\/div>\n\t\t\t\t<\/div>\n\t\t\t\t<\/div>\n\t\t\t\t<\/div>\n\t\t\t\t\t<\/div>\n\t\t\t\t<\/div>\n\t\t<div data-particle_enable=\"false\" data-particle-mobile-disabled=\"false\" class=\"elementor-element elementor-element-1f549e4 e-flex e-con-boxed e-con e-parent\" data-id=\"1f549e4\" data-element_type=\"container\" data-e-type=\"container\">\n\t\t\t\t\t<div class=\"e-con-inner\">\n\t\t<div data-particle_enable=\"false\" data-particle-mobile-disabled=\"false\" class=\"elementor-element elementor-element-abc812a e-con-full e-flex e-con e-child\" data-id=\"abc812a\" data-element_type=\"container\" data-e-type=\"container\">\n\t\t\t\t<div class=\"elementor-element elementor-element-97476aa elementor-widget elementor-widget-text-editor\" data-id=\"97476aa\" data-element_type=\"widget\" data-e-type=\"widget\" data-widget_type=\"text-editor.default\">\n\t\t\t\t<div class=\"elementor-widget-container\">\n\t\t\t\t\t\t\t\t\t<h3>Direcci\u00f3n:<\/h3><p>12405 Ventura blvd, studio city, CA 91604, Estados Unidos<\/p><h3>Tel\u00e9fono:<\/h3><p>(818) 452-5688<\/p><h3>Horario:<\/h3><p>Lunes: 9:00\u202fAM \u2013 6:00\u202fPM<br data-start=\"70\" data-end=\"73\">Martes: 9:00\u202fAM \u2013 6:00\u202fPM<br data-start=\"99\" data-end=\"102\">Mi\u00e9rcoles: 9:00\u202fAM \u2013 6:00\u202fPM<br data-start=\"130\" data-end=\"133\">Jueves: 9:00\u202fAM \u2013 6:00\u202fPM<br data-start=\"160\" data-end=\"163\">Viernes: 9:00\u202fAM \u2013 6:00\u202fPM<br data-start=\"188\" data-end=\"191\">S\u00e1bado: 8:00\u202fAM \u2013 1:00\u202fPM<br data-start=\"207\" data-end=\"210\">Domingo: Cerrado<\/p>\t\t\t\t\t\t\t\t<\/div>\n\t\t\t\t<\/div>\n\t\t\t\t<\/div>\n\t\t<div data-particle_enable=\"false\" data-particle-mobile-disabled=\"false\" class=\"elementor-element elementor-element-7abdb42 e-con-full e-flex e-con e-child\" data-id=\"7abdb42\" data-element_type=\"container\" data-e-type=\"container\">\n\t\t\t\t<div class=\"elementor-element elementor-element-cc0bd30 elementor-widget elementor-widget-heading\" data-id=\"cc0bd30\" data-element_type=\"widget\" data-e-type=\"widget\" data-widget_type=\"heading.default\">\n\t\t\t\t<div class=\"elementor-widget-container\">\n\t\t\t\t\t<h3 class=\"elementor-heading-title elementor-size-default\">Env\u00edenos un correo electr\u00f3nico<\/h3>\t\t\t\t<\/div>\n\t\t\t\t<\/div>\n\t\t\t\t<div class=\"elementor-element elementor-element-b910d77 elementor-button-align-stretch elementor-widget elementor-widget-form\" data-id=\"b910d77\" data-element_type=\"widget\" data-e-type=\"widget\" data-settings=\"{&quot;step_next_label&quot;:&quot;Siguiente&quot;,&quot;step_previous_label&quot;:&quot;Anterior&quot;,&quot;button_width&quot;:&quot;100&quot;,&quot;step_type&quot;:&quot;number_text&quot;,&quot;step_icon_shape&quot;:&quot;circle&quot;}\" data-widget_type=\"form.default\">\n\t\t\t\t<div class=\"elementor-widget-container\">\n\t\t\t\t\t\t\t<form class=\"elementor-form\" method=\"post\" name=\"Studio City\" aria-label=\"Studio City\">\n\t\t\t<input type=\"hidden\" name=\"post_id\" value=\"6336\"\/>\n\t\t\t<input type=\"hidden\" name=\"form_id\" value=\"b910d77\"\/>\n\t\t\t<input type=\"hidden\" name=\"referer_title\" value=\"\" \/>\n\n\t\t\t\n\t\t\t<div class=\"elementor-form-fields-wrapper elementor-labels-above\">\n\t\t\t\t\t\t\t\t<div class=\"elementor-field-type-text elementor-field-group elementor-column elementor-field-group-name elementor-col-100\">\n\t\t\t\t\t\t\t\t\t\t\t\t<label for=\"form-field-name\" class=\"elementor-field-label\">\n\t\t\t\t\t\t\t\tNombre\t\t\t\t\t\t\t<\/label>\n\t\t\t\t\t\t\t\t\t\t\t\t\t\t<input size=\"1\" type=\"text\" name=\"form_fields[name]\" id=\"form-field-name\" class=\"elementor-field elementor-size-sm  elementor-field-textual\" placeholder=\"Nombre\">\n\t\t\t\t\t\t\t\t\t\t\t<\/div>\n\t\t\t\t\t\t\t\t<div class=\"elementor-field-type-email elementor-field-group elementor-column elementor-field-group-email elementor-col-100 elementor-field-required\">\n\t\t\t\t\t\t\t\t\t\t\t\t<label for=\"form-field-email\" class=\"elementor-field-label\">\n\t\t\t\t\t\t\t\tCorreo electr\u00f3nico\t\t\t\t\t\t\t<\/label>\n\t\t\t\t\t\t\t\t\t\t\t\t\t\t<input size=\"1\" type=\"email\" name=\"form_fields[email]\" id=\"form-field-email\" class=\"elementor-field elementor-size-sm  elementor-field-textual\" placeholder=\"Correo electr\u00f3nico\" required=\"required\">\n\t\t\t\t\t\t\t\t\t\t\t<\/div>\n\t\t\t\t\t\t\t\t<div class=\"elementor-field-type-textarea elementor-field-group elementor-column elementor-field-group-message elementor-col-100\">\n\t\t\t\t\t\t\t\t\t\t\t\t<label for=\"form-field-message\" class=\"elementor-field-label\">\n\t\t\t\t\t\t\t\tMensaje\t\t\t\t\t\t\t<\/label>\n\t\t\t\t\t\t<textarea class=\"elementor-field-textual elementor-field  elementor-size-sm\" name=\"form_fields[message]\" id=\"form-field-message\" rows=\"4\" placeholder=\"Mensaje\"><\/textarea>\t\t\t\t<\/div>\n\t\t\t\t\t\t\t\t<div class=\"elementor-field-group elementor-column elementor-field-type-submit elementor-col-100 e-form__buttons\">\n\t\t\t\t\t<button class=\"elementor-button elementor-size-sm\" type=\"submit\">\n\t\t\t\t\t\t<span class=\"elementor-button-content-wrapper\">\n\t\t\t\t\t\t\t\t\t\t\t\t\t\t\t\t\t\t\t\t\t\t<span class=\"elementor-button-text\">Enviar<\/span>\n\t\t\t\t\t\t\t\t\t\t\t\t\t<\/span>\n\t\t\t\t\t<\/button>\n\t\t\t\t<\/div>\n\t\t\t<\/div>\n\t\t<\/form>\n\t\t\t\t\t\t<\/div>\n\t\t\t\t<\/div>\n\t\t\t\t<\/div>\n\t\t\t\t\t<\/div>\n\t\t\t\t<\/div>\n\t\t<div data-particle_enable=\"false\" data-particle-mobile-disabled=\"false\" class=\"elementor-element elementor-element-fa0ac2c e-flex e-con-boxed e-con e-parent\" data-id=\"fa0ac2c\" data-element_type=\"container\" data-e-type=\"container\">\n\t\t\t\t\t<div class=\"e-con-inner\">\n\t\t\t\t<div class=\"elementor-element elementor-element-78bef1c elementor-widget elementor-widget-google_maps\" data-id=\"78bef1c\" data-element_type=\"widget\" data-e-type=\"widget\" data-widget_type=\"google_maps.default\">\n\t\t\t\t<div class=\"elementor-widget-container\">\n\t\t\t\t\t\t\t<div class=\"elementor-custom-embed\">\n\t\t\t<iframe loading=\"lazy\"\n\t\t\t\t\tsrc=\"https:\/\/maps.google.com\/maps?q=Studio%20City%20Orthodontist%2C%2012405%20Ventura%20Blvd%2C%20Studio%20City%2C%20CA%2091604%2C%20United%20States&#038;t=m&#038;z=16&#038;output=embed&#038;iwloc=near\"\n\t\t\t\t\ttitle=\"Studio City Orthodontist, 12405 Ventura Blvd, Studio City, CA 91604, United States\"\n\t\t\t\t\taria-label=\"Studio City Orthodontist, 12405 Ventura Blvd, Studio City, CA 91604, United States\"\n\t\t\t><\/iframe>\n\t\t<\/div>\n\t\t\t\t\t\t<\/div>\n\t\t\t\t<\/div>\n\t\t\t\t\t<\/div>\n\t\t\t\t<\/div>\n\t\t\t\t<\/div>\n\t\t","protected":false},"excerpt":{"rendered":"<p>Contactar a Studio City Orthodontist \u00a1Empezar con el tratamiento de ortodoncia nunca ha sido tan f\u00e1cil! En Studio City Orthodontist, el Dr. Oscar Reyna-Blanco ofrece atenci\u00f3n personalizada y opciones avanzadas para ayudarle a conseguir la sonrisa segura que se merece. Tanto si est\u00e1 interesado en brackets met\u00e1licos, brackets transparentes o alineadores transparentes Invisalign, crearemos un plan de tratamiento [&hellip;]<\/p>\n","protected":false},"author":2,"featured_media":6337,"parent":0,"menu_order":47,"comment_status":"closed","ping_status":"closed","template":"","meta":{"_seopress_robots_primary_cat":"","_seopress_titles_title":"Contactar con el ortodoncista de Studio City, CA","_seopress_titles_desc":"\u00bfBusca un ortodoncista cerca de usted en Studio City, CA? Studio City Orthodontist ofrece una planificaci\u00f3n experta del tratamiento, financiaci\u00f3n flexible y programaci\u00f3n sencilla. ","_seopress_robots_index":"","footnotes":""},"class_list":["post-6336","page","type-page","status-publish","has-post-thumbnail"],"_links":{"self":[{"href":"https:\/\/orthodontiststudiocity.com\/es\/wp-json\/wp\/v2\/pages\/6336","targetHints":{"allow":["GET"]}}],"collection":[{"href":"https:\/\/orthodontiststudiocity.com\/es\/wp-json\/wp\/v2\/pages"}],"about":[{"href":"https:\/\/orthodontiststudiocity.com\/es\/wp-json\/wp\/v2\/types\/page"}],"author":[{"embeddable":true,"href":"https:\/\/orthodontiststudiocity.com\/es\/wp-json\/wp\/v2\/users\/2"}],"replies":[{"embeddable":true,"href":"https:\/\/orthodontiststudiocity.com\/es\/wp-json\/wp\/v2\/comments?post=6336"}],"version-history":[{"count":5,"href":"https:\/\/orthodontiststudiocity.com\/es\/wp-json\/wp\/v2\/pages\/6336\/revisions"}],"predecessor-version":[{"id":6511,"href":"https:\/\/orthodontiststudiocity.com\/es\/wp-json\/wp\/v2\/pages\/6336\/revisions\/6511"}],"wp:featuredmedia":[{"embeddable":true,"href":"https:\/\/orthodontiststudiocity.com\/es\/wp-json\/wp\/v2\/media\/6337"}],"wp:attachment":[{"href":"https:\/\/orthodontiststudiocity.com\/es\/wp-json\/wp\/v2\/media?parent=6336"}],"curies":[{"name":"wp","href":"https:\/\/api.w.org\/{rel}","templated":true}]}}