{"id":6332,"date":"2022-06-24T16:40:59","date_gmt":"2022-06-24T16:40:59","guid":{"rendered":"https:\/\/orthodontiststudiocity.com\/se-habla-espanol\/"},"modified":"2025-10-09T00:27:06","modified_gmt":"2025-10-09T00:27:06","slug":"se-habla-espanol","status":"publish","type":"page","link":"https:\/\/orthodontiststudiocity.com\/es\/se-habla-espanol\/","title":{"rendered":"Se habla espa\u00f1ol"},"content":{"rendered":"\t\t<div data-elementor-type=\"wp-page\" data-elementor-id=\"6332\" class=\"elementor elementor-6332 elementor-3444\" data-elementor-post-type=\"page\">\n\t\t\t\t<div data-particle_enable=\"false\" data-particle-mobile-disabled=\"false\" class=\"elementor-element elementor-element-feba9ec e-con-full e-flex e-con e-child\" data-id=\"feba9ec\" data-element_type=\"container\" data-e-type=\"container\">\n\t\t\t\t<div class=\"elementor-element elementor-element-fe77519 elementor-widget__width-inherit elementor-widget elementor-widget-heading\" data-id=\"fe77519\" data-element_type=\"widget\" data-e-type=\"widget\" data-widget_type=\"heading.default\">\n\t\t\t\t<div class=\"elementor-widget-container\">\n\t\t\t\t\t<h1 class=\"elementor-heading-title elementor-size-default\">Bienvenidos a Studio City Orthodontist<\/h1>\t\t\t\t<\/div>\n\t\t\t\t<\/div>\n\t\t\t\t<\/div>\n\t\t\t\t<section data-particle_enable=\"false\" data-particle-mobile-disabled=\"false\" class=\"elementor-section elementor-top-section elementor-element elementor-element-d699fd2 elementor-section-boxed elementor-section-height-default elementor-section-height-default\" data-id=\"d699fd2\" data-element_type=\"section\" data-e-type=\"section\">\n\t\t\t\t\t\t<div class=\"elementor-container elementor-column-gap-default\">\n\t\t\t\t\t<div class=\"elementor-column elementor-col-100 elementor-top-column elementor-element elementor-element-2cbae09\" data-id=\"2cbae09\" data-element_type=\"column\" data-e-type=\"column\">\n\t\t\t<div class=\"elementor-widget-wrap elementor-element-populated\">\n\t\t\t\t\t\t<div class=\"elementor-element elementor-element-3547d39 elementor-widget elementor-widget-text-editor\" data-id=\"3547d39\" data-element_type=\"widget\" data-e-type=\"widget\" data-widget_type=\"text-editor.default\">\n\t\t\t\t<div class=\"elementor-widget-container\">\n\t\t\t\t\t\t\t\t\t<p data-start=\"296\" data-end=\"738\">Studio City Orthodontist est\u00e1 comprometido con la salud y belleza de su sonrisa. Atendemos a ni\u00f1os, adolescentes y adultos en Studio City y \u00e1reas cercanas del Valle de San Fernando, incluyendo Sherman Oaks, Toluca Lake y North Hollywood. Nuestro objetivo es ofrecer tratamientos ortod\u00f3ncicos de alta calidad que no solo enderecen sus dientes, sino que tambi\u00e9n mejoren la funcionalidad de su mordida y la confianza en su sonrisa.  <\/p><p data-start=\"740\" data-end=\"940\">En Studio City Orthodontist, creemos que la ortodoncia va m\u00e1s all\u00e1 de los aparatos; se trata de crear experiencias positivas para toda la familia en un ambiente profesional, relajado y acogedor.<\/p><h2 data-start=\"947\" data-end=\"993\">Nuestro compromiso con usted y su familia<\/h2><p data-start=\"995\" data-end=\"1285\">Desde su primera visita gratuita hasta la culminaci\u00f3n del tratamiento, <a href=\"https:\/\/orthodontiststudiocity.com\/dr-oscar-reyna-blanco\/\">el Dr. Oscar Reyna-Blanco<\/a> y su equipo se dedican a brindar atenci\u00f3n personalizada y apoyo constante. Nos aseguramos de que cada paciente se sienta c\u00f3modo, informado y seguro durante todo el proceso de ortodoncia. <\/p><p data-start=\"1287\" data-end=\"1314\">Lo que nos distingue:<\/p><ul data-start=\"1315\" data-end=\"1680\"><li data-start=\"1315\" data-end=\"1389\"><p data-start=\"1317\" data-end=\"1389\">Atenci\u00f3n personalizada y c\u00e1lida en un ambiente amigable y profesional.<\/p><\/li><li data-start=\"1390\" data-end=\"1490\"><p data-start=\"1392\" data-end=\"1490\">Uso de <a href=\"https:\/\/orthodontiststudiocity.com\/advanced-technology\/\">tecnolog\u00eda ortod\u00f3ncica avanzada<\/a> para diagn\u00f3sticos precisos y tratamientos eficientes.<\/p><\/li><li data-start=\"1491\" data-end=\"1575\"><p data-start=\"1493\" data-end=\"1575\">Experiencia en tratamiento para todas las edades, desde <a href=\"https:\/\/orthodontiststudiocity.com\/early-orthodontic-treatment\/\">ni\u00f1os<\/a> hasta <a href=\"https:\/\/orthodontiststudiocity.com\/adult-orthodontics\/\">adultos<\/a>.<\/p><\/li><li data-start=\"1576\" data-end=\"1680\"><p data-start=\"1578\" data-end=\"1680\">Comunicaci\u00f3n constante: respondemos a preguntas por tel\u00e9fono, correo electr\u00f3nico o mensaje de texto.<\/p><\/li><\/ul><h2 data-start=\"1687\" data-end=\"1735\">Opciones de tratamiento y tipos de brackets<\/h2><p data-start=\"1737\" data-end=\"1859\">En Studio City Orthodontist, ofrecemos una variedad de opciones para enderezar los dientes y mejorar la mordida:<\/p><ul data-start=\"1861\" data-end=\"2290\"><li data-start=\"1861\" data-end=\"1957\"><p data-start=\"1863\" data-end=\"1957\"><a href=\"https:\/\/orthodontiststudiocity.com\/types-of-braces\/\">Brackets met\u00e1licos tradicionales<\/a><strong data-start=\"1863\" data-end=\"1900\">:<\/strong> confiables y efectivos, ahora m\u00e1s c\u00f3modos y discretos.<\/p><\/li><li data-start=\"1958\" data-end=\"2064\"><p data-start=\"1960\" data-end=\"2064\"><a href=\"https:\/\/orthodontiststudiocity.com\/types-of-braces\/\">Brackets transparentes (cer\u00e1micos)<\/a><strong data-start=\"1960\" data-end=\"1999\">:<\/strong> una opci\u00f3n est\u00e9tica para quienes buscan un look menos visible.<\/p><\/li><li data-start=\"2065\" data-end=\"2194\"><p data-start=\"2067\" data-end=\"2194\"><a href=\"https:\/\/orthodontiststudiocity.com\/invisalign\/\">Invisalign<\/a><strong data-start=\"2067\" data-end=\"2100\">:<\/strong> alineadores transparentes y removibles, ideales para quienes desean discreci\u00f3n y comodidad.<\/p><\/li><li data-start=\"2195\" data-end=\"2290\"><p data-start=\"2197\" data-end=\"2290\">Tratamientos personalizados para adaptarse a las necesidades individuales de cada paciente.<\/p><\/li><\/ul><p data-start=\"2292\" data-end=\"2436\">Nuestro enfoque se centra en elegir el tipo de brackets o alineadores que mejor se adapten a su estilo de vida, edad y objetivos de sonrisa.<\/p><h2 data-start=\"2443\" data-end=\"2472\">Comodidad y flexibilidad<\/h2><p data-start=\"2474\" data-end=\"2521\">Entendemos que su tiempo es valioso, por eso:<\/p><ul data-start=\"2522\" data-end=\"2793\"><li data-start=\"2522\" data-end=\"2595\"><p data-start=\"2524\" data-end=\"2595\">Ofrecemos horarios de lunes a s\u00e1bado para adaptarnos a su agenda.<\/p><\/li><li data-start=\"2596\" data-end=\"2682\"><p data-start=\"2598\" data-end=\"2682\">Contamos con opciones de financiamiento flexibles y planes de pago accesibles.<\/p><\/li><li data-start=\"2683\" data-end=\"2793\"><p data-start=\"2685\" data-end=\"2793\">Nos aseguramos de que cada cita sea puntual y eficiente para minimizar interrupciones en su rutina diaria.<\/p><\/li><\/ul><h2 data-start=\"2800\" data-end=\"2839\">Un ambiente acogedor y profesional<\/h2><p data-start=\"2841\" data-end=\"3103\">En nuestra pr\u00e1ctica, sonre\u00edr es natural. Creamos un ambiente divertido, amigable y seguro donde pacientes y familias se sienten bienvenidos desde el primer momento. Nuestro equipo combina experiencia y empat\u00eda para que cada visita sea positiva y educativa.<\/p><h2 data-start=\"3110\" data-end=\"3140\">\u00a1Comience a sonre\u00edr hoy mismo!<\/h2><p data-start=\"3142\" data-end=\"3464\">Cuando est\u00e9 listo para iniciar su tratamiento ortod\u00f3ncico y descubrir las mejores opciones para enderezar los dientes, contacte con nuestra oficina y <a href=\"https:\/\/orthodontiststudiocity.com\/request-an-appointment\/\">programe su consulta gratuita<\/a>. Nuestro objetivo es ayudarle a lograr una sonrisa hermosa y saludable que dure toda la vida.<\/p>\t\t\t\t\t\t\t\t<\/div>\n\t\t\t\t<\/div>\n\t\t\t\t\t<\/div>\n\t\t<\/div>\n\t\t\t\t\t<\/div>\n\t\t<\/section>\n\t\t\t\t<\/div>\n\t\t","protected":false},"excerpt":{"rendered":"<p>Bienvenidos a Studio City Orthodontist Studio City Orthodontist est\u00e1 comprometido con la salud y belleza de su sonrisa. Atendemos a ni\u00f1os, adolescentes y adultos en Studio City y \u00e1reas cercanas del Valle de San Fernando, incluyendo Sherman Oaks, Toluca Lake y North Hollywood. Nuestro objetivo es ofrecer tratamientos ortod\u00f3ncicos de alta calidad que no solo enderecen sus dientes, [&hellip;]<\/p>\n","protected":false},"author":2,"featured_media":6333,"parent":0,"menu_order":17,"comment_status":"closed","ping_status":"closed","template":"","meta":{"_seopress_robots_primary_cat":"","_seopress_titles_title":"Ortodoncista y aparatos ortop\u00e9dicos en Studio City, CA","_seopress_titles_desc":"Studio City Orthodontist ofrece brackets, brackets cer\u00e1micos e Invisalign, con atenci\u00f3n personalizada y planes de financiamiento flexibles para su sonrisa.","_seopress_robots_index":"","footnotes":""},"class_list":["post-6332","page","type-page","status-publish","has-post-thumbnail"],"_links":{"self":[{"href":"https:\/\/orthodontiststudiocity.com\/es\/wp-json\/wp\/v2\/pages\/6332","targetHints":{"allow":["GET"]}}],"collection":[{"href":"https:\/\/orthodontiststudiocity.com\/es\/wp-json\/wp\/v2\/pages"}],"about":[{"href":"https:\/\/orthodontiststudiocity.com\/es\/wp-json\/wp\/v2\/types\/page"}],"author":[{"embeddable":true,"href":"https:\/\/orthodontiststudiocity.com\/es\/wp-json\/wp\/v2\/users\/2"}],"replies":[{"embeddable":true,"href":"https:\/\/orthodontiststudiocity.com\/es\/wp-json\/wp\/v2\/comments?post=6332"}],"version-history":[{"count":1,"href":"https:\/\/orthodontiststudiocity.com\/es\/wp-json\/wp\/v2\/pages\/6332\/revisions"}],"predecessor-version":[{"id":6335,"href":"https:\/\/orthodontiststudiocity.com\/es\/wp-json\/wp\/v2\/pages\/6332\/revisions\/6335"}],"wp:featuredmedia":[{"embeddable":true,"href":"https:\/\/orthodontiststudiocity.com\/es\/wp-json\/wp\/v2\/media\/6333"}],"wp:attachment":[{"href":"https:\/\/orthodontiststudiocity.com\/es\/wp-json\/wp\/v2\/media?parent=6332"}],"curies":[{"name":"wp","href":"https:\/\/api.w.org\/{rel}","templated":true}]}}