{"id":6318,"date":"2025-09-22T23:48:21","date_gmt":"2025-09-22T23:48:21","guid":{"rendered":"https:\/\/orthodontiststudiocity.com\/antes-y-despues\/"},"modified":"2025-10-09T00:27:00","modified_gmt":"2025-10-09T00:27:00","slug":"antes-y-despues","status":"publish","type":"page","link":"https:\/\/orthodontiststudiocity.com\/es\/antes-y-despues\/","title":{"rendered":"Antes y despu\u00e9s"},"content":{"rendered":"\t\t<div data-elementor-type=\"wp-page\" data-elementor-id=\"6318\" class=\"elementor elementor-6318 elementor-5869\" data-elementor-post-type=\"page\">\n\t\t\t\t<div data-particle_enable=\"false\" data-particle-mobile-disabled=\"false\" class=\"elementor-element elementor-element-58ce2a7 e-flex e-con-boxed e-con e-parent\" data-id=\"58ce2a7\" data-element_type=\"container\" data-e-type=\"container\">\n\t\t\t\t\t<div class=\"e-con-inner\">\n\t\t\t\t<div class=\"elementor-element elementor-element-3f6ac6c elementor-widget elementor-widget-heading\" data-id=\"3f6ac6c\" data-element_type=\"widget\" data-e-type=\"widget\" data-widget_type=\"heading.default\">\n\t\t\t\t<div class=\"elementor-widget-container\">\n\t\t\t\t\t<h1 class=\"elementor-heading-title elementor-size-default\">Antes y despu\u00e9s del tratamiento de ortodoncia<\/h1>\t\t\t\t<\/div>\n\t\t\t\t<\/div>\n\t\t\t\t<div class=\"elementor-element elementor-element-427c586 elementor-widget elementor-widget-text-editor\" data-id=\"427c586\" data-element_type=\"widget\" data-e-type=\"widget\" data-widget_type=\"text-editor.default\">\n\t\t\t\t<div class=\"elementor-widget-container\">\n\t\t\t\t\t\t\t\t\t<p data-start=\"84\" data-end=\"399\">En Studio City Orthodontist, nos encanta mostrar las incre\u00edbles transformaciones que logran nuestros pacientes. Desde dientes m\u00e1s rectos hasta mordidas m\u00e1s saludables, cada sonrisa cuenta una historia de atenci\u00f3n personalizada y tratamiento de ortodoncia experto con <a href=\"https:\/\/orthodontiststudiocity.com\/types-of-braces\/\">brackets<\/a> o <a href=\"https:\/\/orthodontiststudiocity.com\/invisalign\/\">Invisalign<\/a>. \u00a1Navegue por nuestra galer\u00eda para ver resultados reales e imaginar las posibilidades para su propia sonrisa!<\/p>\t\t\t\t\t\t\t\t<\/div>\n\t\t\t\t<\/div>\n\t\t\t\t<div class=\"elementor-element elementor-element-8f9721c elementor-widget elementor-widget-gallery\" data-id=\"8f9721c\" data-element_type=\"widget\" data-e-type=\"widget\" data-settings=\"{&quot;columns&quot;:2,&quot;aspect_ratio&quot;:&quot;1:1&quot;,&quot;lazyload&quot;:&quot;yes&quot;,&quot;gallery_layout&quot;:&quot;grid&quot;,&quot;columns_tablet&quot;:2,&quot;columns_mobile&quot;:1,&quot;gap&quot;:{&quot;unit&quot;:&quot;px&quot;,&quot;size&quot;:10,&quot;sizes&quot;:[]},&quot;gap_tablet&quot;:{&quot;unit&quot;:&quot;px&quot;,&quot;size&quot;:10,&quot;sizes&quot;:[]},&quot;gap_mobile&quot;:{&quot;unit&quot;:&quot;px&quot;,&quot;size&quot;:10,&quot;sizes&quot;:[]},&quot;link_to&quot;:&quot;file&quot;,&quot;overlay_background&quot;:&quot;yes&quot;,&quot;content_hover_animation&quot;:&quot;fade-in&quot;}\" data-widget_type=\"gallery.default\">\n\t\t\t\t<div class=\"elementor-widget-container\">\n\t\t\t\t\t\t\t<div class=\"elementor-gallery__container\">\n\t\t\t\t\t\t\t<a class=\"e-gallery-item elementor-gallery-item elementor-animated-content\" href=\"https:\/\/orthodontiststudiocity.com\/wp-content\/uploads\/2025\/09\/before_after-1.jpg\" data-elementor-open-lightbox=\"yes\" data-elementor-lightbox-slideshow=\"8f9721c\" data-elementor-lightbox-title=\"Before_After-1\" data-e-action-hash=\"#elementor-action%3Aaction%3Dlightbox%26settings%3DeyJpZCI6NjMyMSwidXJsIjoiaHR0cHM6XC9cL29ydGhvZG9udGlzdHN0dWRpb2NpdHkuY29tXC93cC1jb250ZW50XC91cGxvYWRzXC8yMDI1XC8wOVwvYmVmb3JlX2FmdGVyLTEuanBnIiwic2xpZGVzaG93IjoiOGY5NzIxYyJ9\">\n\t\t\t\t\t<div class=\"e-gallery-image elementor-gallery-item__image\" data-thumbnail=\"https:\/\/orthodontiststudiocity.com\/wp-content\/uploads\/2025\/09\/before_after-1.jpg\" data-width=\"1250\" data-height=\"1250\" aria-label=\"Antes y despu\u00e9s del tratamiento de ortodoncia del ortodoncista de Studio City en Studio City, CA\" role=\"img\" ><\/div>\n\t\t\t\t\t\t\t\t\t\t\t<div class=\"elementor-gallery-item__overlay\"><\/div>\n\t\t\t\t\t\t\t\t\t\t\t\t\t\t<\/a>\n\t\t\t\t\t\t\t<a class=\"e-gallery-item elementor-gallery-item elementor-animated-content\" href=\"https:\/\/orthodontiststudiocity.com\/wp-content\/uploads\/2025\/09\/before_after-2.jpg\" data-elementor-open-lightbox=\"yes\" data-elementor-lightbox-slideshow=\"8f9721c\" data-elementor-lightbox-title=\"Before_After-2\" data-e-action-hash=\"#elementor-action%3Aaction%3Dlightbox%26settings%3DeyJpZCI6NjMyMiwidXJsIjoiaHR0cHM6XC9cL29ydGhvZG9udGlzdHN0dWRpb2NpdHkuY29tXC93cC1jb250ZW50XC91cGxvYWRzXC8yMDI1XC8wOVwvYmVmb3JlX2FmdGVyLTIuanBnIiwic2xpZGVzaG93IjoiOGY5NzIxYyJ9\">\n\t\t\t\t\t<div class=\"e-gallery-image elementor-gallery-item__image\" data-thumbnail=\"https:\/\/orthodontiststudiocity.com\/wp-content\/uploads\/2025\/09\/before_after-2.jpg\" data-width=\"1250\" data-height=\"1250\" aria-label=\"Antes y despu\u00e9s del tratamiento de ortodoncia del ortodoncista de Studio City en Studio City, CA\" role=\"img\" ><\/div>\n\t\t\t\t\t\t\t\t\t\t\t<div class=\"elementor-gallery-item__overlay\"><\/div>\n\t\t\t\t\t\t\t\t\t\t\t\t\t\t<\/a>\n\t\t\t\t\t\t\t<a class=\"e-gallery-item elementor-gallery-item elementor-animated-content\" href=\"https:\/\/orthodontiststudiocity.com\/wp-content\/uploads\/2025\/09\/before_after-3.jpg\" data-elementor-open-lightbox=\"yes\" data-elementor-lightbox-slideshow=\"8f9721c\" data-elementor-lightbox-title=\"Before_After-3\" data-e-action-hash=\"#elementor-action%3Aaction%3Dlightbox%26settings%3DeyJpZCI6NjMyMywidXJsIjoiaHR0cHM6XC9cL29ydGhvZG9udGlzdHN0dWRpb2NpdHkuY29tXC93cC1jb250ZW50XC91cGxvYWRzXC8yMDI1XC8wOVwvYmVmb3JlX2FmdGVyLTMuanBnIiwic2xpZGVzaG93IjoiOGY5NzIxYyJ9\">\n\t\t\t\t\t<div class=\"e-gallery-image elementor-gallery-item__image\" data-thumbnail=\"https:\/\/orthodontiststudiocity.com\/wp-content\/uploads\/2025\/09\/before_after-3.jpg\" data-width=\"1250\" data-height=\"1250\" aria-label=\"Antes y despu\u00e9s del tratamiento de ortodoncia del ortodoncista de Studio City en Studio City, CA\" role=\"img\" ><\/div>\n\t\t\t\t\t\t\t\t\t\t\t<div class=\"elementor-gallery-item__overlay\"><\/div>\n\t\t\t\t\t\t\t\t\t\t\t\t\t\t<\/a>\n\t\t\t\t\t\t\t<a class=\"e-gallery-item elementor-gallery-item elementor-animated-content\" href=\"https:\/\/orthodontiststudiocity.com\/wp-content\/uploads\/2025\/09\/before_after-4.jpg\" data-elementor-open-lightbox=\"yes\" data-elementor-lightbox-slideshow=\"8f9721c\" data-elementor-lightbox-title=\"Before_After-4\" data-e-action-hash=\"#elementor-action%3Aaction%3Dlightbox%26settings%3DeyJpZCI6NjMyNCwidXJsIjoiaHR0cHM6XC9cL29ydGhvZG9udGlzdHN0dWRpb2NpdHkuY29tXC93cC1jb250ZW50XC91cGxvYWRzXC8yMDI1XC8wOVwvYmVmb3JlX2FmdGVyLTQuanBnIiwic2xpZGVzaG93IjoiOGY5NzIxYyJ9\">\n\t\t\t\t\t<div class=\"e-gallery-image elementor-gallery-item__image\" data-thumbnail=\"https:\/\/orthodontiststudiocity.com\/wp-content\/uploads\/2025\/09\/before_after-4.jpg\" data-width=\"1250\" data-height=\"1250\" aria-label=\"Antes y despu\u00e9s del tratamiento de ortodoncia del ortodoncista de Studio City en Studio City, CA\" role=\"img\" ><\/div>\n\t\t\t\t\t\t\t\t\t\t\t<div class=\"elementor-gallery-item__overlay\"><\/div>\n\t\t\t\t\t\t\t\t\t\t\t\t\t\t<\/a>\n\t\t\t\t\t\t\t<a class=\"e-gallery-item elementor-gallery-item elementor-animated-content\" href=\"https:\/\/orthodontiststudiocity.com\/wp-content\/uploads\/2025\/09\/before_after-5.jpg\" data-elementor-open-lightbox=\"yes\" data-elementor-lightbox-slideshow=\"8f9721c\" data-elementor-lightbox-title=\"Before_After-5\" data-e-action-hash=\"#elementor-action%3Aaction%3Dlightbox%26settings%3DeyJpZCI6NjMyNSwidXJsIjoiaHR0cHM6XC9cL29ydGhvZG9udGlzdHN0dWRpb2NpdHkuY29tXC93cC1jb250ZW50XC91cGxvYWRzXC8yMDI1XC8wOVwvYmVmb3JlX2FmdGVyLTUuanBnIiwic2xpZGVzaG93IjoiOGY5NzIxYyJ9\">\n\t\t\t\t\t<div class=\"e-gallery-image elementor-gallery-item__image\" data-thumbnail=\"https:\/\/orthodontiststudiocity.com\/wp-content\/uploads\/2025\/09\/before_after-5.jpg\" data-width=\"1250\" data-height=\"1250\" aria-label=\"Antes y despu\u00e9s del tratamiento de ortodoncia del ortodoncista de Studio City en Studio City, CA\" role=\"img\" ><\/div>\n\t\t\t\t\t\t\t\t\t\t\t<div class=\"elementor-gallery-item__overlay\"><\/div>\n\t\t\t\t\t\t\t\t\t\t\t\t\t\t<\/a>\n\t\t\t\t\t\t\t<a class=\"e-gallery-item elementor-gallery-item elementor-animated-content\" href=\"https:\/\/orthodontiststudiocity.com\/wp-content\/uploads\/2025\/09\/before_after-6.jpg\" data-elementor-open-lightbox=\"yes\" data-elementor-lightbox-slideshow=\"8f9721c\" data-elementor-lightbox-title=\"Before_After-6\" data-e-action-hash=\"#elementor-action%3Aaction%3Dlightbox%26settings%3DeyJpZCI6NjMyNiwidXJsIjoiaHR0cHM6XC9cL29ydGhvZG9udGlzdHN0dWRpb2NpdHkuY29tXC93cC1jb250ZW50XC91cGxvYWRzXC8yMDI1XC8wOVwvYmVmb3JlX2FmdGVyLTYuanBnIiwic2xpZGVzaG93IjoiOGY5NzIxYyJ9\">\n\t\t\t\t\t<div class=\"e-gallery-image elementor-gallery-item__image\" data-thumbnail=\"https:\/\/orthodontiststudiocity.com\/wp-content\/uploads\/2025\/09\/before_after-6.jpg\" data-width=\"1250\" data-height=\"1250\" aria-label=\"Antes y despu\u00e9s del tratamiento de ortodoncia del ortodoncista de Studio City en Studio City, CA\" role=\"img\" ><\/div>\n\t\t\t\t\t\t\t\t\t\t\t<div class=\"elementor-gallery-item__overlay\"><\/div>\n\t\t\t\t\t\t\t\t\t\t\t\t\t\t<\/a>\n\t\t\t\t\t\t\t<a class=\"e-gallery-item elementor-gallery-item elementor-animated-content\" href=\"https:\/\/orthodontiststudiocity.com\/wp-content\/uploads\/2025\/09\/before_after-7.jpg\" data-elementor-open-lightbox=\"yes\" data-elementor-lightbox-slideshow=\"8f9721c\" data-elementor-lightbox-title=\"Before_After-7\" data-e-action-hash=\"#elementor-action%3Aaction%3Dlightbox%26settings%3DeyJpZCI6NjMyOCwidXJsIjoiaHR0cHM6XC9cL29ydGhvZG9udGlzdHN0dWRpb2NpdHkuY29tXC93cC1jb250ZW50XC91cGxvYWRzXC8yMDI1XC8wOVwvYmVmb3JlX2FmdGVyLTcuanBnIiwic2xpZGVzaG93IjoiOGY5NzIxYyJ9\">\n\t\t\t\t\t<div class=\"e-gallery-image elementor-gallery-item__image\" data-thumbnail=\"https:\/\/orthodontiststudiocity.com\/wp-content\/uploads\/2025\/09\/before_after-7.jpg\" data-width=\"1250\" data-height=\"1250\" aria-label=\"Antes y despu\u00e9s del tratamiento de ortodoncia del ortodoncista de Studio City en Studio City, CA\" role=\"img\" ><\/div>\n\t\t\t\t\t\t\t\t\t\t\t<div class=\"elementor-gallery-item__overlay\"><\/div>\n\t\t\t\t\t\t\t\t\t\t\t\t\t\t<\/a>\n\t\t\t\t\t\t\t<a class=\"e-gallery-item elementor-gallery-item elementor-animated-content\" href=\"https:\/\/orthodontiststudiocity.com\/wp-content\/uploads\/2025\/09\/before_after-8.jpg\" data-elementor-open-lightbox=\"yes\" data-elementor-lightbox-slideshow=\"8f9721c\" data-elementor-lightbox-title=\"Before_After-8\" data-e-action-hash=\"#elementor-action%3Aaction%3Dlightbox%26settings%3DeyJpZCI6NjMyOSwidXJsIjoiaHR0cHM6XC9cL29ydGhvZG9udGlzdHN0dWRpb2NpdHkuY29tXC93cC1jb250ZW50XC91cGxvYWRzXC8yMDI1XC8wOVwvYmVmb3JlX2FmdGVyLTguanBnIiwic2xpZGVzaG93IjoiOGY5NzIxYyJ9\">\n\t\t\t\t\t<div class=\"e-gallery-image elementor-gallery-item__image\" data-thumbnail=\"https:\/\/orthodontiststudiocity.com\/wp-content\/uploads\/2025\/09\/before_after-8.jpg\" data-width=\"1250\" data-height=\"1250\" aria-label=\"Antes y despu\u00e9s del tratamiento de ortodoncia del ortodoncista de Studio City en Studio City, CA\" role=\"img\" ><\/div>\n\t\t\t\t\t\t\t\t\t\t\t<div class=\"elementor-gallery-item__overlay\"><\/div>\n\t\t\t\t\t\t\t\t\t\t\t\t\t\t<\/a>\n\t\t\t\t\t\t\t<a class=\"e-gallery-item elementor-gallery-item elementor-animated-content\" href=\"https:\/\/orthodontiststudiocity.com\/wp-content\/uploads\/2025\/09\/before_after-9.jpg\" data-elementor-open-lightbox=\"yes\" data-elementor-lightbox-slideshow=\"8f9721c\" data-elementor-lightbox-title=\"Before_After-9\" data-e-action-hash=\"#elementor-action%3Aaction%3Dlightbox%26settings%3DeyJpZCI6NjMzMCwidXJsIjoiaHR0cHM6XC9cL29ydGhvZG9udGlzdHN0dWRpb2NpdHkuY29tXC93cC1jb250ZW50XC91cGxvYWRzXC8yMDI1XC8wOVwvYmVmb3JlX2FmdGVyLTkuanBnIiwic2xpZGVzaG93IjoiOGY5NzIxYyJ9\">\n\t\t\t\t\t<div class=\"e-gallery-image elementor-gallery-item__image\" data-thumbnail=\"https:\/\/orthodontiststudiocity.com\/wp-content\/uploads\/2025\/09\/before_after-9.jpg\" data-width=\"1250\" data-height=\"1250\" aria-label=\"Antes y despu\u00e9s del tratamiento de ortodoncia del ortodoncista de Studio City en Studio City, CA\" role=\"img\" ><\/div>\n\t\t\t\t\t\t\t\t\t\t\t<div class=\"elementor-gallery-item__overlay\"><\/div>\n\t\t\t\t\t\t\t\t\t\t\t\t\t\t<\/a>\n\t\t\t\t\t\t\t<a class=\"e-gallery-item elementor-gallery-item elementor-animated-content\" href=\"https:\/\/orthodontiststudiocity.com\/wp-content\/uploads\/2025\/09\/before_after-10.jpg\" data-elementor-open-lightbox=\"yes\" data-elementor-lightbox-slideshow=\"8f9721c\" data-elementor-lightbox-title=\"Before_After-10\" data-e-action-hash=\"#elementor-action%3Aaction%3Dlightbox%26settings%3DeyJpZCI6NjMzMSwidXJsIjoiaHR0cHM6XC9cL29ydGhvZG9udGlzdHN0dWRpb2NpdHkuY29tXC93cC1jb250ZW50XC91cGxvYWRzXC8yMDI1XC8wOVwvYmVmb3JlX2FmdGVyLTEwLmpwZyIsInNsaWRlc2hvdyI6IjhmOTcyMWMifQ%3D%3D\">\n\t\t\t\t\t<div class=\"e-gallery-image elementor-gallery-item__image\" data-thumbnail=\"https:\/\/orthodontiststudiocity.com\/wp-content\/uploads\/2025\/09\/before_after-10.jpg\" data-width=\"1250\" data-height=\"1250\" aria-label=\"Antes y despu\u00e9s del tratamiento de ortodoncia del ortodoncista de Studio City en Studio City, CA\" role=\"img\" ><\/div>\n\t\t\t\t\t\t\t\t\t\t\t<div class=\"elementor-gallery-item__overlay\"><\/div>\n\t\t\t\t\t\t\t\t\t\t\t\t\t\t<\/a>\n\t\t\t\t\t<\/div>\n\t\t\t\t\t<\/div>\n\t\t\t\t<\/div>\n\t\t\t\t\t<\/div>\n\t\t\t\t<\/div>\n\t\t\t\t<\/div>\n\t\t","protected":false},"excerpt":{"rendered":"<p>Antes y despu\u00e9s del tratamiento de ortodoncia En Studio City Orthodontist, nos encanta mostrar las incre\u00edbles transformaciones que logran nuestros pacientes. Desde dientes m\u00e1s rectos hasta mordidas m\u00e1s saludables, cada sonrisa cuenta una historia de atenci\u00f3n personalizada y tratamiento de ortodoncia experto con brackets o Invisalign. \u00a1Navegue por nuestra galer\u00eda para ver resultados reales e imaginar las posibilidades [&hellip;]<\/p>\n","protected":false},"author":2,"featured_media":6320,"parent":0,"menu_order":23,"comment_status":"closed","ping_status":"closed","template":"","meta":{"_seopress_robots_primary_cat":"","_seopress_titles_title":"Antes y despu\u00e9s del tratamiento de ortodoncia en Studio City, CA | Ortodoncista de Studio City","_seopress_titles_desc":"Vea los resultados del antes y el despu\u00e9s de los tratamientos de ortodoncia en Studio City Orthodontist, donde la atenci\u00f3n experta con brackets o Invisalign crea sonrisas saludables y seguras que duran.","_seopress_robots_index":"","footnotes":""},"class_list":["post-6318","page","type-page","status-publish","has-post-thumbnail"],"_links":{"self":[{"href":"https:\/\/orthodontiststudiocity.com\/es\/wp-json\/wp\/v2\/pages\/6318","targetHints":{"allow":["GET"]}}],"collection":[{"href":"https:\/\/orthodontiststudiocity.com\/es\/wp-json\/wp\/v2\/pages"}],"about":[{"href":"https:\/\/orthodontiststudiocity.com\/es\/wp-json\/wp\/v2\/types\/page"}],"author":[{"embeddable":true,"href":"https:\/\/orthodontiststudiocity.com\/es\/wp-json\/wp\/v2\/users\/2"}],"replies":[{"embeddable":true,"href":"https:\/\/orthodontiststudiocity.com\/es\/wp-json\/wp\/v2\/comments?post=6318"}],"version-history":[{"count":1,"href":"https:\/\/orthodontiststudiocity.com\/es\/wp-json\/wp\/v2\/pages\/6318\/revisions"}],"predecessor-version":[{"id":6334,"href":"https:\/\/orthodontiststudiocity.com\/es\/wp-json\/wp\/v2\/pages\/6318\/revisions\/6334"}],"wp:featuredmedia":[{"embeddable":true,"href":"https:\/\/orthodontiststudiocity.com\/es\/wp-json\/wp\/v2\/media\/6320"}],"wp:attachment":[{"href":"https:\/\/orthodontiststudiocity.com\/es\/wp-json\/wp\/v2\/media?parent=6318"}],"curies":[{"name":"wp","href":"https:\/\/api.w.org\/{rel}","templated":true}]}}