{"id":6317,"date":"2022-06-22T14:41:14","date_gmt":"2022-06-22T14:41:14","guid":{"rendered":"https:\/\/orthodontiststudiocity.com\/monitorizacion-dental\/"},"modified":"2025-10-09T00:27:06","modified_gmt":"2025-10-09T00:27:06","slug":"monitorizacion-dental","status":"publish","type":"page","link":"https:\/\/orthodontiststudiocity.com\/es\/monitorizacion-dental\/","title":{"rendered":"Monitorizaci\u00f3n dental"},"content":{"rendered":"\t\t<div data-elementor-type=\"wp-page\" data-elementor-id=\"6317\" class=\"elementor elementor-6317 elementor-3429\" data-elementor-post-type=\"page\">\n\t\t\t\t<div data-particle_enable=\"false\" data-particle-mobile-disabled=\"false\" class=\"elementor-element elementor-element-83f2f58 e-con-full e-flex e-con e-child\" data-id=\"83f2f58\" data-element_type=\"container\" data-e-type=\"container\">\n\t\t\t\t<div class=\"elementor-element elementor-element-5734104 elementor-widget__width-inherit elementor-widget elementor-widget-heading\" data-id=\"5734104\" data-element_type=\"widget\" data-e-type=\"widget\" data-widget_type=\"heading.default\">\n\t\t\t\t<div class=\"elementor-widget-container\">\n\t\t\t\t\t<h1 class=\"elementor-heading-title elementor-size-default\">Monitorizaci\u00f3n dental para tu tratamiento\n<\/h1>\t\t\t\t<\/div>\n\t\t\t\t<\/div>\n\t\t\t\t<\/div>\n\t\t\t\t<section data-particle_enable=\"false\" data-particle-mobile-disabled=\"false\" class=\"elementor-section elementor-top-section elementor-element elementor-element-8f2dcce elementor-section-boxed elementor-section-height-default elementor-section-height-default\" data-id=\"8f2dcce\" data-element_type=\"section\" data-e-type=\"section\">\n\t\t\t\t\t\t<div class=\"elementor-container elementor-column-gap-default\">\n\t\t\t\t\t<div class=\"elementor-column elementor-col-100 elementor-top-column elementor-element elementor-element-d6cbd0e\" data-id=\"d6cbd0e\" data-element_type=\"column\" data-e-type=\"column\">\n\t\t\t<div class=\"elementor-widget-wrap elementor-element-populated\">\n\t\t\t\t\t\t<div class=\"elementor-element elementor-element-bb95d9c elementor-widget elementor-widget-text-editor\" data-id=\"bb95d9c\" data-element_type=\"widget\" data-e-type=\"widget\" data-widget_type=\"text-editor.default\">\n\t\t\t\t<div class=\"elementor-widget-container\">\n\t\t\t\t\t\t\t\t\t<p data-start=\"431\" data-end=\"925\">En Studio City Orthodontist, sabemos que la vida es ajetreada. Entre la escuela, el trabajo, la familia y todo lo dem\u00e1s, puede ser dif\u00edcil encontrar tiempo para visitas frecuentes al ortodoncista. Por eso, nos enorgullece ofrecer Dental Monitoring, una potente aplicaci\u00f3n que lleva tu tratamiento de ortodoncia directamente a tu tel\u00e9fono. Con esta tecnolog\u00eda de vanguardia, el <a href=\"https:\/\/orthodontiststudiocity.com\/dr-oscar-reyna-blanco\/\">Dr. Oscar Reyna-Blanco<\/a> puede supervisar tu progreso de forma m\u00e1s estrecha y c\u00f3moda que nunca, mientras pasas menos tiempo en el consultorio y m\u00e1s tiempo disfrutando de la vida.   <\/p><h2 data-start=\"1004\" data-end=\"1043\">\u00bfQu\u00e9 es la aplicaci\u00f3n de monitorizaci\u00f3n dental?<\/h2><p data-start=\"1045\" data-end=\"1350\">La aplicaci\u00f3n Dental Monitoring es una herramienta f\u00e1cil de usar que te permite enviar fotos y v\u00eddeos seguros de tus dientes directamente a nuestra consulta durante tu tratamiento. Tanto si llevas <a href=\"https:\/\/orthodontiststudiocity.com\/invisalign\/\">alineadores transparentes Invisalign<\/a> como <a href=\"https:\/\/orthodontiststudiocity.com\/types-of-braces\/\">brackets<\/a>, Dental Monitoring nos permite realizar un seguimiento virtual de tu progreso entre citas. <\/p><p data-start=\"1352\" data-end=\"1635\">Tu tratamiento seguir\u00e1 comenzando con una consulta en el consultorio, donde el Dr. Reyna-Blanco recopilar\u00e1 la informaci\u00f3n necesaria para crear tu plan de ortodoncia personalizado. Despu\u00e9s de eso, la aplicaci\u00f3n nos permite reducir el n\u00famero de visitas en persona mediante el uso de tus escaneos para guiar tu progreso. <\/p>\t\t\t\t\t\t\t\t<\/div>\n\t\t\t\t<\/div>\n\t\t\t\t\t<\/div>\n\t\t<\/div>\n\t\t\t\t\t<\/div>\n\t\t<\/section>\n\t\t\t\t<section data-particle_enable=\"false\" data-particle-mobile-disabled=\"false\" class=\"elementor-section elementor-top-section elementor-element elementor-element-ea5e449 elementor-section-boxed elementor-section-height-default elementor-section-height-default\" data-id=\"ea5e449\" data-element_type=\"section\" data-e-type=\"section\">\n\t\t\t\t\t\t<div class=\"elementor-container elementor-column-gap-default\">\n\t\t\t\t\t<div class=\"elementor-column elementor-col-100 elementor-top-column elementor-element elementor-element-5a49d8a\" data-id=\"5a49d8a\" data-element_type=\"column\" data-e-type=\"column\">\n\t\t\t<div class=\"elementor-widget-wrap elementor-element-populated\">\n\t\t\t\t\t\t<div class=\"elementor-element elementor-element-42ab99a elementor-widget elementor-widget-video\" data-id=\"42ab99a\" data-element_type=\"widget\" data-e-type=\"widget\" data-settings=\"{&quot;youtube_url&quot;:&quot;https:\\\/\\\/youtu.be\\\/ooVLjbPjUfc&quot;,&quot;show_image_overlay&quot;:&quot;yes&quot;,&quot;image_overlay&quot;:{&quot;url&quot;:&quot;&quot;,&quot;id&quot;:&quot;&quot;,&quot;size&quot;:&quot;&quot;,&quot;alt&quot;:&quot;&quot;,&quot;source&quot;:&quot;library&quot;},&quot;video_type&quot;:&quot;youtube&quot;,&quot;controls&quot;:&quot;yes&quot;}\" data-widget_type=\"video.default\">\n\t\t\t\t<div class=\"elementor-widget-container\">\n\t\t\t\t\t\t\t<div class=\"elementor-wrapper elementor-open-inline\">\n\t\t\t<div class=\"elementor-video\"><\/div>\t\t<\/div>\n\t\t\t\t\t\t<\/div>\n\t\t\t\t<\/div>\n\t\t\t\t<div class=\"elementor-element elementor-element-0127a16 elementor-widget elementor-widget-text-editor\" data-id=\"0127a16\" data-element_type=\"widget\" data-e-type=\"widget\" data-widget_type=\"text-editor.default\">\n\t\t\t\t<div class=\"elementor-widget-container\">\n\t\t\t\t\t\t\t\t\t<h2 data-start=\"1642\" data-end=\"1679\">\u00bfC\u00f3mo funciona la monitorizaci\u00f3n dental?<\/h2><p data-start=\"1681\" data-end=\"1709\">Empezar es sencillo:<\/p><ol data-start=\"1711\" data-end=\"2359\"><li data-start=\"1711\" data-end=\"1860\"><p data-start=\"1714\" data-end=\"1860\">Configura tu cuenta: Al comienzo del tratamiento, nuestro equipo te ayudar\u00e1 a descargar y configurar la aplicaci\u00f3n Dental Monitoring en tu smartphone.<\/p><\/li><li data-start=\"1861\" data-end=\"1976\"><p data-start=\"1864\" data-end=\"1976\">Recibe retractores de mejillas: Te proporcionaremos retractores para ayudarte a tomar im\u00e1genes y v\u00eddeos claros de tus dientes.<\/p><\/li><li data-start=\"1977\" data-end=\"2205\"><p data-start=\"1980\" data-end=\"2205\">Env\u00eda escaneos semanales: Para los pacientes de Invisalign, enviar\u00e1s un escaneo r\u00e1pido cada semana. Seg\u00fan tus resultados, te informaremos si debes pasar a tu siguiente juego de alineadores o continuar con tu juego actual un poco m\u00e1s. <\/p><\/li><li data-start=\"2206\" data-end=\"2359\"><p data-start=\"2209\" data-end=\"2359\">Haz preguntas en cualquier momento: Tambi\u00e9n puedes enviar un escaneo si notas algo inusual, tienes alguna duda o simplemente quieres que te tranquilicemos sobre tu progreso.<\/p><\/li><\/ol><p data-start=\"2361\" data-end=\"2482\">Este proceso nos permite supervisar tu tratamiento de forma m\u00e1s eficiente y realizar ajustes oportunos cuando sea necesario.<\/p><h2 data-start=\"2489\" data-end=\"2523\">\u00bfPor qu\u00e9 elegir la monitorizaci\u00f3n dental?<\/h2><p data-start=\"2525\" data-end=\"2770\">El mayor beneficio de Dental Monitoring es la flexibilidad. Siempre que tengas servicio de telefon\u00eda m\u00f3vil, puedes enviar escaneos desde cualquier parte del mundo. Esto significa menos viajes al consultorio del ortodoncista sin comprometer la calidad de tu atenci\u00f3n.  <\/p><p data-start=\"2772\" data-end=\"2805\">Esto es especialmente \u00fatil para:<\/p><ul data-start=\"2807\" data-end=\"3098\"><li data-start=\"2807\" data-end=\"2846\"><p data-start=\"2809\" data-end=\"2846\">Estudiantes universitarios que est\u00e1n fuera de casa<\/p><\/li><li data-start=\"2847\" data-end=\"2892\"><p data-start=\"2849\" data-end=\"2892\">Adultos que viajan con frecuencia por trabajo<\/p><\/li><li data-start=\"2893\" data-end=\"2942\"><p data-start=\"2895\" data-end=\"2942\">Padres que compaginan los horarios de varios hijos<\/p><\/li><li data-start=\"2943\" data-end=\"2992\"><p data-start=\"2945\" data-end=\"2992\">Adolescentes que participan en actividades extraescolares<\/p><\/li><li data-start=\"2993\" data-end=\"3037\"><p data-start=\"2995\" data-end=\"3037\">Pacientes con transporte limitado<\/p><\/li><li data-start=\"3038\" data-end=\"3098\"><p data-start=\"3040\" data-end=\"3098\">Cualquier persona que quiera ahorrar tiempo y simplificar el tratamiento<\/p><\/li><\/ul><p data-start=\"3100\" data-end=\"3202\">Con Dental Monitoring, la atenci\u00f3n de ortodoncia se adapta a tu horario en lugar de al rev\u00e9s.<\/p><h2 data-start=\"3209\" data-end=\"3244\">\u00bfQui\u00e9n puede usar la monitorizaci\u00f3n dental?<\/h2><p data-start=\"3246\" data-end=\"3651\">Esta tecnolog\u00eda es ideal para Invisalign porque nos permite ver exactamente c\u00f3mo se est\u00e1n moviendo tus dientes y mantener el tratamiento avanzando sin visitas innecesarias al consultorio. En muchos casos, los pacientes que utilizan Dental Monitoring necesitan un 50% menos de citas en el consultorio, lo que hace que el proceso sea a\u00fan m\u00e1s c\u00f3modo.<\/p><h2 data-start=\"3658\" data-end=\"3697\">La atenci\u00f3n de ortodoncia es m\u00e1s f\u00e1cil desde cualquier lugar<\/h2><p data-start=\"3699\" data-end=\"4002\">Dental Monitoring est\u00e1 transformando la forma en que brindamos atenci\u00f3n de ortodoncia al hacerla m\u00e1s eficiente, flexible y centrada en el paciente. Con las citas virtuales de ortodoncia, puedes disfrutar de la misma atenci\u00f3n de alta calidad del Dr. Reyna-Blanco mientras ahorras tiempo y adaptas el tratamiento a tu estilo de vida con facilidad.<\/p><p data-start=\"4004\" data-end=\"4175\">Ponte en contacto con nuestra consulta hoy mismo para <a href=\"https:\/\/orthodontiststudiocity.com\/request-an-appointment\/\">programar tu consulta gratuita<\/a> y descubre c\u00f3mo Dental Monitoring para Invisalign o brackets puede revolucionar tu camino hacia la sonrisa.<\/p>\t\t\t\t\t\t\t\t<\/div>\n\t\t\t\t<\/div>\n\t\t\t\t\t<\/div>\n\t\t<\/div>\n\t\t\t\t\t<\/div>\n\t\t<\/section>\n\t\t\t\t<\/div>\n\t\t","protected":false},"excerpt":{"rendered":"<p>Monitorizaci\u00f3n dental para tu tratamiento En Studio City Orthodontist, sabemos que la vida es ajetreada. Entre la escuela, el trabajo, la familia y todo lo dem\u00e1s, puede ser dif\u00edcil encontrar tiempo para visitas frecuentes al ortodoncista. Por eso, nos enorgullece ofrecer Dental Monitoring, una potente aplicaci\u00f3n que lleva tu tratamiento de ortodoncia directamente a tu tel\u00e9fono. Con esta [&hellip;]<\/p>\n","protected":false},"author":2,"featured_media":6319,"parent":0,"menu_order":35,"comment_status":"closed","ping_status":"closed","template":"","meta":{"_seopress_robots_primary_cat":"","_seopress_titles_title":"Monitorizaci\u00f3n dental Studio City CA | Ortodoncista de Studio City","_seopress_titles_desc":"La monitorizaci\u00f3n dental permite a los pacientes realizar un seguimiento virtual del tratamiento de ortodoncia con un progreso preciso, menos visitas al consultorio y una atenci\u00f3n eficiente para los brackets o Invisalign.","_seopress_robots_index":"","footnotes":""},"class_list":["post-6317","page","type-page","status-publish","has-post-thumbnail"],"_links":{"self":[{"href":"https:\/\/orthodontiststudiocity.com\/es\/wp-json\/wp\/v2\/pages\/6317","targetHints":{"allow":["GET"]}}],"collection":[{"href":"https:\/\/orthodontiststudiocity.com\/es\/wp-json\/wp\/v2\/pages"}],"about":[{"href":"https:\/\/orthodontiststudiocity.com\/es\/wp-json\/wp\/v2\/types\/page"}],"author":[{"embeddable":true,"href":"https:\/\/orthodontiststudiocity.com\/es\/wp-json\/wp\/v2\/users\/2"}],"replies":[{"embeddable":true,"href":"https:\/\/orthodontiststudiocity.com\/es\/wp-json\/wp\/v2\/comments?post=6317"}],"version-history":[{"count":1,"href":"https:\/\/orthodontiststudiocity.com\/es\/wp-json\/wp\/v2\/pages\/6317\/revisions"}],"predecessor-version":[{"id":6327,"href":"https:\/\/orthodontiststudiocity.com\/es\/wp-json\/wp\/v2\/pages\/6317\/revisions\/6327"}],"wp:featuredmedia":[{"embeddable":true,"href":"https:\/\/orthodontiststudiocity.com\/es\/wp-json\/wp\/v2\/media\/6319"}],"wp:attachment":[{"href":"https:\/\/orthodontiststudiocity.com\/es\/wp-json\/wp\/v2\/media?parent=6317"}],"curies":[{"name":"wp","href":"https:\/\/api.w.org\/{rel}","templated":true}]}}